{"id":98,"date":"2020-08-22T18:16:38","date_gmt":"2020-08-23T00:16:38","guid":{"rendered":"http:\/\/divorcebettertexas.com\/?page_id=98"},"modified":"2022-01-06T21:26:19","modified_gmt":"2022-01-07T03:26:19","slug":"family-law-mediation","status":"publish","type":"page","link":"https:\/\/divorcebettertexas.com\/es\/what-we-do\/divorce-legal-services\/family-law-mediation\/","title":{"rendered":"Mediaci\u00f3n en Derecho Familiar"},"content":{"rendered":"<p>La estructura de divorcio convencional enfrenta a los c\u00f3nyuges entre s\u00ed y obliga a cada uno de ellos a contratar a un abogado para que hable en su nombre, lo que en \u00faltima instancia da lugar a que sean unos desconocidos los que decidan qu\u00e9 es lo mejor para la familia.<\/p>\n<p>Este proceso no s\u00f3lo es incre\u00edblemente caro, sino que tambi\u00e9n lleva mucho tiempo, y puede dejar a las familias m\u00e1s destruidas -especialmente a los ni\u00f1os- que cuando empezaron.<\/p>\n<p><img decoding=\"async\" class=\"alignleft wp-image-269 size-full\" src=\"https:\/\/divorcebettertexas.com\/wp-content\/uploads\/2020\/10\/divorce-mediation-2-300x200.jpg\" alt=\"\" \/>No tiene por qu\u00e9 ser as\u00ed. En lugar de contratar a dos abogados para negociar los t\u00e9rminos de su divorcio, una familia puede decidir por s\u00ed misma. En lugar de entrar en el proceso como enemigos, pueden sentarse con un abogado-mediador neutral que puede ayudar a guiarlos a trav\u00e9s de las cuestiones que usted y su pareja deben abordar con el fin de divorciarse con \u00e9xito, sentando las bases para una relaci\u00f3n exitosa despu\u00e9s del divorcio, en beneficio de los ni\u00f1os.<\/p>\n<p>No tienen que ser Gwyneth y Chris, o candidatos a una desvinculaci\u00f3n consciente, para que nuestro proceso funcione. La verdad es que no tienen que seguir am\u00e1ndose- <a href=\"https:\/\/divorcebettertexas.com\/es\/frequently-asked-questions\/#6\">o incluso gust\u00e1ndose<\/a>&#8211; each other to do it differently, better. You can divorce better- less money, less time and less emotional trauma. A better way to- and through- divorce.<\/p>\n<p>Nuestro <a href=\"https:\/\/divorcebettertexas.com\/es\/pricing\/#guided-divorce-package\">paquete de Divorcio Guiado<\/a> ofrece la posibilidad de divorciarse por una tarifa plana que es menor que el costo de un solo abogado de divorcio en un divorcio impugnado. Tambi\u00e9n ofrecemos un paquete de mediaci\u00f3n adaptado espec\u00edficamente a las familias que necesitan modificar una sentencia de divorcio existente. Una abogada-mediadora puede utilizar sus conocimientos legales y sus habilidades de mediaci\u00f3n para guiar a una familia a trav\u00e9s y hacia el divorcio, o modificar su decreto despu\u00e9s del divorcio, como una tercera parte neutral. Y otro abogado con licencia de Texas preparar\u00e1 sus expedientes judiciales.<\/p>\n<p>Una mejor manera de divorciarse.<\/p>","protected":false},"excerpt":{"rendered":"<p>The conventional divorce structure pits spouses against one another and forces each of them to hire a lawyer to speak on their behalf, ultimately resulting in strangers deciding what is in their family&#8217;s best interests&#8230;.<\/p>\n<div class=\"button-div\"><a href=\"https:\/\/divorcebettertexas.com\/es\/what-we-do\/divorce-legal-services\/family-law-mediation\/\" class=\"button-read\">Leer m\u00e1s<\/a><\/div>","protected":false},"author":1,"featured_media":398,"parent":96,"menu_order":1,"comment_status":"closed","ping_status":"closed","template":"page-template\/full-width-5.php","meta":{"footnotes":""},"class_list":["post-98","page","type-page","status-publish","has-post-thumbnail","hentry"],"yoast_head":"<!-- This site is optimized with the Yoast SEO plugin v26.6 - https:\/\/yoast.com\/wordpress\/plugins\/seo\/ -->\n<title>Family Law Mediation - Affordable divorce in Houston, TX<\/title>\n<meta name=\"description\" content=\"Family Law Mediation - Affordable divorce in Houston, TX - value divorce lawyer - uncontested divorce Houston - family mediation Houston.\" \/>\n<meta name=\"robots\" content=\"index, follow, max-snippet:-1, max-image-preview:large, max-video-preview:-1\" \/>\n<link rel=\"canonical\" href=\"https:\/\/divorcebettertexas.com\/es\/what-we-do\/divorce-legal-services\/family-law-mediation\/\" \/>\n<meta property=\"og:locale\" content=\"es_ES\" \/>\n<meta property=\"og:type\" content=\"article\" \/>\n<meta property=\"og:title\" content=\"Family Law Mediation - Affordable divorce in Houston, TX\" \/>\n<meta property=\"og:description\" content=\"Family Law Mediation - Affordable divorce in Houston, TX - value divorce lawyer - uncontested divorce Houston - family mediation Houston.\" \/>\n<meta property=\"og:url\" content=\"https:\/\/divorcebettertexas.com\/es\/what-we-do\/divorce-legal-services\/family-law-mediation\/\" \/>\n<meta property=\"og:site_name\" content=\"Divorce Better\" \/>\n<meta property=\"article:modified_time\" content=\"2022-01-07T03:26:19+00:00\" \/>\n<meta property=\"og:image\" content=\"https:\/\/divorcebettertexas.com\/wp-content\/uploads\/2020\/09\/Happy-Endings-India-Edition.jpg\" \/>\n\t<meta property=\"og:image:width\" content=\"800\" \/>\n\t<meta property=\"og:image:height\" content=\"533\" \/>\n\t<meta property=\"og:image:type\" content=\"image\/jpeg\" \/>\n<meta name=\"twitter:card\" content=\"summary_large_image\" \/>\n<meta name=\"twitter:label1\" content=\"Est. reading time\" \/>\n\t<meta name=\"twitter:data1\" content=\"1 minute\" \/>\n<script type=\"application\/ld+json\" class=\"yoast-schema-graph\">{\"@context\":\"https:\/\/schema.org\",\"@graph\":[{\"@type\":\"WebPage\",\"@id\":\"https:\/\/divorcebettertexas.com\/what-we-do\/divorce-legal-services\/family-law-mediation\/\",\"url\":\"https:\/\/divorcebettertexas.com\/what-we-do\/divorce-legal-services\/family-law-mediation\/\",\"name\":\"Family Law Mediation - Affordable divorce in Houston, TX\",\"isPartOf\":{\"@id\":\"https:\/\/divorcebettertexas.com\/#website\"},\"primaryImageOfPage\":{\"@id\":\"https:\/\/divorcebettertexas.com\/what-we-do\/divorce-legal-services\/family-law-mediation\/#primaryimage\"},\"image\":{\"@id\":\"https:\/\/divorcebettertexas.com\/what-we-do\/divorce-legal-services\/family-law-mediation\/#primaryimage\"},\"thumbnailUrl\":\"https:\/\/divorcebettertexas.com\/wp-content\/uploads\/2020\/09\/Happy-Endings-India-Edition.jpg\",\"description\":\"Family Law Mediation - Affordable divorce in Houston, TX - value divorce lawyer - uncontested divorce Houston - family mediation Houston.\",\"breadcrumb\":{\"@id\":\"https:\/\/divorcebettertexas.com\/what-we-do\/divorce-legal-services\/family-law-mediation\/#breadcrumb\"},\"inLanguage\":\"es-ES\",\"potentialAction\":[{\"@type\":\"ReadAction\",\"target\":[\"https:\/\/divorcebettertexas.com\/what-we-do\/divorce-legal-services\/family-law-mediation\/\"]}]},{\"@type\":\"ImageObject\",\"inLanguage\":\"es-ES\",\"@id\":\"https:\/\/divorcebettertexas.com\/what-we-do\/divorce-legal-services\/family-law-mediation\/#primaryimage\",\"url\":\"https:\/\/divorcebettertexas.com\/wp-content\/uploads\/2020\/09\/Happy-Endings-India-Edition.jpg\",\"contentUrl\":\"https:\/\/divorcebettertexas.com\/wp-content\/uploads\/2020\/09\/Happy-Endings-India-Edition.jpg\",\"width\":800,\"height\":533,\"caption\":\"Family Law Mediation\"},{\"@type\":\"BreadcrumbList\",\"@id\":\"https:\/\/divorcebettertexas.com\/what-we-do\/divorce-legal-services\/family-law-mediation\/#breadcrumb\",\"itemListElement\":[{\"@type\":\"ListItem\",\"position\":1,\"name\":\"Home\",\"item\":\"https:\/\/divorcebettertexas.com\/\"},{\"@type\":\"ListItem\",\"position\":2,\"name\":\"What We Do\",\"item\":\"https:\/\/divorcebettertexas.com\/what-we-do\/\"},{\"@type\":\"ListItem\",\"position\":3,\"name\":\"Divorce Legal Services\",\"item\":\"https:\/\/divorcebettertexas.com\/what-we-do\/divorce-legal-services\/\"},{\"@type\":\"ListItem\",\"position\":4,\"name\":\"Family Law Mediation\"}]},{\"@type\":\"WebSite\",\"@id\":\"https:\/\/divorcebettertexas.com\/#website\",\"url\":\"https:\/\/divorcebettertexas.com\/\",\"name\":\"Divorce Better\",\"description\":\"\",\"publisher\":{\"@id\":\"https:\/\/divorcebettertexas.com\/#organization\"},\"potentialAction\":[{\"@type\":\"SearchAction\",\"target\":{\"@type\":\"EntryPoint\",\"urlTemplate\":\"https:\/\/divorcebettertexas.com\/?s={search_term_string}\"},\"query-input\":{\"@type\":\"PropertyValueSpecification\",\"valueRequired\":true,\"valueName\":\"search_term_string\"}}],\"inLanguage\":\"es-ES\"},{\"@type\":\"Organization\",\"@id\":\"https:\/\/divorcebettertexas.com\/#organization\",\"name\":\"Divorce Better\",\"url\":\"https:\/\/divorcebettertexas.com\/\",\"logo\":{\"@type\":\"ImageObject\",\"inLanguage\":\"es-ES\",\"@id\":\"https:\/\/divorcebettertexas.com\/#\/schema\/logo\/image\/\",\"url\":\"https:\/\/divorcebettertexas.com\/wp-content\/uploads\/2020\/08\/logo-80h.png\",\"contentUrl\":\"https:\/\/divorcebettertexas.com\/wp-content\/uploads\/2020\/08\/logo-80h.png\",\"width\":210,\"height\":80,\"caption\":\"Divorce Better\"},\"image\":{\"@id\":\"https:\/\/divorcebettertexas.com\/#\/schema\/logo\/image\/\"}}]}<\/script>\n<!-- \/ Yoast SEO plugin. -->","yoast_head_json":{"title":"Family Law Mediation - Affordable divorce in Houston, TX","description":"Family Law Mediation - Affordable divorce in Houston, TX - value divorce lawyer - uncontested divorce Houston - family mediation Houston.","robots":{"index":"index","follow":"follow","max-snippet":"max-snippet:-1","max-image-preview":"max-image-preview:large","max-video-preview":"max-video-preview:-1"},"canonical":"https:\/\/divorcebettertexas.com\/es\/what-we-do\/divorce-legal-services\/family-law-mediation\/","og_locale":"es_ES","og_type":"article","og_title":"Family Law Mediation - Affordable divorce in Houston, TX","og_description":"Family Law Mediation - Affordable divorce in Houston, TX - value divorce lawyer - uncontested divorce Houston - family mediation Houston.","og_url":"https:\/\/divorcebettertexas.com\/es\/what-we-do\/divorce-legal-services\/family-law-mediation\/","og_site_name":"Divorce Better","article_modified_time":"2022-01-07T03:26:19+00:00","og_image":[{"width":800,"height":533,"url":"https:\/\/divorcebettertexas.com\/wp-content\/uploads\/2020\/09\/Happy-Endings-India-Edition.jpg","type":"image\/jpeg"}],"twitter_card":"summary_large_image","twitter_misc":{"Est. reading time":"1 minute"},"schema":{"@context":"https:\/\/schema.org","@graph":[{"@type":"WebPage","@id":"https:\/\/divorcebettertexas.com\/what-we-do\/divorce-legal-services\/family-law-mediation\/","url":"https:\/\/divorcebettertexas.com\/what-we-do\/divorce-legal-services\/family-law-mediation\/","name":"Family Law Mediation - Affordable divorce in Houston, TX","isPartOf":{"@id":"https:\/\/divorcebettertexas.com\/#website"},"primaryImageOfPage":{"@id":"https:\/\/divorcebettertexas.com\/what-we-do\/divorce-legal-services\/family-law-mediation\/#primaryimage"},"image":{"@id":"https:\/\/divorcebettertexas.com\/what-we-do\/divorce-legal-services\/family-law-mediation\/#primaryimage"},"thumbnailUrl":"https:\/\/divorcebettertexas.com\/wp-content\/uploads\/2020\/09\/Happy-Endings-India-Edition.jpg","description":"Family Law Mediation - Affordable divorce in Houston, TX - value divorce lawyer - uncontested divorce Houston - family mediation Houston.","breadcrumb":{"@id":"https:\/\/divorcebettertexas.com\/what-we-do\/divorce-legal-services\/family-law-mediation\/#breadcrumb"},"inLanguage":"es-ES","potentialAction":[{"@type":"ReadAction","target":["https:\/\/divorcebettertexas.com\/what-we-do\/divorce-legal-services\/family-law-mediation\/"]}]},{"@type":"ImageObject","inLanguage":"es-ES","@id":"https:\/\/divorcebettertexas.com\/what-we-do\/divorce-legal-services\/family-law-mediation\/#primaryimage","url":"https:\/\/divorcebettertexas.com\/wp-content\/uploads\/2020\/09\/Happy-Endings-India-Edition.jpg","contentUrl":"https:\/\/divorcebettertexas.com\/wp-content\/uploads\/2020\/09\/Happy-Endings-India-Edition.jpg","width":800,"height":533,"caption":"Family Law Mediation"},{"@type":"BreadcrumbList","@id":"https:\/\/divorcebettertexas.com\/what-we-do\/divorce-legal-services\/family-law-mediation\/#breadcrumb","itemListElement":[{"@type":"ListItem","position":1,"name":"Home","item":"https:\/\/divorcebettertexas.com\/"},{"@type":"ListItem","position":2,"name":"What We Do","item":"https:\/\/divorcebettertexas.com\/what-we-do\/"},{"@type":"ListItem","position":3,"name":"Divorce Legal Services","item":"https:\/\/divorcebettertexas.com\/what-we-do\/divorce-legal-services\/"},{"@type":"ListItem","position":4,"name":"Family Law Mediation"}]},{"@type":"WebSite","@id":"https:\/\/divorcebettertexas.com\/#website","url":"https:\/\/divorcebettertexas.com\/","name":"Divorcio Econ\u00f3mico Texas","description":"","publisher":{"@id":"https:\/\/divorcebettertexas.com\/#organization"},"potentialAction":[{"@type":"SearchAction","target":{"@type":"EntryPoint","urlTemplate":"https:\/\/divorcebettertexas.com\/?s={search_term_string}"},"query-input":{"@type":"PropertyValueSpecification","valueRequired":true,"valueName":"search_term_string"}}],"inLanguage":"es-ES"},{"@type":"Organization","@id":"https:\/\/divorcebettertexas.com\/#organization","name":"Divorcio Econ\u00f3mico Texas","url":"https:\/\/divorcebettertexas.com\/","logo":{"@type":"ImageObject","inLanguage":"es-ES","@id":"https:\/\/divorcebettertexas.com\/#\/schema\/logo\/image\/","url":"https:\/\/divorcebettertexas.com\/wp-content\/uploads\/2020\/08\/logo-80h.png","contentUrl":"https:\/\/divorcebettertexas.com\/wp-content\/uploads\/2020\/08\/logo-80h.png","width":210,"height":80,"caption":"Divorce Better"},"image":{"@id":"https:\/\/divorcebettertexas.com\/#\/schema\/logo\/image\/"}}]}},"_links":{"self":[{"href":"https:\/\/divorcebettertexas.com\/es\/wp-json\/wp\/v2\/pages\/98","targetHints":{"allow":["GET"]}}],"collection":[{"href":"https:\/\/divorcebettertexas.com\/es\/wp-json\/wp\/v2\/pages"}],"about":[{"href":"https:\/\/divorcebettertexas.com\/es\/wp-json\/wp\/v2\/types\/page"}],"author":[{"embeddable":true,"href":"https:\/\/divorcebettertexas.com\/es\/wp-json\/wp\/v2\/users\/1"}],"replies":[{"embeddable":true,"href":"https:\/\/divorcebettertexas.com\/es\/wp-json\/wp\/v2\/comments?post=98"}],"version-history":[{"count":22,"href":"https:\/\/divorcebettertexas.com\/es\/wp-json\/wp\/v2\/pages\/98\/revisions"}],"predecessor-version":[{"id":1111,"href":"https:\/\/divorcebettertexas.com\/es\/wp-json\/wp\/v2\/pages\/98\/revisions\/1111"}],"up":[{"embeddable":true,"href":"https:\/\/divorcebettertexas.com\/es\/wp-json\/wp\/v2\/pages\/96"}],"wp:featuredmedia":[{"embeddable":true,"href":"https:\/\/divorcebettertexas.com\/es\/wp-json\/wp\/v2\/media\/398"}],"wp:attachment":[{"href":"https:\/\/divorcebettertexas.com\/es\/wp-json\/wp\/v2\/media?parent=98"}],"curies":[{"name":"wp","href":"https:\/\/api.w.org\/{rel}","templated":true}]}}