{"id":96,"date":"2020-08-22T18:16:21","date_gmt":"2020-08-23T00:16:21","guid":{"rendered":"http:\/\/divorcebettertexas.com\/?page_id=96"},"modified":"2024-10-28T20:15:25","modified_gmt":"2024-10-29T02:15:25","slug":"divorce-legal-services","status":"publish","type":"page","link":"https:\/\/divorcebettertexas.com\/es\/what-we-do\/divorce-legal-services\/","title":{"rendered":"Servicios Legales de Divorcio"},"content":{"rendered":"<p>Estamos comprometidos a proporcionar a las familias de Texas servicios de divorcio de alta calidad a un precio econ\u00f3mico. Hacemos esto utilizando marcos menos convencionales y m\u00e1s eficientes para divorciarse o revisar los t\u00e9rminos de un decreto de divorcio existente. Podemos ayudarle haciendo todo, desde la revisi\u00f3n de los documentos de divorcio existentes hasta la prestaci\u00f3n de asesoramiento jur\u00eddico y representaci\u00f3n, todo por una sola tarifa plana.<\/p>\n<h2>Asesoramiento a las Partes Pro Se<\/h2>\n<p>Hace veinte a\u00f1os, era casi imposible divorciarse sin un abogado. Ahora, gracias a la proliferaci\u00f3n de <a href=\"https:\/\/texaslawhelp.org\/faq\/how-long-will-my-divorce-take\" target=\"_blank\" rel=\"noopener\">s\u00f3lidos formularios legales<\/a>, es mucho m\u00e1s f\u00e1cil \"hacer\" su divorcio.<\/p>\n<p>Dicho esto, cada familia es diferente, y si quiere algo que se desv\u00ede de lo est\u00e1ndar, puede tener problemas. Por ejemplo, es posible que un juez no le permita aumentar o disminuir significativamente la f\u00f3rmula utilizada para determinar la manutenci\u00f3n de los hijos.<\/p>\n<p>Adem\u00e1s, puede estar perjudicando involuntariamente sus propios intereses, si no es consciente de lo que le corresponde. Por ejemplo, si no sabe c\u00f3mo superar la presunci\u00f3n de que todos los bienes adquiridos durante el matrimonio son bienes gananciales (y, por lo tanto, son propiedad de ambos c\u00f3nyuges a partes iguales), puede estar renunciando, sin saberlo, a sus derechos sobre bienes de gran valor.<\/p>\n<p>Ofrecemos nuestro servicio de <a href=\"https:\/\/divorcebettertexas.com\/es\/pricing\/#diy-divorce-assistance\">Asistencia de Divorcio Hazlo T\u00fa Mismo<\/a> service for $980, whereby an attorney reviews your completed divorce documents and provides you with written comments and a one-hour consult to ensure that your divorce doesn\u2019t up costing you more than you bargained for.<\/p>\n<h2>Divorcios no disputados<\/h2>\n<p><img decoding=\"async\" class=\"alignleft size-full\" src=\"https:\/\/divorcebettertexas.com\/wp-content\/uploads\/2020\/12\/uncontested-divorce.jpg\" alt=\"\" \/>Un divorcio de mutuo acuerdo se produce cuando una pareja se compromete a trabajar para llegar a acuerdos sobre las cuestiones que deben resolverse en un divorcio (como la divisi\u00f3n de los bienes y las deudas, y, cuando hay ni\u00f1os, la crianza de los hijos y los acuerdos de apoyo) - sin la intervenci\u00f3n de un juez.<\/p>\n<p>Este es el marco en el que, como abogados-mediadores, podemos ayudar a las parejas a resolver las cuestiones importantes necesarias para el divorcio, plasmadas en un Acuerdo de Mediaci\u00f3n legalmente vinculante. Pero actuando como abogados (a diferencia de los abogados-mediadores), podemos trabajar dentro de este mismo marco para ayudarle a conseguir el divorcio de forma rentable.<\/p>\n<h2>Divorcio colaborativo<\/h2>\n<p><img decoding=\"async\" class=\"alignleft size-full\" src=\"https:\/\/divorcebettertexas.com\/wp-content\/uploads\/2020\/12\/collaborative-divorce.jpg\" alt=\"\" style=\"margin-bottom: 8px;\" \/>El divorcio colaborativo es una alternativa tanto al divorcio tradicional como al divorcio de mutuo acuerdo. El divorcio colaborativo se diferencia del divorcio de mutuo acuerdo en que se considera \"impugnado\", lo que significa que hay desacuerdos que las partes no han podido resolver por s\u00ed mismas y reconocen que necesitar\u00e1n ayuda. Sin embargo, a diferencia del divorcio tradicional, las partes no est\u00e1n tan alejadas en las cuestiones como para no estar dispuestas a someterlas a la decisi\u00f3n de un juez (o \u00e1rbitro o jurado) y tener que vivir con el resultado.<br \/>\nAlgunas de las caracter\u00edsticas clave del proceso de divorcio colaborativo son:<\/p>\n<ul>\n<li>Las partes, cada una con su propio abogado, definen las cuestiones a decidir y acuerdan por unanimidad una resoluci\u00f3n, o un medio de resoluci\u00f3n, para cada cuesti\u00f3n; no se alcanza ninguna resoluci\u00f3n sin el acuerdo de todas las partes.<\/li>\n<li>Intercambio mutuo de toda la informaci\u00f3n relevante para la disputa, protegida de la divulgaci\u00f3n fuera del proceso de colaboraci\u00f3n, y sin los costes de los procedimientos formales de descubrimiento.<\/li>\n<li>Las partes controlan el resultado final; generalmente se evita la dependencia de la decisi\u00f3n arbitraria de un juez, un jurado o un \u00e1rbitro, y las partes tienen la capacidad de elaborar soluciones creativas que no ser\u00edan posibles a trav\u00e9s del litigio o el arbitraje.<\/li>\n<li>No hay tribunal, excepto para finalizar el acuerdo de las partes cuando sea necesario.<\/li>\n<li>Dado que las propias partes controlan tanto las cuestiones a resolver como el resultado final, las partes tambi\u00e9n controlan directamente los costes implicados.<\/li>\n<li>En el caso de un impasse en uno o m\u00e1s asuntos en el proceso colaborativo, las partes pueden elegir entre la mediaci\u00f3n o el arbitraje de sus asuntos en disputa.<\/li>\n<\/ul>\n<p>El proceso de divorcio colaborativo requiere un esfuerzo de equipo entre las partes, los abogados y los expertos externos necesarios para recibir los beneficios del proceso. Usted y su c\u00f3nyuge deben tener cada uno un abogado, lo que aumenta los costes y el tiempo que llevar\u00e1 el divorcio (en contraste con el paradigma del divorcio mediado).<\/p>\n<p>Sin embargo, el proceso de divorcio colaborativo est\u00e1 espec\u00edficamente dise\u00f1ado para ser menos destructivo en las relaciones familiares que el litigio adverso tradicional. Esto ayuda a facilitar una mejor coparentalidad futura y las relaciones entre padres e hijos despu\u00e9s del divorcio.<\/p>\n<p>Debido a que este modelo no se presta a la estructura de tarifa plana, s\u00f3lo ofrecemos este servicio de divorcio contencioso de forma limitada. Sin embargo, si no podemos representarle, estaremos encantados de proporcionarle una lista de otros abogados a los que podemos recomendar con toda sinceridad.<\/p>","protected":false},"excerpt":{"rendered":"<p>We are committed to providing Texas families high-quality divorce services at an affordable price. We do this by using less conventional, more efficient frameworks to divorce or revisit the terms of an existing divorce decree&#8230;.<\/p>\n<div class=\"button-div\"><a href=\"https:\/\/divorcebettertexas.com\/es\/what-we-do\/divorce-legal-services\/\" class=\"button-read\">Leer m\u00e1s<\/a><\/div>","protected":false},"author":1,"featured_media":465,"parent":76,"menu_order":2,"comment_status":"closed","ping_status":"closed","template":"page-template\/full-width-5.php","meta":{"footnotes":""},"class_list":["post-96","page","type-page","status-publish","has-post-thumbnail","hentry"],"yoast_head":"<!-- This site is optimized with the Yoast SEO plugin v26.6 - https:\/\/yoast.com\/wordpress\/plugins\/seo\/ -->\n<title>Divorce Legal Services - Affordable divorce in Houston, TX<\/title>\n<meta name=\"description\" content=\"Divorce Legal Services - Affordable divorce in Houston, TX - value divorce lawyer - uncontested divorce Houston - family mediation Houston.\" \/>\n<meta name=\"robots\" content=\"index, follow, max-snippet:-1, max-image-preview:large, max-video-preview:-1\" \/>\n<link rel=\"canonical\" href=\"https:\/\/divorcebettertexas.com\/es\/what-we-do\/divorce-legal-services\/\" \/>\n<meta property=\"og:locale\" content=\"es_ES\" \/>\n<meta property=\"og:type\" content=\"article\" \/>\n<meta property=\"og:title\" content=\"Divorce Legal Services - Affordable divorce in Houston, TX\" \/>\n<meta property=\"og:description\" content=\"Divorce Legal Services - Affordable divorce in Houston, TX - value divorce lawyer - uncontested divorce Houston - family mediation Houston.\" \/>\n<meta property=\"og:url\" content=\"https:\/\/divorcebettertexas.com\/es\/what-we-do\/divorce-legal-services\/\" \/>\n<meta property=\"og:site_name\" content=\"Divorce Better\" \/>\n<meta property=\"article:modified_time\" content=\"2024-10-29T02:15:25+00:00\" \/>\n<meta property=\"og:image\" content=\"https:\/\/divorcebettertexas.com\/wp-content\/uploads\/2020\/10\/1-free-consult.jpg\" \/>\n\t<meta property=\"og:image:width\" content=\"370\" \/>\n\t<meta property=\"og:image:height\" content=\"276\" \/>\n\t<meta property=\"og:image:type\" content=\"image\/jpeg\" \/>\n<meta name=\"twitter:card\" content=\"summary_large_image\" \/>\n<meta name=\"twitter:title\" content=\"Divorce Legal Services - Affordable divorce in Houston, TX\" \/>\n<meta name=\"twitter:description\" content=\"Divorce Legal Services - Affordable divorce in Houston, TX - value divorce lawyer - uncontested divorce Houston - family mediation Houston.\" \/>\n<meta name=\"twitter:label1\" content=\"Est. reading time\" \/>\n\t<meta name=\"twitter:data1\" content=\"4 minutes\" \/>\n<script type=\"application\/ld+json\" class=\"yoast-schema-graph\">{\"@context\":\"https:\/\/schema.org\",\"@graph\":[{\"@type\":\"WebPage\",\"@id\":\"https:\/\/divorcebettertexas.com\/what-we-do\/divorce-legal-services\/\",\"url\":\"https:\/\/divorcebettertexas.com\/what-we-do\/divorce-legal-services\/\",\"name\":\"Divorce Legal Services - Affordable divorce in Houston, TX\",\"isPartOf\":{\"@id\":\"https:\/\/divorcebettertexas.com\/#website\"},\"primaryImageOfPage\":{\"@id\":\"https:\/\/divorcebettertexas.com\/what-we-do\/divorce-legal-services\/#primaryimage\"},\"image\":{\"@id\":\"https:\/\/divorcebettertexas.com\/what-we-do\/divorce-legal-services\/#primaryimage\"},\"thumbnailUrl\":\"https:\/\/divorcebettertexas.com\/wp-content\/uploads\/2020\/10\/1-free-consult.jpg\",\"description\":\"Divorce Legal Services - Affordable divorce in Houston, TX - value divorce lawyer - uncontested divorce Houston - family mediation Houston.\",\"breadcrumb\":{\"@id\":\"https:\/\/divorcebettertexas.com\/what-we-do\/divorce-legal-services\/#breadcrumb\"},\"inLanguage\":\"es-ES\",\"potentialAction\":[{\"@type\":\"ReadAction\",\"target\":[\"https:\/\/divorcebettertexas.com\/what-we-do\/divorce-legal-services\/\"]}]},{\"@type\":\"ImageObject\",\"inLanguage\":\"es-ES\",\"@id\":\"https:\/\/divorcebettertexas.com\/what-we-do\/divorce-legal-services\/#primaryimage\",\"url\":\"https:\/\/divorcebettertexas.com\/wp-content\/uploads\/2020\/10\/1-free-consult.jpg\",\"contentUrl\":\"https:\/\/divorcebettertexas.com\/wp-content\/uploads\/2020\/10\/1-free-consult.jpg\",\"width\":370,\"height\":276,\"caption\":\"Divorce Legal Services\"},{\"@type\":\"BreadcrumbList\",\"@id\":\"https:\/\/divorcebettertexas.com\/what-we-do\/divorce-legal-services\/#breadcrumb\",\"itemListElement\":[{\"@type\":\"ListItem\",\"position\":1,\"name\":\"Home\",\"item\":\"https:\/\/divorcebettertexas.com\/\"},{\"@type\":\"ListItem\",\"position\":2,\"name\":\"What We Do\",\"item\":\"https:\/\/divorcebettertexas.com\/what-we-do\/\"},{\"@type\":\"ListItem\",\"position\":3,\"name\":\"Divorce Legal Services\"}]},{\"@type\":\"WebSite\",\"@id\":\"https:\/\/divorcebettertexas.com\/#website\",\"url\":\"https:\/\/divorcebettertexas.com\/\",\"name\":\"Divorce Better\",\"description\":\"\",\"publisher\":{\"@id\":\"https:\/\/divorcebettertexas.com\/#organization\"},\"potentialAction\":[{\"@type\":\"SearchAction\",\"target\":{\"@type\":\"EntryPoint\",\"urlTemplate\":\"https:\/\/divorcebettertexas.com\/?s={search_term_string}\"},\"query-input\":{\"@type\":\"PropertyValueSpecification\",\"valueRequired\":true,\"valueName\":\"search_term_string\"}}],\"inLanguage\":\"es-ES\"},{\"@type\":\"Organization\",\"@id\":\"https:\/\/divorcebettertexas.com\/#organization\",\"name\":\"Divorce Better\",\"url\":\"https:\/\/divorcebettertexas.com\/\",\"logo\":{\"@type\":\"ImageObject\",\"inLanguage\":\"es-ES\",\"@id\":\"https:\/\/divorcebettertexas.com\/#\/schema\/logo\/image\/\",\"url\":\"https:\/\/divorcebettertexas.com\/wp-content\/uploads\/2020\/08\/logo-80h.png\",\"contentUrl\":\"https:\/\/divorcebettertexas.com\/wp-content\/uploads\/2020\/08\/logo-80h.png\",\"width\":210,\"height\":80,\"caption\":\"Divorce Better\"},\"image\":{\"@id\":\"https:\/\/divorcebettertexas.com\/#\/schema\/logo\/image\/\"}}]}<\/script>\n<!-- \/ Yoast SEO plugin. -->","yoast_head_json":{"title":"Divorce Legal Services - Affordable divorce in Houston, TX","description":"Divorce Legal Services - Affordable divorce in Houston, TX - value divorce lawyer - uncontested divorce Houston - family mediation Houston.","robots":{"index":"index","follow":"follow","max-snippet":"max-snippet:-1","max-image-preview":"max-image-preview:large","max-video-preview":"max-video-preview:-1"},"canonical":"https:\/\/divorcebettertexas.com\/es\/what-we-do\/divorce-legal-services\/","og_locale":"es_ES","og_type":"article","og_title":"Divorce Legal Services - Affordable divorce in Houston, TX","og_description":"Divorce Legal Services - Affordable divorce in Houston, TX - value divorce lawyer - uncontested divorce Houston - family mediation Houston.","og_url":"https:\/\/divorcebettertexas.com\/es\/what-we-do\/divorce-legal-services\/","og_site_name":"Divorce Better","article_modified_time":"2024-10-29T02:15:25+00:00","og_image":[{"width":370,"height":276,"url":"https:\/\/divorcebettertexas.com\/wp-content\/uploads\/2020\/10\/1-free-consult.jpg","type":"image\/jpeg"}],"twitter_card":"summary_large_image","twitter_title":"Divorce Legal Services - Affordable divorce in Houston, TX","twitter_description":"Divorce Legal Services - Affordable divorce in Houston, TX - value divorce lawyer - uncontested divorce Houston - family mediation Houston.","twitter_misc":{"Est. reading time":"4 minutes"},"schema":{"@context":"https:\/\/schema.org","@graph":[{"@type":"WebPage","@id":"https:\/\/divorcebettertexas.com\/what-we-do\/divorce-legal-services\/","url":"https:\/\/divorcebettertexas.com\/what-we-do\/divorce-legal-services\/","name":"Divorce Legal Services - Affordable divorce in Houston, TX","isPartOf":{"@id":"https:\/\/divorcebettertexas.com\/#website"},"primaryImageOfPage":{"@id":"https:\/\/divorcebettertexas.com\/what-we-do\/divorce-legal-services\/#primaryimage"},"image":{"@id":"https:\/\/divorcebettertexas.com\/what-we-do\/divorce-legal-services\/#primaryimage"},"thumbnailUrl":"https:\/\/divorcebettertexas.com\/wp-content\/uploads\/2020\/10\/1-free-consult.jpg","description":"Divorce Legal Services - Affordable divorce in Houston, TX - value divorce lawyer - uncontested divorce Houston - family mediation Houston.","breadcrumb":{"@id":"https:\/\/divorcebettertexas.com\/what-we-do\/divorce-legal-services\/#breadcrumb"},"inLanguage":"es-ES","potentialAction":[{"@type":"ReadAction","target":["https:\/\/divorcebettertexas.com\/what-we-do\/divorce-legal-services\/"]}]},{"@type":"ImageObject","inLanguage":"es-ES","@id":"https:\/\/divorcebettertexas.com\/what-we-do\/divorce-legal-services\/#primaryimage","url":"https:\/\/divorcebettertexas.com\/wp-content\/uploads\/2020\/10\/1-free-consult.jpg","contentUrl":"https:\/\/divorcebettertexas.com\/wp-content\/uploads\/2020\/10\/1-free-consult.jpg","width":370,"height":276,"caption":"Divorce Legal Services"},{"@type":"BreadcrumbList","@id":"https:\/\/divorcebettertexas.com\/what-we-do\/divorce-legal-services\/#breadcrumb","itemListElement":[{"@type":"ListItem","position":1,"name":"Home","item":"https:\/\/divorcebettertexas.com\/"},{"@type":"ListItem","position":2,"name":"What We Do","item":"https:\/\/divorcebettertexas.com\/what-we-do\/"},{"@type":"ListItem","position":3,"name":"Divorce Legal Services"}]},{"@type":"WebSite","@id":"https:\/\/divorcebettertexas.com\/#website","url":"https:\/\/divorcebettertexas.com\/","name":"Divorcio Econ\u00f3mico Texas","description":"","publisher":{"@id":"https:\/\/divorcebettertexas.com\/#organization"},"potentialAction":[{"@type":"SearchAction","target":{"@type":"EntryPoint","urlTemplate":"https:\/\/divorcebettertexas.com\/?s={search_term_string}"},"query-input":{"@type":"PropertyValueSpecification","valueRequired":true,"valueName":"search_term_string"}}],"inLanguage":"es-ES"},{"@type":"Organization","@id":"https:\/\/divorcebettertexas.com\/#organization","name":"Divorcio Econ\u00f3mico Texas","url":"https:\/\/divorcebettertexas.com\/","logo":{"@type":"ImageObject","inLanguage":"es-ES","@id":"https:\/\/divorcebettertexas.com\/#\/schema\/logo\/image\/","url":"https:\/\/divorcebettertexas.com\/wp-content\/uploads\/2020\/08\/logo-80h.png","contentUrl":"https:\/\/divorcebettertexas.com\/wp-content\/uploads\/2020\/08\/logo-80h.png","width":210,"height":80,"caption":"Divorce Better"},"image":{"@id":"https:\/\/divorcebettertexas.com\/#\/schema\/logo\/image\/"}}]}},"_links":{"self":[{"href":"https:\/\/divorcebettertexas.com\/es\/wp-json\/wp\/v2\/pages\/96","targetHints":{"allow":["GET"]}}],"collection":[{"href":"https:\/\/divorcebettertexas.com\/es\/wp-json\/wp\/v2\/pages"}],"about":[{"href":"https:\/\/divorcebettertexas.com\/es\/wp-json\/wp\/v2\/types\/page"}],"author":[{"embeddable":true,"href":"https:\/\/divorcebettertexas.com\/es\/wp-json\/wp\/v2\/users\/1"}],"replies":[{"embeddable":true,"href":"https:\/\/divorcebettertexas.com\/es\/wp-json\/wp\/v2\/comments?post=96"}],"version-history":[{"count":22,"href":"https:\/\/divorcebettertexas.com\/es\/wp-json\/wp\/v2\/pages\/96\/revisions"}],"predecessor-version":[{"id":1926,"href":"https:\/\/divorcebettertexas.com\/es\/wp-json\/wp\/v2\/pages\/96\/revisions\/1926"}],"up":[{"embeddable":true,"href":"https:\/\/divorcebettertexas.com\/es\/wp-json\/wp\/v2\/pages\/76"}],"wp:featuredmedia":[{"embeddable":true,"href":"https:\/\/divorcebettertexas.com\/es\/wp-json\/wp\/v2\/media\/465"}],"wp:attachment":[{"href":"https:\/\/divorcebettertexas.com\/es\/wp-json\/wp\/v2\/media?parent=96"}],"curies":[{"name":"wp","href":"https:\/\/api.w.org\/{rel}","templated":true}]}}