{"id":94,"date":"2020-08-22T18:16:08","date_gmt":"2020-08-23T00:16:08","guid":{"rendered":"http:\/\/divorcebettertexas.com\/?page_id=94"},"modified":"2024-10-31T08:04:13","modified_gmt":"2024-10-31T14:04:13","slug":"affordable-divorce-process","status":"publish","type":"page","link":"https:\/\/divorcebettertexas.com\/es\/what-we-do\/affordable-divorce-process\/","title":{"rendered":"Proceso de Divorcio Econ\u00f3mico"},"content":{"rendered":"<h2>The Divorce Better Method<\/h2>\n<p>Ha decidido divorciarse. Lo que venga despu\u00e9s depende en gran medida de lo que t\u00fa y tu pareja necesiten, quieran y sean capaces de hacer. \u00bfRealmente necesitan contratar abogados para luchar y que un juez decida qu\u00e9 es lo mejor para ustedes? \u00bfO son usted y su pareja capaces de decidir c\u00f3mo es su futuro, aunque necesiten algo de ayuda para llegar all\u00ed?<\/p>\n<p>Divorcio Econ\u00f3mico Texas le ofrece una alternativa al modelo de divorcio convencional. Utilizando el marco de un divorcio no disputado y complementando con la mediaci\u00f3n seg\u00fan sea necesario, le ofrecemos la oportunidad de evitar una larga y costosa batalla legal y la capacidad de divorciarse con un abogado por una tarifa plana, en una fracci\u00f3n del tiempo y con una fracci\u00f3n de la angustia de un divorcio t\u00edpico.<\/p>\n<h2>Divorcio De Mutuo Acuerdo Sin Mediaci\u00f3n<\/h2>\n<p><img loading=\"lazy\" decoding=\"async\" class=\"aligncenter size-full wp-image-800\" src=\"https:\/\/divorcebettertexas.com\/wp-content\/uploads\/2024\/10\/graphic1_v2.png\" alt=\"\" width=\"1170\" height=\"500\" \/><\/p>\n<p>Algunos divorcios son lo suficientemente sencillos como para que la redacci\u00f3n de los documentos de divorcio sea relativamente directa y no requiera una extensa negociaci\u00f3n para determinar qui\u00e9n se queda con la vajilla y qu\u00e9 pasa con los ni\u00f1os en un d\u00eda de nieve.<\/p>\n<p>Have you and your partner already agreed to who will get what and you don\u2019t have any kids? For about $1,000, a family law attorney will draft and file everything you need to successfully divorce.<\/p>\n<p>If there are kiddos to consider, do you and your partner agree on a custody schedule and the fundamentals of co-parenting? If so, our basic divorce package for families with children is around $1,500.<\/p>\n<p>Incluso puede iniciar el proceso para solicitar el divorcio ahora mismo.<\/p>\n<h2>Uncontested Divorce with Mediation<\/h2>\n<p><img loading=\"lazy\" decoding=\"async\" class=\"aligncenter size-full wp-image-802\" src=\"https:\/\/divorcebettertexas.com\/wp-content\/uploads\/2024\/10\/graphic2_v2.png\" alt=\"\" width=\"1170\" height=\"500\" \/><\/p>\n<p>Si usted y su pareja est\u00e1n realmente comprometidos a decidir su divorcio en sus t\u00e9rminos, pero necesitan algo de ayuda para llegar a un acuerdo en algunos aspectos espec\u00edficos, nuestro <a href=\"https:\/\/divorcebettertexas.com\/es\/pricing\/#guided-divorce-package\">paquete de divorcio guiado<\/a> es la mejor opci\u00f3n para conseguir un divorcio econ\u00f3mico y r\u00e1pido en sus t\u00e9rminos.<\/p>\n<p>Est\u00e1 dise\u00f1ado para familias con ni\u00f1os o una situaci\u00f3n financiera complicada y, mientras que ofrece la capacidad de personalizar su divorcio, no incluye cosas que usted puede no necesitar - como \u00f3rdenes temporales o la divisi\u00f3n de los beneficios militares - que puede ser incluido por un cargo adicional.<\/p>\n<p>Para saber m\u00e1s sobre el proceso de mediaci\u00f3n de Divorcio Asequible, <a href=\"https:\/\/divorcebettertexas.com\/es\/guided-affordable-divorce-process\/\">haga clic aqu\u00ed<\/a>.<\/p>\n<blockquote class=\"quote orange large\"><p><i class=\"fa fa-exclamation-circle\" aria-hidden=\"true\"><\/i><\/p>\n<div>Lo que venga despu\u00e9s depende en gran medida de si usted y su pareja quieren y son capaces de decidir su divorcio por s\u00ed mismos, aunque necesiten algo de ayuda para conseguirlo.<\/div>\n<\/blockquote>","protected":false},"excerpt":{"rendered":"<p>The Divorce Better Method You have decided to divorce. What comes next very much depends on what you and your partner need, want and are capable of. Do you really need to hire lawyers to&#8230;<\/p>\n<div class=\"button-div\"><a href=\"https:\/\/divorcebettertexas.com\/es\/what-we-do\/affordable-divorce-process\/\" class=\"button-read\">Leer m\u00e1s<\/a><\/div>","protected":false},"author":1,"featured_media":923,"parent":76,"menu_order":2,"comment_status":"closed","ping_status":"closed","template":"page-template\/full-width-5.php","meta":{"footnotes":""},"class_list":["post-94","page","type-page","status-publish","has-post-thumbnail","hentry"],"yoast_head":"<!-- This site is optimized with the Yoast SEO plugin v26.6 - https:\/\/yoast.com\/wordpress\/plugins\/seo\/ -->\n<title>Affordable Divorce Process in Houston, TX - Value Divorce Lawyer<\/title>\n<meta name=\"description\" content=\"Affordable Divorce Process in Houston, TX - Value Divorce Lawyer - uncontested divorce Houston - family mediation Houston.\" \/>\n<meta name=\"robots\" content=\"index, follow, max-snippet:-1, max-image-preview:large, max-video-preview:-1\" \/>\n<link rel=\"canonical\" href=\"https:\/\/divorcebettertexas.com\/es\/what-we-do\/affordable-divorce-process\/\" \/>\n<meta property=\"og:locale\" content=\"es_ES\" \/>\n<meta property=\"og:type\" content=\"article\" \/>\n<meta property=\"og:title\" content=\"Affordable Divorce Process in Houston, TX - Value Divorce Lawyer\" \/>\n<meta property=\"og:description\" content=\"Affordable Divorce Process in Houston, TX - Value Divorce Lawyer - uncontested divorce Houston - family mediation Houston.\" \/>\n<meta property=\"og:url\" content=\"https:\/\/divorcebettertexas.com\/es\/what-we-do\/affordable-divorce-process\/\" \/>\n<meta property=\"og:site_name\" content=\"Divorce Better\" \/>\n<meta property=\"article:modified_time\" content=\"2024-10-31T14:04:13+00:00\" \/>\n<meta property=\"og:image\" content=\"https:\/\/divorcebettertexas.com\/wp-content\/uploads\/2021\/05\/graphic2_es.jpg\" \/>\n\t<meta property=\"og:image:width\" content=\"1170\" \/>\n\t<meta property=\"og:image:height\" content=\"500\" \/>\n\t<meta property=\"og:image:type\" content=\"image\/jpeg\" \/>\n<meta name=\"twitter:card\" content=\"summary_large_image\" \/>\n<meta name=\"twitter:title\" content=\"Affordable Divorce Process in Houston, TX - Value Divorce Lawyer\" \/>\n<meta name=\"twitter:description\" content=\"Affordable Divorce Process in Houston, TX - Value Divorce Lawyer - uncontested divorce Houston - family mediation Houston.\" \/>\n<meta name=\"twitter:label1\" content=\"Est. reading time\" \/>\n\t<meta name=\"twitter:data1\" content=\"3 minutes\" \/>\n<script type=\"application\/ld+json\" class=\"yoast-schema-graph\">{\"@context\":\"https:\/\/schema.org\",\"@graph\":[{\"@type\":\"WebPage\",\"@id\":\"https:\/\/divorcebettertexas.com\/what-we-do\/affordable-divorce-process\/\",\"url\":\"https:\/\/divorcebettertexas.com\/what-we-do\/affordable-divorce-process\/\",\"name\":\"Affordable Divorce Process in Houston, TX - Value Divorce Lawyer\",\"isPartOf\":{\"@id\":\"https:\/\/divorcebettertexas.com\/#website\"},\"primaryImageOfPage\":{\"@id\":\"https:\/\/divorcebettertexas.com\/what-we-do\/affordable-divorce-process\/#primaryimage\"},\"image\":{\"@id\":\"https:\/\/divorcebettertexas.com\/what-we-do\/affordable-divorce-process\/#primaryimage\"},\"thumbnailUrl\":\"https:\/\/divorcebettertexas.com\/wp-content\/uploads\/2021\/05\/graphic2_es.jpg\",\"description\":\"Affordable Divorce Process in Houston, TX - Value Divorce Lawyer - uncontested divorce Houston - family mediation Houston.\",\"breadcrumb\":{\"@id\":\"https:\/\/divorcebettertexas.com\/what-we-do\/affordable-divorce-process\/#breadcrumb\"},\"inLanguage\":\"es-ES\",\"potentialAction\":[{\"@type\":\"ReadAction\",\"target\":[\"https:\/\/divorcebettertexas.com\/what-we-do\/affordable-divorce-process\/\"]}]},{\"@type\":\"ImageObject\",\"inLanguage\":\"es-ES\",\"@id\":\"https:\/\/divorcebettertexas.com\/what-we-do\/affordable-divorce-process\/#primaryimage\",\"url\":\"https:\/\/divorcebettertexas.com\/wp-content\/uploads\/2021\/05\/graphic2_es.jpg\",\"contentUrl\":\"https:\/\/divorcebettertexas.com\/wp-content\/uploads\/2021\/05\/graphic2_es.jpg\",\"width\":1170,\"height\":500,\"caption\":\"Affordable Divorce Process\"},{\"@type\":\"BreadcrumbList\",\"@id\":\"https:\/\/divorcebettertexas.com\/what-we-do\/affordable-divorce-process\/#breadcrumb\",\"itemListElement\":[{\"@type\":\"ListItem\",\"position\":1,\"name\":\"Home\",\"item\":\"https:\/\/divorcebettertexas.com\/\"},{\"@type\":\"ListItem\",\"position\":2,\"name\":\"What We Do\",\"item\":\"https:\/\/divorcebettertexas.com\/what-we-do\/\"},{\"@type\":\"ListItem\",\"position\":3,\"name\":\"Affordable Divorce Process\"}]},{\"@type\":\"WebSite\",\"@id\":\"https:\/\/divorcebettertexas.com\/#website\",\"url\":\"https:\/\/divorcebettertexas.com\/\",\"name\":\"Divorce Better\",\"description\":\"\",\"publisher\":{\"@id\":\"https:\/\/divorcebettertexas.com\/#organization\"},\"potentialAction\":[{\"@type\":\"SearchAction\",\"target\":{\"@type\":\"EntryPoint\",\"urlTemplate\":\"https:\/\/divorcebettertexas.com\/?s={search_term_string}\"},\"query-input\":{\"@type\":\"PropertyValueSpecification\",\"valueRequired\":true,\"valueName\":\"search_term_string\"}}],\"inLanguage\":\"es-ES\"},{\"@type\":\"Organization\",\"@id\":\"https:\/\/divorcebettertexas.com\/#organization\",\"name\":\"Divorce Better\",\"url\":\"https:\/\/divorcebettertexas.com\/\",\"logo\":{\"@type\":\"ImageObject\",\"inLanguage\":\"es-ES\",\"@id\":\"https:\/\/divorcebettertexas.com\/#\/schema\/logo\/image\/\",\"url\":\"https:\/\/divorcebettertexas.com\/wp-content\/uploads\/2020\/08\/logo-80h.png\",\"contentUrl\":\"https:\/\/divorcebettertexas.com\/wp-content\/uploads\/2020\/08\/logo-80h.png\",\"width\":210,\"height\":80,\"caption\":\"Divorce Better\"},\"image\":{\"@id\":\"https:\/\/divorcebettertexas.com\/#\/schema\/logo\/image\/\"}}]}<\/script>\n<!-- \/ Yoast SEO plugin. -->","yoast_head_json":{"title":"Affordable Divorce Process in Houston, TX - Value Divorce Lawyer","description":"Affordable Divorce Process in Houston, TX - Value Divorce Lawyer - uncontested divorce Houston - family mediation Houston.","robots":{"index":"index","follow":"follow","max-snippet":"max-snippet:-1","max-image-preview":"max-image-preview:large","max-video-preview":"max-video-preview:-1"},"canonical":"https:\/\/divorcebettertexas.com\/es\/what-we-do\/affordable-divorce-process\/","og_locale":"es_ES","og_type":"article","og_title":"Affordable Divorce Process in Houston, TX - Value Divorce Lawyer","og_description":"Affordable Divorce Process in Houston, TX - Value Divorce Lawyer - uncontested divorce Houston - family mediation Houston.","og_url":"https:\/\/divorcebettertexas.com\/es\/what-we-do\/affordable-divorce-process\/","og_site_name":"Divorce Better","article_modified_time":"2024-10-31T14:04:13+00:00","og_image":[{"width":1170,"height":500,"url":"https:\/\/divorcebettertexas.com\/wp-content\/uploads\/2021\/05\/graphic2_es.jpg","type":"image\/jpeg"}],"twitter_card":"summary_large_image","twitter_title":"Affordable Divorce Process in Houston, TX - Value Divorce Lawyer","twitter_description":"Affordable Divorce Process in Houston, TX - Value Divorce Lawyer - uncontested divorce Houston - family mediation Houston.","twitter_misc":{"Est. reading time":"3 minutes"},"schema":{"@context":"https:\/\/schema.org","@graph":[{"@type":"WebPage","@id":"https:\/\/divorcebettertexas.com\/what-we-do\/affordable-divorce-process\/","url":"https:\/\/divorcebettertexas.com\/what-we-do\/affordable-divorce-process\/","name":"Affordable Divorce Process in Houston, TX - Value Divorce Lawyer","isPartOf":{"@id":"https:\/\/divorcebettertexas.com\/#website"},"primaryImageOfPage":{"@id":"https:\/\/divorcebettertexas.com\/what-we-do\/affordable-divorce-process\/#primaryimage"},"image":{"@id":"https:\/\/divorcebettertexas.com\/what-we-do\/affordable-divorce-process\/#primaryimage"},"thumbnailUrl":"https:\/\/divorcebettertexas.com\/wp-content\/uploads\/2021\/05\/graphic2_es.jpg","description":"Affordable Divorce Process in Houston, TX - Value Divorce Lawyer - uncontested divorce Houston - family mediation Houston.","breadcrumb":{"@id":"https:\/\/divorcebettertexas.com\/what-we-do\/affordable-divorce-process\/#breadcrumb"},"inLanguage":"es-ES","potentialAction":[{"@type":"ReadAction","target":["https:\/\/divorcebettertexas.com\/what-we-do\/affordable-divorce-process\/"]}]},{"@type":"ImageObject","inLanguage":"es-ES","@id":"https:\/\/divorcebettertexas.com\/what-we-do\/affordable-divorce-process\/#primaryimage","url":"https:\/\/divorcebettertexas.com\/wp-content\/uploads\/2021\/05\/graphic2_es.jpg","contentUrl":"https:\/\/divorcebettertexas.com\/wp-content\/uploads\/2021\/05\/graphic2_es.jpg","width":1170,"height":500,"caption":"Affordable Divorce Process"},{"@type":"BreadcrumbList","@id":"https:\/\/divorcebettertexas.com\/what-we-do\/affordable-divorce-process\/#breadcrumb","itemListElement":[{"@type":"ListItem","position":1,"name":"Home","item":"https:\/\/divorcebettertexas.com\/"},{"@type":"ListItem","position":2,"name":"What We Do","item":"https:\/\/divorcebettertexas.com\/what-we-do\/"},{"@type":"ListItem","position":3,"name":"Affordable Divorce Process"}]},{"@type":"WebSite","@id":"https:\/\/divorcebettertexas.com\/#website","url":"https:\/\/divorcebettertexas.com\/","name":"Divorcio Econ\u00f3mico Texas","description":"","publisher":{"@id":"https:\/\/divorcebettertexas.com\/#organization"},"potentialAction":[{"@type":"SearchAction","target":{"@type":"EntryPoint","urlTemplate":"https:\/\/divorcebettertexas.com\/?s={search_term_string}"},"query-input":{"@type":"PropertyValueSpecification","valueRequired":true,"valueName":"search_term_string"}}],"inLanguage":"es-ES"},{"@type":"Organization","@id":"https:\/\/divorcebettertexas.com\/#organization","name":"Divorcio Econ\u00f3mico Texas","url":"https:\/\/divorcebettertexas.com\/","logo":{"@type":"ImageObject","inLanguage":"es-ES","@id":"https:\/\/divorcebettertexas.com\/#\/schema\/logo\/image\/","url":"https:\/\/divorcebettertexas.com\/wp-content\/uploads\/2020\/08\/logo-80h.png","contentUrl":"https:\/\/divorcebettertexas.com\/wp-content\/uploads\/2020\/08\/logo-80h.png","width":210,"height":80,"caption":"Divorce Better"},"image":{"@id":"https:\/\/divorcebettertexas.com\/#\/schema\/logo\/image\/"}}]}},"_links":{"self":[{"href":"https:\/\/divorcebettertexas.com\/es\/wp-json\/wp\/v2\/pages\/94","targetHints":{"allow":["GET"]}}],"collection":[{"href":"https:\/\/divorcebettertexas.com\/es\/wp-json\/wp\/v2\/pages"}],"about":[{"href":"https:\/\/divorcebettertexas.com\/es\/wp-json\/wp\/v2\/types\/page"}],"author":[{"embeddable":true,"href":"https:\/\/divorcebettertexas.com\/es\/wp-json\/wp\/v2\/users\/1"}],"replies":[{"embeddable":true,"href":"https:\/\/divorcebettertexas.com\/es\/wp-json\/wp\/v2\/comments?post=94"}],"version-history":[{"count":49,"href":"https:\/\/divorcebettertexas.com\/es\/wp-json\/wp\/v2\/pages\/94\/revisions"}],"predecessor-version":[{"id":1943,"href":"https:\/\/divorcebettertexas.com\/es\/wp-json\/wp\/v2\/pages\/94\/revisions\/1943"}],"up":[{"embeddable":true,"href":"https:\/\/divorcebettertexas.com\/es\/wp-json\/wp\/v2\/pages\/76"}],"wp:featuredmedia":[{"embeddable":true,"href":"https:\/\/divorcebettertexas.com\/es\/wp-json\/wp\/v2\/media\/923"}],"wp:attachment":[{"href":"https:\/\/divorcebettertexas.com\/es\/wp-json\/wp\/v2\/media?parent=94"}],"curies":[{"name":"wp","href":"https:\/\/api.w.org\/{rel}","templated":true}]}}