{"id":88,"date":"2020-08-22T18:15:31","date_gmt":"2020-08-23T00:15:31","guid":{"rendered":"http:\/\/divorcebettertexas.com\/?page_id=88"},"modified":"2022-01-06T20:33:46","modified_gmt":"2022-01-07T02:33:46","slug":"affordable-divorce-texas","status":"publish","type":"page","link":"https:\/\/divorcebettertexas.com\/es\/who-we-are\/affordable-divorce-texas\/","title":{"rendered":"Divorcio Econ\u00f3mico Texas"},"content":{"rendered":"<p><img decoding=\"async\" class=\"alignleft size-medium wp-image-490\" src=\"https:\/\/divorcebettertexas.com\/wp-content\/uploads\/2020\/10\/clients-1-300x250.jpg\" alt=\"\" \/>Divorcio Econ\u00f3mico Texas es un bufete de abogados que est\u00e1 alterando la forma convencional de divorciarse, proporcionando a las familias una forma m\u00e1s barata, m\u00e1s r\u00e1pida y m\u00e1s saludable de divorciarse.<\/p>\n<p>El matrimonio es complicado y no siempre termina como lo imaginamos. La vida pasa, las circunstancias y las personas cambian. No hay que avergonzarse ni juzgar.<\/p>\n<p>La decisi\u00f3n de divorciarse no tiene por qu\u00e9 ser una declaraci\u00f3n de guerra. El divorcio no deber\u00eda ser el fin de tu familia y, desde luego, no deber\u00eda dejarte m\u00e1s destrozado que cuando estabas casado, ni financiera, ni emocional o psicol\u00f3gicamente.<\/p>\n<p>No es necesario que todav\u00eda se amen, o incluso que se gusten, para divorciarse de manera diferente, mejor. <img loading=\"lazy\" decoding=\"async\" class=\"alignleft size-medium wp-image-552\" src=\"https:\/\/divorcebettertexas.com\/wp-content\/uploads\/2020\/09\/with-mom-dad-300x222.jpg\" alt=\"\" width=\"300\" height=\"200\" \/>Divorce Better te ofrece <a href=\"https:\/\/divorcebettertexas.com\/es\/pricing\/\">paquetes de divorcio de tarifa plana<\/a> con una serie de servicios adicionales para asegurarse de que usted no pague de m\u00e1s por su divorcio.<\/p>\n<p>Si usted y su pareja pueden estar de acuerdo con los t\u00e9rminos de su divorcio, podemos proporcionarle el mejor divorcio posible para su familia - porque usted decidir\u00e1 qu\u00e9 es lo mejor para su familia.<\/p>\n<p>Y como un bono adicional, podemos finalizar su divorcio en aproximadamente la misma cantidad de tiempo que el estado de Texas requiere que usted espere despu\u00e9s de la presentaci\u00f3n - 60 d\u00edas.<\/p>\n<blockquote class=\"quote medium orange\"><p><i class=\"fa fa-exclamation-circle\" aria-hidden=\"true\"><\/i><\/p>\n<div>Si usted y su pareja pueden estar de acuerdo con los t\u00e9rminos de su divorcio, podemos proporcionarle el mejor divorcio posible para su familia - porque usted decidir\u00e1 qu\u00e9 es lo mejor para su familia.<\/div>\n<\/blockquote>\n<h1>Conoce a Anne Garcia<\/h1>\n<p><img decoding=\"async\" class=\"alignleft size-full\" src=\"https:\/\/divorcebettertexas.com\/wp-content\/uploads\/2021\/04\/anne-garcia-238x300.jpg\" alt=\"\" \/>Mi nombre es Anne Garc\u00eda. Soy abogada y mediadora certificada en derecho de familia. Tambi\u00e9n soy hija de un divorcio.<\/p>\n<p>Despu\u00e9s de 30 a\u00f1os de un matrimonio infeliz, mis padres se divorciaron. Fue incre\u00edblemente feo y doloroso, y todav\u00eda me afecta a m\u00ed y a mis relaciones con ellos, casi 25 a\u00f1os despu\u00e9s.<\/p>\n<p>Yo tambi\u00e9n estoy divorciado. S\u00e9 de primera mano lo prohibitivamente caro que puede ser un divorcio, lo que obliga a las familias a elegir entre lo que saben que es lo mejor para sus intereses y arriesgarse a perder importantes protecciones legales si intentan hacerlo ellos mismos.<\/p>\n<p>Ambas experiencias jugaron un papel importante en mi decisi\u00f3n de iniciar Divorce Better. Queremos reinventar la experiencia del divorcio y somos abogados conscientes de los costos que ofrecen servicios legales de calidad a precios planos y transparentes. Damos prioridad a la preservaci\u00f3n de su familia y podemos finalizar su divorcio aproximadamente en el tiempo que el estado de Texas le hace esperar para finalizar su divorcio: 60 d\u00edas.<\/p>\n<blockquote class=\"quote orange10\"><p><img decoding=\"async\" src=\"https:\/\/divorcebettertexas.com\/wp-content\/uploads\/2021\/04\/rice-ut.png\" \/><\/p>\n<p style=\"margin-bottom: 20px;\">Soy un orgulloso graduado de Rice University, suma cum laude, y de la Facultad de Derecho de la Universidad de Texas, cum laude. Comenc\u00e9 mi carrera de abogada en la secci\u00f3n de negocios y finanzas de Mayer Brown, donde trabaj\u00e9 durante varios a\u00f1os. Luego me mud\u00e9 a Madrid, Espa\u00f1a, donde viv\u00ed durante cuatro a\u00f1os y trabaj\u00e9 en comercio internacional y desarrollo de productos.<\/p>\n<p>Tras regresar a Houston, empec\u00e9 a ejercer el derecho de familia, a la vez que fundaba <a href=\"https:\/\/opheart.org\" target=\"_blank\" rel=\"noopener\">OpHeart<\/a>una organizaci\u00f3n sin \u00e1nimo de lucro dedicada a mejorar las probabilidades de supervivencia y los resultados de beb\u00e9s como mi hija, que nacen con defectos card\u00edacos potencialmente mortales.<\/p><\/blockquote>\n<p>Si cree que usted y su pareja pueden decidir los t\u00e9rminos de su divorcio por s\u00ed mismos - antes de gastar decenas de miles en honorarios de abogados - p\u00f3ngase en contacto con nosotros. Estaremos encantados de responder a sus preguntas sin compromiso.<\/p>\n<h2>Nuestros Objetivos<\/h2>\n<p>Soy abogada en ejercicio y mediadora familiar certificada, y durante 15 a\u00f1os he estado ayudando a las familias a trav\u00e9s de cuestiones legales y emocionalmente dif\u00edciles, incluyendo la bancarrota, el divorcio, las disputas por la custodia de los hijos, y las cuestiones de inmigraci\u00f3n. Tambi\u00e9n tengo experiencia con las necesidades especiales de los ni\u00f1os m\u00e9dicamente fr\u00e1giles.<\/p>\n<p>Como abogado-mediador, me gu\u00edo por tres objetivos:<\/p>\n<table class=\"point\">\n<tbody>\n<tr>\n<td>1<\/td>\n<td>Proporcionar a las familias el divorcio m\u00e1s econ\u00f3mico y profesional posible, coloc\u00e1ndolas en la mejor posici\u00f3n posible para tener \u00e9xito en el siguiente cap\u00edtulo de sus vidas.<\/td>\n<\/tr>\n<\/tbody>\n<\/table>\n<table class=\"point\">\n<tbody>\n<tr>\n<td>2<\/td>\n<td>Capacitar a las familias para divorciarse en sus t\u00e9rminos, confiando en que est\u00e1n en la mejor posici\u00f3n para saber lo que es correcto para ellos y sus familias.<\/td>\n<\/tr>\n<\/tbody>\n<\/table>\n<table class=\"point\">\n<tbody>\n<tr>\n<td>3<\/td>\n<td>En el caso de los ni\u00f1os, garantizar que sus necesidades e intereses sean la m\u00e1xima prioridad.<\/td>\n<\/tr>\n<\/tbody>\n<\/table>\n<p>El divorcio no debe explotar lo peor de una familia. No deber\u00eda dejar a las parejas y a los ni\u00f1os m\u00e1s destrozados que antes. Y no es necesario. S\u00e9 de primera mano lo dif\u00edcil que puede ser el matrimonio y el divorcio, y quiero crear una mejor manera para que las parejas se divorcien y las familias no solo sobrevivan, sino que prosperen.<\/p>\n<p>Se puede hacer.<\/p>","protected":false},"excerpt":{"rendered":"<p>Divorce Better is a law firm that is disrupting the conventional way to divorce by providing families a cheaper, faster, and healthier way to- and through- divorce. Marriage is complicated and doesn\u2019t always end up&#8230;<\/p>\n<div class=\"button-div\"><a href=\"https:\/\/divorcebettertexas.com\/es\/who-we-are\/affordable-divorce-texas\/\" class=\"button-read\">Leer m\u00e1s<\/a><\/div>","protected":false},"author":1,"featured_media":476,"parent":74,"menu_order":3,"comment_status":"closed","ping_status":"closed","template":"page-template\/full-width-5.php","meta":{"footnotes":""},"class_list":["post-88","page","type-page","status-publish","has-post-thumbnail","hentry"],"yoast_head":"<!-- This site is optimized with the Yoast SEO plugin v26.6 - https:\/\/yoast.com\/wordpress\/plugins\/seo\/ -->\n<title>Divorce Better - Our Firm<\/title>\n<meta name=\"description\" content=\"If you and your partner can agree to the terms of your divorce, we can provide you the best divorce possible for your family.\" \/>\n<meta name=\"robots\" content=\"index, follow, max-snippet:-1, max-image-preview:large, max-video-preview:-1\" \/>\n<link rel=\"canonical\" href=\"https:\/\/divorcebettertexas.com\/es\/who-we-are\/affordable-divorce-texas\/\" \/>\n<meta property=\"og:locale\" content=\"es_ES\" \/>\n<meta property=\"og:type\" content=\"article\" \/>\n<meta property=\"og:title\" content=\"Divorce Better - Our Firm\" \/>\n<meta property=\"og:description\" content=\"If you and your partner can agree to the terms of your divorce, we can provide you the best divorce possible for your family.\" \/>\n<meta property=\"og:url\" content=\"https:\/\/divorcebettertexas.com\/es\/who-we-are\/affordable-divorce-texas\/\" \/>\n<meta property=\"og:site_name\" content=\"Divorce Better\" \/>\n<meta property=\"article:modified_time\" content=\"2022-01-07T02:33:46+00:00\" \/>\n<meta property=\"og:image\" content=\"https:\/\/divorcebettertexas.com\/wp-content\/uploads\/2020\/10\/affordable-divorce-texas-1.jpg\" \/>\n\t<meta property=\"og:image:width\" content=\"800\" \/>\n\t<meta property=\"og:image:height\" content=\"533\" \/>\n\t<meta property=\"og:image:type\" content=\"image\/jpeg\" \/>\n<meta name=\"twitter:card\" content=\"summary_large_image\" \/>\n<meta name=\"twitter:label1\" content=\"Est. reading time\" \/>\n\t<meta name=\"twitter:data1\" content=\"2 minutes\" \/>\n<script type=\"application\/ld+json\" class=\"yoast-schema-graph\">{\"@context\":\"https:\/\/schema.org\",\"@graph\":[{\"@type\":\"WebPage\",\"@id\":\"https:\/\/divorcebettertexas.com\/who-we-are\/affordable-divorce-texas\/\",\"url\":\"https:\/\/divorcebettertexas.com\/who-we-are\/affordable-divorce-texas\/\",\"name\":\"Divorce Better - Our Firm\",\"isPartOf\":{\"@id\":\"https:\/\/divorcebettertexas.com\/#website\"},\"primaryImageOfPage\":{\"@id\":\"https:\/\/divorcebettertexas.com\/who-we-are\/affordable-divorce-texas\/#primaryimage\"},\"image\":{\"@id\":\"https:\/\/divorcebettertexas.com\/who-we-are\/affordable-divorce-texas\/#primaryimage\"},\"thumbnailUrl\":\"https:\/\/divorcebettertexas.com\/wp-content\/uploads\/2020\/10\/affordable-divorce-texas-1.jpg\",\"description\":\"If you and your partner can agree to the terms of your divorce, we can provide you the best divorce possible for your family.\",\"breadcrumb\":{\"@id\":\"https:\/\/divorcebettertexas.com\/who-we-are\/affordable-divorce-texas\/#breadcrumb\"},\"inLanguage\":\"es-ES\",\"potentialAction\":[{\"@type\":\"ReadAction\",\"target\":[\"https:\/\/divorcebettertexas.com\/who-we-are\/affordable-divorce-texas\/\"]}]},{\"@type\":\"ImageObject\",\"inLanguage\":\"es-ES\",\"@id\":\"https:\/\/divorcebettertexas.com\/who-we-are\/affordable-divorce-texas\/#primaryimage\",\"url\":\"https:\/\/divorcebettertexas.com\/wp-content\/uploads\/2020\/10\/affordable-divorce-texas-1.jpg\",\"contentUrl\":\"https:\/\/divorcebettertexas.com\/wp-content\/uploads\/2020\/10\/affordable-divorce-texas-1.jpg\",\"width\":800,\"height\":533,\"caption\":\"Divorce Better\"},{\"@type\":\"BreadcrumbList\",\"@id\":\"https:\/\/divorcebettertexas.com\/who-we-are\/affordable-divorce-texas\/#breadcrumb\",\"itemListElement\":[{\"@type\":\"ListItem\",\"position\":1,\"name\":\"Home\",\"item\":\"https:\/\/divorcebettertexas.com\/\"},{\"@type\":\"ListItem\",\"position\":2,\"name\":\"Who We Are\",\"item\":\"https:\/\/divorcebettertexas.com\/who-we-are\/\"},{\"@type\":\"ListItem\",\"position\":3,\"name\":\"Divorce Better\"}]},{\"@type\":\"WebSite\",\"@id\":\"https:\/\/divorcebettertexas.com\/#website\",\"url\":\"https:\/\/divorcebettertexas.com\/\",\"name\":\"Divorce Better\",\"description\":\"\",\"publisher\":{\"@id\":\"https:\/\/divorcebettertexas.com\/#organization\"},\"potentialAction\":[{\"@type\":\"SearchAction\",\"target\":{\"@type\":\"EntryPoint\",\"urlTemplate\":\"https:\/\/divorcebettertexas.com\/?s={search_term_string}\"},\"query-input\":{\"@type\":\"PropertyValueSpecification\",\"valueRequired\":true,\"valueName\":\"search_term_string\"}}],\"inLanguage\":\"es-ES\"},{\"@type\":\"Organization\",\"@id\":\"https:\/\/divorcebettertexas.com\/#organization\",\"name\":\"Divorce Better\",\"url\":\"https:\/\/divorcebettertexas.com\/\",\"logo\":{\"@type\":\"ImageObject\",\"inLanguage\":\"es-ES\",\"@id\":\"https:\/\/divorcebettertexas.com\/#\/schema\/logo\/image\/\",\"url\":\"https:\/\/divorcebettertexas.com\/wp-content\/uploads\/2020\/08\/logo-80h.png\",\"contentUrl\":\"https:\/\/divorcebettertexas.com\/wp-content\/uploads\/2020\/08\/logo-80h.png\",\"width\":210,\"height\":80,\"caption\":\"Divorce Better\"},\"image\":{\"@id\":\"https:\/\/divorcebettertexas.com\/#\/schema\/logo\/image\/\"}}]}<\/script>\n<!-- \/ Yoast SEO plugin. -->","yoast_head_json":{"title":"Divorce Better - Our Firm","description":"If you and your partner can agree to the terms of your divorce, we can provide you the best divorce possible for your family.","robots":{"index":"index","follow":"follow","max-snippet":"max-snippet:-1","max-image-preview":"max-image-preview:large","max-video-preview":"max-video-preview:-1"},"canonical":"https:\/\/divorcebettertexas.com\/es\/who-we-are\/affordable-divorce-texas\/","og_locale":"es_ES","og_type":"article","og_title":"Divorce Better - Our Firm","og_description":"If you and your partner can agree to the terms of your divorce, we can provide you the best divorce possible for your family.","og_url":"https:\/\/divorcebettertexas.com\/es\/who-we-are\/affordable-divorce-texas\/","og_site_name":"Divorce Better","article_modified_time":"2022-01-07T02:33:46+00:00","og_image":[{"width":800,"height":533,"url":"https:\/\/divorcebettertexas.com\/wp-content\/uploads\/2020\/10\/affordable-divorce-texas-1.jpg","type":"image\/jpeg"}],"twitter_card":"summary_large_image","twitter_misc":{"Est. reading time":"2 minutes"},"schema":{"@context":"https:\/\/schema.org","@graph":[{"@type":"WebPage","@id":"https:\/\/divorcebettertexas.com\/who-we-are\/affordable-divorce-texas\/","url":"https:\/\/divorcebettertexas.com\/who-we-are\/affordable-divorce-texas\/","name":"Divorce Better - Our Firm","isPartOf":{"@id":"https:\/\/divorcebettertexas.com\/#website"},"primaryImageOfPage":{"@id":"https:\/\/divorcebettertexas.com\/who-we-are\/affordable-divorce-texas\/#primaryimage"},"image":{"@id":"https:\/\/divorcebettertexas.com\/who-we-are\/affordable-divorce-texas\/#primaryimage"},"thumbnailUrl":"https:\/\/divorcebettertexas.com\/wp-content\/uploads\/2020\/10\/affordable-divorce-texas-1.jpg","description":"If you and your partner can agree to the terms of your divorce, we can provide you the best divorce possible for your family.","breadcrumb":{"@id":"https:\/\/divorcebettertexas.com\/who-we-are\/affordable-divorce-texas\/#breadcrumb"},"inLanguage":"es-ES","potentialAction":[{"@type":"ReadAction","target":["https:\/\/divorcebettertexas.com\/who-we-are\/affordable-divorce-texas\/"]}]},{"@type":"ImageObject","inLanguage":"es-ES","@id":"https:\/\/divorcebettertexas.com\/who-we-are\/affordable-divorce-texas\/#primaryimage","url":"https:\/\/divorcebettertexas.com\/wp-content\/uploads\/2020\/10\/affordable-divorce-texas-1.jpg","contentUrl":"https:\/\/divorcebettertexas.com\/wp-content\/uploads\/2020\/10\/affordable-divorce-texas-1.jpg","width":800,"height":533,"caption":"Divorce Better"},{"@type":"BreadcrumbList","@id":"https:\/\/divorcebettertexas.com\/who-we-are\/affordable-divorce-texas\/#breadcrumb","itemListElement":[{"@type":"ListItem","position":1,"name":"Home","item":"https:\/\/divorcebettertexas.com\/"},{"@type":"ListItem","position":2,"name":"Who We Are","item":"https:\/\/divorcebettertexas.com\/who-we-are\/"},{"@type":"ListItem","position":3,"name":"Divorce Better"}]},{"@type":"WebSite","@id":"https:\/\/divorcebettertexas.com\/#website","url":"https:\/\/divorcebettertexas.com\/","name":"Divorcio Econ\u00f3mico Texas","description":"","publisher":{"@id":"https:\/\/divorcebettertexas.com\/#organization"},"potentialAction":[{"@type":"SearchAction","target":{"@type":"EntryPoint","urlTemplate":"https:\/\/divorcebettertexas.com\/?s={search_term_string}"},"query-input":{"@type":"PropertyValueSpecification","valueRequired":true,"valueName":"search_term_string"}}],"inLanguage":"es-ES"},{"@type":"Organization","@id":"https:\/\/divorcebettertexas.com\/#organization","name":"Divorcio Econ\u00f3mico Texas","url":"https:\/\/divorcebettertexas.com\/","logo":{"@type":"ImageObject","inLanguage":"es-ES","@id":"https:\/\/divorcebettertexas.com\/#\/schema\/logo\/image\/","url":"https:\/\/divorcebettertexas.com\/wp-content\/uploads\/2020\/08\/logo-80h.png","contentUrl":"https:\/\/divorcebettertexas.com\/wp-content\/uploads\/2020\/08\/logo-80h.png","width":210,"height":80,"caption":"Divorce Better"},"image":{"@id":"https:\/\/divorcebettertexas.com\/#\/schema\/logo\/image\/"}}]}},"_links":{"self":[{"href":"https:\/\/divorcebettertexas.com\/es\/wp-json\/wp\/v2\/pages\/88","targetHints":{"allow":["GET"]}}],"collection":[{"href":"https:\/\/divorcebettertexas.com\/es\/wp-json\/wp\/v2\/pages"}],"about":[{"href":"https:\/\/divorcebettertexas.com\/es\/wp-json\/wp\/v2\/types\/page"}],"author":[{"embeddable":true,"href":"https:\/\/divorcebettertexas.com\/es\/wp-json\/wp\/v2\/users\/1"}],"replies":[{"embeddable":true,"href":"https:\/\/divorcebettertexas.com\/es\/wp-json\/wp\/v2\/comments?post=88"}],"version-history":[{"count":38,"href":"https:\/\/divorcebettertexas.com\/es\/wp-json\/wp\/v2\/pages\/88\/revisions"}],"predecessor-version":[{"id":1096,"href":"https:\/\/divorcebettertexas.com\/es\/wp-json\/wp\/v2\/pages\/88\/revisions\/1096"}],"up":[{"embeddable":true,"href":"https:\/\/divorcebettertexas.com\/es\/wp-json\/wp\/v2\/pages\/74"}],"wp:featuredmedia":[{"embeddable":true,"href":"https:\/\/divorcebettertexas.com\/es\/wp-json\/wp\/v2\/media\/476"}],"wp:attachment":[{"href":"https:\/\/divorcebettertexas.com\/es\/wp-json\/wp\/v2\/media?parent=88"}],"curies":[{"name":"wp","href":"https:\/\/api.w.org\/{rel}","templated":true}]}}