{"id":82,"date":"2020-08-22T18:13:46","date_gmt":"2020-08-23T00:13:46","guid":{"rendered":"http:\/\/divorcebettertexas.com\/?page_id=82"},"modified":"2023-02-16T09:03:58","modified_gmt":"2023-02-16T15:03:58","slug":"contact","status":"publish","type":"page","link":"https:\/\/divorcebettertexas.com\/es\/contact\/","title":{"rendered":"Contacto"},"content":{"rendered":"<p><img loading=\"lazy\" decoding=\"async\" class=\"wp-image-1392 size-full aligncenter\" src=\"https:\/\/divorcebettertexas.com\/wp-content\/uploads\/2023\/02\/logo-better-80h.png\" alt=\"\" width=\"162\" height=\"80\" srcset=\"https:\/\/divorcebettertexas.com\/wp-content\/uploads\/2023\/02\/logo-better-80h.png 162w, https:\/\/divorcebettertexas.com\/wp-content\/uploads\/2023\/02\/logo-better-80h-18x9.png 18w\" sizes=\"auto, (max-width: 162px) 100vw, 162px\" \/><\/p>\n<h3 style=\"text-align: center;\">Una mejor manera de divorciarse y de pasar por ello<\/h3>\n<p style=\"text-align: center;\">Consultas 24\/7\u00a0<a href=\"tel:+17138938622\">(713) 893-8622<\/a><\/p>\n<p>&nbsp;<\/p>\n<p style=\"text-align: left;\">\n<div class=\"wpcf7 no-js\" id=\"wpcf7-f239-o1\" lang=\"en-US\" dir=\"ltr\" data-wpcf7-id=\"239\">\n<div class=\"screen-reader-response\">\n<p role=\"status\" aria-live=\"polite\" aria-atomic=\"true\">\n<ul><\/ul>\n<\/div>\n<form action=\"\/es\/wp-json\/wp\/v2\/pages\/82#wpcf7-f239-o1\" method=\"post\" class=\"wpcf7-form init\" aria-label=\"Contact form\" novalidate=\"novalidate\" data-status=\"init\" data-trp-original-action=\"\/es\/wp-json\/wp\/v2\/pages\/82#wpcf7-f239-o1\">\n<fieldset class=\"hidden-fields-container\"><input type=\"hidden\" name=\"_wpcf7\" value=\"239\" \/><input type=\"hidden\" name=\"_wpcf7_version\" value=\"6.1.4\" \/><input type=\"hidden\" name=\"_wpcf7_locale\" value=\"en_US\" \/><input type=\"hidden\" name=\"_wpcf7_unit_tag\" value=\"wpcf7-f239-o1\" \/><input type=\"hidden\" name=\"_wpcf7_container_post\" value=\"0\" \/><input type=\"hidden\" name=\"_wpcf7_posted_data_hash\" value=\"\" \/><input type=\"hidden\" name=\"_wpcf7_recaptcha_response\" value=\"\" \/><br \/>\n<\/fieldset>\n<p><span class=\"wpcf7-form-control-wrap\" data-name=\"your-name\"><input size=\"40\" maxlength=\"400\" class=\"wpcf7-form-control wpcf7-text wpcf7-validates-as-required\" aria-required=\"true\" aria-invalid=\"false\" placeholder=\"Full Name\" value=\"\" type=\"text\" name=\"your-name\" \/><\/span>\n<\/p>\n<p><span class=\"wpcf7-form-control-wrap\" data-name=\"your-email\"><input size=\"40\" maxlength=\"400\" class=\"wpcf7-form-control wpcf7-email wpcf7-validates-as-required wpcf7-text wpcf7-validates-as-email\" aria-required=\"true\" aria-invalid=\"false\" placeholder=\"Correo Electr\u00f3nico\" value=\"\" type=\"email\" name=\"your-email\" \/><\/span>\n<\/p>\n<p><span class=\"wpcf7-form-control-wrap\" data-name=\"phone\"><input size=\"40\" maxlength=\"400\" class=\"wpcf7-form-control wpcf7-text\" aria-invalid=\"false\" placeholder=\"Tel\u00e9fono\" value=\"\" type=\"text\" name=\"phone\" \/><\/span>\n<\/p>\n<p><span class=\"wpcf7-form-control-wrap\" data-name=\"message\"><textarea cols=\"40\" rows=\"10\" maxlength=\"2000\" class=\"wpcf7-form-control wpcf7-textarea wpcf7-validates-as-required\" aria-required=\"true\" aria-invalid=\"false\" placeholder=\"Cu\u00e9ntanos qu\u00e9 est\u00e1 pasando\" name=\"message\"><\/textarea><\/span>\n<\/p>\n<div class=\"wpcf7-turnstile cf-turnstile\" data-sitekey=\"0x4AAAAAABybEQGrP75FYXiS\" data-response-field-name=\"_wpcf7_turnstile_response\"><\/div>\n<p><input class=\"wpcf7-form-control wpcf7-submit has-spinner\" type=\"submit\" value=\"Enviar\" \/>\n<\/p>\n<p style=\"display: none !important;\" class=\"akismet-fields-container\" data-prefix=\"_wpcf7_ak_\"><label>&#916;<textarea name=\"_wpcf7_ak_hp_textarea\" cols=\"45\" rows=\"8\" maxlength=\"100\"><\/textarea><\/label><input type=\"hidden\" id=\"ak_js_1\" name=\"_wpcf7_ak_js\" value=\"163\"\/><script>document.getElementById( \"ak_js_1\" ).setAttribute( \"value\", ( new Date() ).getTime() );<\/script><\/p>\n<div class=\"wpcf7-response-output\" aria-hidden=\"true\"><\/div>\n<input type=\"hidden\" name=\"trp-form-language\" value=\"es\"\/><\/form>\n<\/div>","protected":false},"excerpt":{"rendered":"<p>A better way to- and through-divorce 24\/7 Consultations\u00a0(713) 893-8622 &nbsp;<\/p>","protected":false},"author":1,"featured_media":0,"parent":0,"menu_order":0,"comment_status":"closed","ping_status":"closed","template":"page-template\/full-width-5.php","meta":{"footnotes":""},"class_list":["post-82","page","type-page","status-publish","hentry"],"yoast_head":"<!-- This site is optimized with the Yoast SEO plugin v26.6 - https:\/\/yoast.com\/wordpress\/plugins\/seo\/ -->\n<title>Contact - Divorce Better in Houston, TX - Value Divorce Lawyer<\/title>\n<meta name=\"description\" content=\"Contact - Divorce Better in Houston, TX - value divorce lawyer - value divorce lawyer - uncontested divorce Houston - family mediation Houston.\" \/>\n<meta name=\"robots\" content=\"index, follow, max-snippet:-1, max-image-preview:large, max-video-preview:-1\" \/>\n<link rel=\"canonical\" href=\"https:\/\/divorcebettertexas.com\/es\/contact\/\" \/>\n<meta property=\"og:locale\" content=\"es_ES\" \/>\n<meta property=\"og:type\" content=\"article\" \/>\n<meta property=\"og:title\" content=\"Contact - Affordable divorce in houston, TX - Value Divorce Lawyer\" \/>\n<meta property=\"og:description\" content=\"Contact - Affordable divorce in houston, TX - value divorce lawyer - value divorce lawyer - uncontested divorce Houston - family mediation Houston.\" \/>\n<meta property=\"og:url\" content=\"https:\/\/divorcebettertexas.com\/es\/contact\/\" \/>\n<meta property=\"og:site_name\" content=\"Divorce Better\" \/>\n<meta property=\"article:modified_time\" content=\"2023-02-16T15:03:58+00:00\" \/>\n<meta property=\"og:image\" content=\"https:\/\/divorcebettertexas.com\/wp-content\/uploads\/2023\/02\/logo-better-80h.png\" \/>\n<meta name=\"twitter:card\" content=\"summary_large_image\" \/>\n<meta name=\"twitter:title\" content=\"Contact - Affordable divorce in houston, TX - Value Divorce Lawyer\" \/>\n<meta name=\"twitter:description\" content=\"Contact - Affordable divorce in houston, TX - value divorce lawyer - value divorce lawyer - uncontested divorce Houston - family mediation Houston.\" \/>\n<script type=\"application\/ld+json\" class=\"yoast-schema-graph\">{\"@context\":\"https:\/\/schema.org\",\"@graph\":[{\"@type\":\"WebPage\",\"@id\":\"https:\/\/divorcebettertexas.com\/contact\/\",\"url\":\"https:\/\/divorcebettertexas.com\/contact\/\",\"name\":\"Contact - Divorce Better in Houston, TX - Value Divorce Lawyer\",\"isPartOf\":{\"@id\":\"https:\/\/divorcebettertexas.com\/#website\"},\"primaryImageOfPage\":{\"@id\":\"https:\/\/divorcebettertexas.com\/contact\/#primaryimage\"},\"image\":{\"@id\":\"https:\/\/divorcebettertexas.com\/contact\/#primaryimage\"},\"thumbnailUrl\":\"https:\/\/divorcebettertexas.com\/wp-content\/uploads\/2023\/02\/logo-better-80h.png\",\"description\":\"Contact - Divorce Better in Houston, TX - value divorce lawyer - value divorce lawyer - uncontested divorce Houston - family mediation Houston.\",\"breadcrumb\":{\"@id\":\"https:\/\/divorcebettertexas.com\/contact\/#breadcrumb\"},\"inLanguage\":\"es-ES\",\"potentialAction\":[{\"@type\":\"ReadAction\",\"target\":[\"https:\/\/divorcebettertexas.com\/contact\/\"]}]},{\"@type\":\"ImageObject\",\"inLanguage\":\"es-ES\",\"@id\":\"https:\/\/divorcebettertexas.com\/contact\/#primaryimage\",\"url\":\"https:\/\/divorcebettertexas.com\/wp-content\/uploads\/2023\/02\/logo-better-80h.png\",\"contentUrl\":\"https:\/\/divorcebettertexas.com\/wp-content\/uploads\/2023\/02\/logo-better-80h.png\"},{\"@type\":\"BreadcrumbList\",\"@id\":\"https:\/\/divorcebettertexas.com\/contact\/#breadcrumb\",\"itemListElement\":[{\"@type\":\"ListItem\",\"position\":1,\"name\":\"Home\",\"item\":\"https:\/\/divorcebettertexas.com\/\"},{\"@type\":\"ListItem\",\"position\":2,\"name\":\"Contact\"}]},{\"@type\":\"WebSite\",\"@id\":\"https:\/\/divorcebettertexas.com\/#website\",\"url\":\"https:\/\/divorcebettertexas.com\/\",\"name\":\"Divorce Better\",\"description\":\"\",\"publisher\":{\"@id\":\"https:\/\/divorcebettertexas.com\/#organization\"},\"potentialAction\":[{\"@type\":\"SearchAction\",\"target\":{\"@type\":\"EntryPoint\",\"urlTemplate\":\"https:\/\/divorcebettertexas.com\/?s={search_term_string}\"},\"query-input\":{\"@type\":\"PropertyValueSpecification\",\"valueRequired\":true,\"valueName\":\"search_term_string\"}}],\"inLanguage\":\"es-ES\"},{\"@type\":\"Organization\",\"@id\":\"https:\/\/divorcebettertexas.com\/#organization\",\"name\":\"Divorce Better\",\"url\":\"https:\/\/divorcebettertexas.com\/\",\"logo\":{\"@type\":\"ImageObject\",\"inLanguage\":\"es-ES\",\"@id\":\"https:\/\/divorcebettertexas.com\/#\/schema\/logo\/image\/\",\"url\":\"https:\/\/divorcebettertexas.com\/wp-content\/uploads\/2020\/08\/logo-80h.png\",\"contentUrl\":\"https:\/\/divorcebettertexas.com\/wp-content\/uploads\/2020\/08\/logo-80h.png\",\"width\":210,\"height\":80,\"caption\":\"Divorce Better\"},\"image\":{\"@id\":\"https:\/\/divorcebettertexas.com\/#\/schema\/logo\/image\/\"}}]}<\/script>\n<!-- \/ Yoast SEO plugin. -->","yoast_head_json":{"title":"Contact - Divorce Better in Houston, TX - Value Divorce Lawyer","description":"Contact - Divorce Better in Houston, TX - value divorce lawyer - value divorce lawyer - uncontested divorce Houston - family mediation Houston.","robots":{"index":"index","follow":"follow","max-snippet":"max-snippet:-1","max-image-preview":"max-image-preview:large","max-video-preview":"max-video-preview:-1"},"canonical":"https:\/\/divorcebettertexas.com\/es\/contact\/","og_locale":"es_ES","og_type":"article","og_title":"Contact - Affordable divorce in houston, TX - Value Divorce Lawyer","og_description":"Contact - Affordable divorce in houston, TX - value divorce lawyer - value divorce lawyer - uncontested divorce Houston - family mediation Houston.","og_url":"https:\/\/divorcebettertexas.com\/es\/contact\/","og_site_name":"Divorce Better","article_modified_time":"2023-02-16T15:03:58+00:00","og_image":[{"url":"https:\/\/divorcebettertexas.com\/wp-content\/uploads\/2023\/02\/logo-better-80h.png","type":"","width":"","height":""}],"twitter_card":"summary_large_image","twitter_title":"Contact - Affordable divorce in houston, TX - Value Divorce Lawyer","twitter_description":"Contact - Affordable divorce in houston, TX - value divorce lawyer - value divorce lawyer - uncontested divorce Houston - family mediation Houston.","schema":{"@context":"https:\/\/schema.org","@graph":[{"@type":"WebPage","@id":"https:\/\/divorcebettertexas.com\/contact\/","url":"https:\/\/divorcebettertexas.com\/contact\/","name":"Contact - Divorce Better in Houston, TX - Value Divorce Lawyer","isPartOf":{"@id":"https:\/\/divorcebettertexas.com\/#website"},"primaryImageOfPage":{"@id":"https:\/\/divorcebettertexas.com\/contact\/#primaryimage"},"image":{"@id":"https:\/\/divorcebettertexas.com\/contact\/#primaryimage"},"thumbnailUrl":"https:\/\/divorcebettertexas.com\/wp-content\/uploads\/2023\/02\/logo-better-80h.png","description":"Contact - Divorce Better in Houston, TX - value divorce lawyer - value divorce lawyer - uncontested divorce Houston - family mediation Houston.","breadcrumb":{"@id":"https:\/\/divorcebettertexas.com\/contact\/#breadcrumb"},"inLanguage":"es-ES","potentialAction":[{"@type":"ReadAction","target":["https:\/\/divorcebettertexas.com\/contact\/"]}]},{"@type":"ImageObject","inLanguage":"es-ES","@id":"https:\/\/divorcebettertexas.com\/contact\/#primaryimage","url":"https:\/\/divorcebettertexas.com\/wp-content\/uploads\/2023\/02\/logo-better-80h.png","contentUrl":"https:\/\/divorcebettertexas.com\/wp-content\/uploads\/2023\/02\/logo-better-80h.png"},{"@type":"BreadcrumbList","@id":"https:\/\/divorcebettertexas.com\/contact\/#breadcrumb","itemListElement":[{"@type":"ListItem","position":1,"name":"Home","item":"https:\/\/divorcebettertexas.com\/"},{"@type":"ListItem","position":2,"name":"Contact"}]},{"@type":"WebSite","@id":"https:\/\/divorcebettertexas.com\/#website","url":"https:\/\/divorcebettertexas.com\/","name":"Divorcio Econ\u00f3mico Texas","description":"","publisher":{"@id":"https:\/\/divorcebettertexas.com\/#organization"},"potentialAction":[{"@type":"SearchAction","target":{"@type":"EntryPoint","urlTemplate":"https:\/\/divorcebettertexas.com\/?s={search_term_string}"},"query-input":{"@type":"PropertyValueSpecification","valueRequired":true,"valueName":"search_term_string"}}],"inLanguage":"es-ES"},{"@type":"Organization","@id":"https:\/\/divorcebettertexas.com\/#organization","name":"Divorcio Econ\u00f3mico Texas","url":"https:\/\/divorcebettertexas.com\/","logo":{"@type":"ImageObject","inLanguage":"es-ES","@id":"https:\/\/divorcebettertexas.com\/#\/schema\/logo\/image\/","url":"https:\/\/divorcebettertexas.com\/wp-content\/uploads\/2020\/08\/logo-80h.png","contentUrl":"https:\/\/divorcebettertexas.com\/wp-content\/uploads\/2020\/08\/logo-80h.png","width":210,"height":80,"caption":"Divorce Better"},"image":{"@id":"https:\/\/divorcebettertexas.com\/#\/schema\/logo\/image\/"}}]}},"_links":{"self":[{"href":"https:\/\/divorcebettertexas.com\/es\/wp-json\/wp\/v2\/pages\/82","targetHints":{"allow":["GET"]}}],"collection":[{"href":"https:\/\/divorcebettertexas.com\/es\/wp-json\/wp\/v2\/pages"}],"about":[{"href":"https:\/\/divorcebettertexas.com\/es\/wp-json\/wp\/v2\/types\/page"}],"author":[{"embeddable":true,"href":"https:\/\/divorcebettertexas.com\/es\/wp-json\/wp\/v2\/users\/1"}],"replies":[{"embeddable":true,"href":"https:\/\/divorcebettertexas.com\/es\/wp-json\/wp\/v2\/comments?post=82"}],"version-history":[{"count":7,"href":"https:\/\/divorcebettertexas.com\/es\/wp-json\/wp\/v2\/pages\/82\/revisions"}],"predecessor-version":[{"id":1393,"href":"https:\/\/divorcebettertexas.com\/es\/wp-json\/wp\/v2\/pages\/82\/revisions\/1393"}],"wp:attachment":[{"href":"https:\/\/divorcebettertexas.com\/es\/wp-json\/wp\/v2\/media?parent=82"}],"curies":[{"name":"wp","href":"https:\/\/api.w.org\/{rel}","templated":true}]}}