{"id":80,"date":"2020-08-22T18:13:36","date_gmt":"2020-08-23T00:13:36","guid":{"rendered":"http:\/\/divorcebettertexas.com\/?page_id=80"},"modified":"2022-01-09T12:12:58","modified_gmt":"2022-01-09T18:12:58","slug":"frequently-asked-questions","status":"publish","type":"page","link":"https:\/\/divorcebettertexas.com\/es\/frequently-asked-questions\/","title":{"rendered":"Preguntas M\u00e1s Frecuentes"},"content":{"rendered":"<h1>Preguntas M\u00e1s Frecuentes (FAQ)<\/h1>\n<h2 class=\"faq\">1. \u00bfCu\u00e1l es el precio final de mi divorcio?<\/h2>\n<p>Eso depender\u00e1 de sus necesidades espec\u00edficas. Ofrecemos un modelo de precios de tarifa plana poco convencional que es totalmente transparente y le permite pagar s\u00f3lo por los servicios que necesita. Por ejemplo, hacemos de todo, desde la revisi\u00f3n de sus documentos de divorcio Hazlo T\u00fa Mismo por $450 hasta paquetes de divorcio con mediaci\u00f3n a partir de $3,800.<\/p>\n<p><a href=\"https:\/\/divorcebettertexas.com\/es\/pricing\/\">Haga clic aqu\u00ed para ver nuestra p\u00e1gina de precios<\/a>.<\/p>\n<h2 class=\"faq\">2. \u00bfPor qu\u00e9 no hacer mi divorcio yo mismo?<\/h2>\n<p>Hay formas s\u00f3lidas que le permiten hacer su propio divorcio. Si usted y su pareja pueden estar de acuerdo en los t\u00e9rminos de su divorcio y su divorcio es relativamente sencillo (es decir, sin hijos, activos limitados, sin deuda), entonces usted puede muy bien ser capaz de resolver y manejar su propio divorcio.<\/p>\n<p>Ni siquiera necesita pagar por estos formularios. <a href=\"https:\/\/texaslawhelp.org\" target=\"_blank\" rel=\"noopener\">TexasLawHelp.org<\/a> es un gran recurso, y el producto de un esfuerzo conjunto entre las organizaciones de ayuda legal y los tribunales de Texas para ayudar a las personas a manejar sus propios asuntos legales. En el sitio web encontrar\u00e1 recursos gratuitos que le permitir\u00e1n realizar su propio divorcio.<\/p>\n<p>Si usted va a tomar esta ruta, usted *debe* asegurarse de leer todas las instrucciones para asegurarse de que lo hace bien. Por ejemplo, hace poco ayudamos a una pareja que hab\u00eda rellenado el formulario por s\u00ed misma, s\u00f3lo para darse cuenta de que, si lo hubieran presentado en el juzgado y un juez lo hubiera aprobado, no se habr\u00edan divorciado legalmente.<\/p>\n<p>El Sr. y la Sra. X (como los llamaremos) se hab\u00edan separado hac\u00eda 2 a\u00f1os, y en ese tiempo, la Sra. X se qued\u00f3 embarazada del hijo de otro hombre. El Sr. y la Sra. X no lo revelaron en los documentos de divorcio, y un juez probablemente no habr\u00eda preguntado por el embarazo. Esto por s\u00ed solo habr\u00eda anulado su divorcio.<\/p>\n<p>Another couple tried to do their own divorce documents without counsel. A judge rejected their divorce on the basis that no one was paying child support, and it was sent to mediation. (While a couple can agree to non-standard provisions, some judges will not agree to those terms when the parties are unrepresented by attorneys, unless they can prove that those terms are truly in the best interests of their child\/ren.)<\/p>\n<p>Cuando escarbamos en los documentos, nos dimos cuenta de que el ni\u00f1o recib\u00eda Medicaid, lo que desencadena un requisito de notificaci\u00f3n del divorcio a la oficina del Fiscal General. La pareja no lo hab\u00eda hecho, y si el juez les hubiera concedido el divorcio, \u00e9ste podr\u00eda haberse anulado por no haber informado al Fiscal General del divorcio.<\/p>\n<p>La conclusi\u00f3n es que puede haber m\u00e1s en juego de lo que se cree. Sabemos que el modelo convencional est\u00e1 fuera de alcance y es excesivo para muchas familias. Por eso hemos ideado una forma mejor de divorciarse.<\/p>\n<h2 class=\"faq\">3. \u00bfQu\u00e9 pasa con los anuncios que veo de divorcios por 150 d\u00f3lares? \u00bfQu\u00e9 hay de malo en ellos?<\/h2>\n<p>Si usted quiere ir por la ruta de Hazlo T\u00fa Mismo, no hay ninguna raz\u00f3n que usted debe pagar por estos servicios. <a href=\"https:\/\/texaslawhelp.org\" target=\"_blank\" rel=\"noopener\">TexasLawHelp.org<\/a> pone formas de calidad de forma gratuita. Estos servicios de divorcios sospechosamente baratos b\u00e1sicamente le cobran por sus formularios sin proporcionarle un valor adicional.<\/p>\n<p>De hecho, pueden hacer lo contrario. Dado que las personas con las que interact\u00faa no son abogados, pueden perjudicarle realmente, al proporcionarle informaci\u00f3n err\u00f3nea, lo que puede acabar cost\u00e1ndole m\u00e1s, tanto en dinero como en tiempo, e incluso dar lugar a un divorcio inv\u00e1lido. \u00bfQu\u00e9 le parecer\u00eda volver a casarse dentro de 10 a\u00f1os y descubrir que su primer divorcio no era v\u00e1lido? Eso ocurre.<\/p>\n<p>Adem\u00e1s, de lo que no se da cuenta es de lo que no est\u00e1 incluido. Lo que le pagan a estas empresas no cubre el costo total de su divorcio. A\u00fan tendr\u00e1 que pagar las tasas judiciales, alrededor de $ 350.<\/p>\n<h2 class=\"faq\">4. \u00bfCu\u00e1nto tiempo tomar\u00e1 desde el momento en que me ponga en contacto con ustedes hasta la finalizaci\u00f3n de mi divorcio?<\/h2>\n<p>La ley de Texas requiere que las parejas esperen un m\u00ednimo de 60 d\u00edas despu\u00e9s de la presentaci\u00f3n antes de que un juez conceda el divorcio.<\/p>\n<p>Dicho esto, un divorcio convencional (o \"impugnado\") puede tardar literalmente a\u00f1os antes de que una pareja pueda divorciarse legalmente, ya que depende de un largo proceso de idas y venidas entre los abogados de cada parte. Cuando los abogados no se ponen de acuerdo, deben esperar a que un juez programe una vista sobre el asunto, lo que puede llevar meses. El resultado es un proceso largo e interminable que no s\u00f3lo requiere mucho tiempo y dinero, sino que conlleva riesgos incre\u00edblemente altos, permitiendo que un extra\u00f1o decida el destino de una familia.<\/p>\n<p>Por el contrario, nuestro objetivo es estar listos para finalizar un divorcio cuando el per\u00edodo de espera de 60 d\u00edas expira, lo que permite a las parejas divorciarse lo m\u00e1s r\u00e1pido posible, a una fracci\u00f3n del costo, y en sus propios t\u00e9rminos.<\/p>\n<h2 class=\"faq\">5. \u00bfCon qu\u00e9 frecuencia tendremos que reunirnos?<\/h2>\n<p>La respuesta realmente depende de lo que quieras y necesites. Para el 90% de nuestros clientes, nunca nos encontramos f\u00edsicamente. Casi todo se puede hacer por tel\u00e9fono, correo electr\u00f3nico y videochat, incluidas las comparecencias ante el tribunal.<\/p>\n<p>Si prefiere las reuniones en persona, podemos estar seguros de incluirlas en nuestra propuesta de tarifa plana despu\u00e9s de haber tenido la oportunidad de hablar con usted y su c\u00f3nyuge para determinar el mejor y m\u00e1s eficiente camino hacia su mejor divorcio.<\/p>\n<p>With our <a href=\"https:\/\/divorcebettertexas.com\/es\/pricing\/#guided-divorce-package\">paquete de Divorcio Guiado<\/a>, por lo general hablamos con parejas de dos a cuatro veces en promedio, y cada reuni\u00f3n dura de una a dos horas. Sin embargo, dependiendo de las necesidades de su familia, podemos aumentar o disminuir el n\u00famero de reuniones.<\/p>\n<p><a name=\"6\"><\/a>Dicho esto, con nuestro <a href=\"https:\/\/divorcebettertexas.com\/es\/pricing\/#guided-divorce-package\">paquete de Divorcio Guiado<\/a>, nos reunimos con las parejas de dos a cuatro veces en promedio, con cada reuni\u00f3n de una duraci\u00f3n estimada de 2 horas. Sin embargo, dependiendo de las necesidades de su familia, podemos aumentar o disminuir el n\u00famero de reuniones.<\/p>\n<p>En cualquier caso, si en alg\u00fan momento quiere hablar con un abogado, estamos a s\u00f3lo una llamada telef\u00f3nica o un correo electr\u00f3nico de distancia.<\/p>\n<h2 class=\"faq\">6. \u00bfQu\u00e9 tipo de parejas son buenas candidatas para un divorcio de mutuo acuerdo?<\/h2>\n<p>Las parejas que se divorcian con \u00e9xito sin una lucha legal son m\u00e1s diferentes que parecidas. Provienen de diferentes niveles socioecon\u00f3micos, antecedentes religiosos, a\u00f1os de matrimonio, antecedentes de divorcio, razas y etnias, y n\u00famero de hijos.<\/p>\n<p>Puede que se consideren amigos, o que ni siquiera consigan estar juntos en la misma habitaci\u00f3n.<\/p>\n<p>El hilo com\u00fan que une a todas las parejas con \u00e9xito es un fuerte deseo de evitar el t\u00edpico divorcio y un compromiso compartido con el proceso. Las motivaciones para divorciarse var\u00edan e incluyen:<\/p>\n<ul>\n<li>el alto coste de un divorcio tradicional<\/li>\n<li>el atractivo de un divorcio m\u00e1s r\u00e1pido<\/li>\n<li>el deseo de decidir por s\u00ed mismos el calendario de custodia, la manutenci\u00f3n de los hijos, la divisi\u00f3n de los bienes, etc.<\/li>\n<li>el deseo de minimizar el trauma del divorcio, especialmente si hay hijos<\/li>\n<li>el miedo a lo que un juez decida qu\u00e9 es lo mejor para su familia<\/li>\n<li>el deseo de mantener la informaci\u00f3n privada fuera del dominio p\u00fablico<\/li>\n<\/ul>\n<p>En \u00faltima instancia, todo lo que se requiere es un compromiso con dos cosas - Comunicaci\u00f3n honesta pero productiva y razonabilidad.<\/p>\n<h2 class=\"faq\">7. \u00bfQu\u00e9 porcentaje de parejas que emprenden una mediaci\u00f3n de divorcio tienen \u00e9xito?<\/h2>\n<p>La tasa de \u00e9xito de las parejas que no s\u00f3lo se divorcian con \u00e9xito utilizando la mediaci\u00f3n, sino que adem\u00e1s cumplen los t\u00e9rminos de su divorcio es impresionante. Casi el 90% de las parejas se divorcian con \u00e9xito, en una fracci\u00f3n del tiempo y a una fracci\u00f3n del coste que suele requerir un divorcio convencional.<\/p>\n<p>Debido a que nos especializamos en el proceso de divorcio incontestado, no aceptamos todos los asuntos. Primero debemos hablar con usted y su pareja para determinar si estamos seguros de que podremos ayudarlo a lograr un divorcio acordado utilizando nuestra metodolog\u00eda. Si determinamos que no somos adecuados para sus necesidades, con gusto le recomendaremos otros abogados a los que le encomendaremos nuestros propios asuntos.<\/p>\n<h2 class=\"faq\">8. \u00bfD\u00f3nde est\u00e1n sus oficinas?<\/h2>\n<p>Si bien mantenemos una oficina ubicada en el centro de Houston, Texas, tambi\u00e9n utilizamos videoconferencias seguras de alimentaci\u00f3n m\u00faltiple para reuniones cara a cara, lo que nos brinda la conveniencia de reunirnos con clientes en todo el estado de Texas, de manera segura. Hemos comparecido ante tribunales de todo el estado, desde El Paso hasta el condado de Jefferson, y todo lo dem\u00e1s.<\/p>","protected":false},"excerpt":{"rendered":"<p>Frequently Asked Questions (FAQ) 1. How much is the final price of my divorce? That will depend on your specific needs. We offer an unconventional flat-fee pricing model that is fully transparent and allows you&#8230;<\/p>\n<div class=\"button-div\"><a href=\"https:\/\/divorcebettertexas.com\/es\/frequently-asked-questions\/\" class=\"button-read\">Leer m\u00e1s<\/a><\/div>","protected":false},"author":1,"featured_media":0,"parent":0,"menu_order":0,"comment_status":"closed","ping_status":"closed","template":"page-template\/full-width-5.php","meta":{"footnotes":""},"class_list":["post-80","page","type-page","status-publish","hentry"],"yoast_head":"<!-- This site is optimized with the Yoast SEO plugin v26.6 - https:\/\/yoast.com\/wordpress\/plugins\/seo\/ -->\n<title>Frequently Asked Questions - Affordable divorce in houston, TX<\/title>\n<meta name=\"description\" content=\"Frequently Asked Questions - Affordable divorce in houston, TX - value divorce lawyer - value divorce lawyer - uncontested divorce Houston.\" \/>\n<meta name=\"robots\" content=\"index, follow, max-snippet:-1, max-image-preview:large, max-video-preview:-1\" \/>\n<link rel=\"canonical\" href=\"https:\/\/divorcebettertexas.com\/es\/frequently-asked-questions\/\" \/>\n<meta property=\"og:locale\" content=\"es_ES\" \/>\n<meta property=\"og:type\" content=\"article\" \/>\n<meta property=\"og:title\" content=\"Frequently Asked Questions - Affordable divorce in houston, TX\" \/>\n<meta property=\"og:description\" content=\"Frequently Asked Questions - Affordable divorce in houston, TX - value divorce lawyer - value divorce lawyer - uncontested divorce Houston.\" \/>\n<meta property=\"og:url\" content=\"https:\/\/divorcebettertexas.com\/es\/frequently-asked-questions\/\" \/>\n<meta property=\"og:site_name\" content=\"Divorce Better\" \/>\n<meta property=\"article:modified_time\" content=\"2022-01-09T18:12:58+00:00\" \/>\n<meta name=\"twitter:card\" content=\"summary_large_image\" \/>\n<meta name=\"twitter:title\" content=\"Frequently Asked Questions - Affordable divorce in houston, TX\" \/>\n<meta name=\"twitter:description\" content=\"Frequently Asked Questions - Affordable divorce in houston, TX - value divorce lawyer - value divorce lawyer - uncontested divorce Houston.\" \/>\n<meta name=\"twitter:label1\" content=\"Est. reading time\" \/>\n\t<meta name=\"twitter:data1\" content=\"7 minutes\" \/>\n<script type=\"application\/ld+json\" class=\"yoast-schema-graph\">{\"@context\":\"https:\/\/schema.org\",\"@graph\":[{\"@type\":\"WebPage\",\"@id\":\"https:\/\/divorcebettertexas.com\/frequently-asked-questions\/\",\"url\":\"https:\/\/divorcebettertexas.com\/frequently-asked-questions\/\",\"name\":\"Frequently Asked Questions - Affordable divorce in houston, TX\",\"isPartOf\":{\"@id\":\"https:\/\/divorcebettertexas.com\/#website\"},\"description\":\"Frequently Asked Questions - Affordable divorce in houston, TX - value divorce lawyer - value divorce lawyer - uncontested divorce Houston.\",\"breadcrumb\":{\"@id\":\"https:\/\/divorcebettertexas.com\/frequently-asked-questions\/#breadcrumb\"},\"inLanguage\":\"es-ES\",\"potentialAction\":[{\"@type\":\"ReadAction\",\"target\":[\"https:\/\/divorcebettertexas.com\/frequently-asked-questions\/\"]}]},{\"@type\":\"BreadcrumbList\",\"@id\":\"https:\/\/divorcebettertexas.com\/frequently-asked-questions\/#breadcrumb\",\"itemListElement\":[{\"@type\":\"ListItem\",\"position\":1,\"name\":\"Home\",\"item\":\"https:\/\/divorcebettertexas.com\/\"},{\"@type\":\"ListItem\",\"position\":2,\"name\":\"Frequently Asked Questions\"}]},{\"@type\":\"WebSite\",\"@id\":\"https:\/\/divorcebettertexas.com\/#website\",\"url\":\"https:\/\/divorcebettertexas.com\/\",\"name\":\"Divorce Better\",\"description\":\"\",\"publisher\":{\"@id\":\"https:\/\/divorcebettertexas.com\/#organization\"},\"potentialAction\":[{\"@type\":\"SearchAction\",\"target\":{\"@type\":\"EntryPoint\",\"urlTemplate\":\"https:\/\/divorcebettertexas.com\/?s={search_term_string}\"},\"query-input\":{\"@type\":\"PropertyValueSpecification\",\"valueRequired\":true,\"valueName\":\"search_term_string\"}}],\"inLanguage\":\"es-ES\"},{\"@type\":\"Organization\",\"@id\":\"https:\/\/divorcebettertexas.com\/#organization\",\"name\":\"Divorce Better\",\"url\":\"https:\/\/divorcebettertexas.com\/\",\"logo\":{\"@type\":\"ImageObject\",\"inLanguage\":\"es-ES\",\"@id\":\"https:\/\/divorcebettertexas.com\/#\/schema\/logo\/image\/\",\"url\":\"https:\/\/divorcebettertexas.com\/wp-content\/uploads\/2020\/08\/logo-80h.png\",\"contentUrl\":\"https:\/\/divorcebettertexas.com\/wp-content\/uploads\/2020\/08\/logo-80h.png\",\"width\":210,\"height\":80,\"caption\":\"Divorce Better\"},\"image\":{\"@id\":\"https:\/\/divorcebettertexas.com\/#\/schema\/logo\/image\/\"}}]}<\/script>\n<!-- \/ Yoast SEO plugin. -->","yoast_head_json":{"title":"Frequently Asked Questions - Affordable divorce in houston, TX","description":"Frequently Asked Questions - Affordable divorce in houston, TX - value divorce lawyer - value divorce lawyer - uncontested divorce Houston.","robots":{"index":"index","follow":"follow","max-snippet":"max-snippet:-1","max-image-preview":"max-image-preview:large","max-video-preview":"max-video-preview:-1"},"canonical":"https:\/\/divorcebettertexas.com\/es\/frequently-asked-questions\/","og_locale":"es_ES","og_type":"article","og_title":"Frequently Asked Questions - Affordable divorce in houston, TX","og_description":"Frequently Asked Questions - Affordable divorce in houston, TX - value divorce lawyer - value divorce lawyer - uncontested divorce Houston.","og_url":"https:\/\/divorcebettertexas.com\/es\/frequently-asked-questions\/","og_site_name":"Divorce Better","article_modified_time":"2022-01-09T18:12:58+00:00","twitter_card":"summary_large_image","twitter_title":"Frequently Asked Questions - Affordable divorce in houston, TX","twitter_description":"Frequently Asked Questions - Affordable divorce in houston, TX - value divorce lawyer - value divorce lawyer - uncontested divorce Houston.","twitter_misc":{"Est. reading time":"7 minutes"},"schema":{"@context":"https:\/\/schema.org","@graph":[{"@type":"WebPage","@id":"https:\/\/divorcebettertexas.com\/frequently-asked-questions\/","url":"https:\/\/divorcebettertexas.com\/frequently-asked-questions\/","name":"Frequently Asked Questions - Affordable divorce in houston, TX","isPartOf":{"@id":"https:\/\/divorcebettertexas.com\/#website"},"description":"Frequently Asked Questions - Affordable divorce in houston, TX - value divorce lawyer - value divorce lawyer - uncontested divorce Houston.","breadcrumb":{"@id":"https:\/\/divorcebettertexas.com\/frequently-asked-questions\/#breadcrumb"},"inLanguage":"es-ES","potentialAction":[{"@type":"ReadAction","target":["https:\/\/divorcebettertexas.com\/frequently-asked-questions\/"]}]},{"@type":"BreadcrumbList","@id":"https:\/\/divorcebettertexas.com\/frequently-asked-questions\/#breadcrumb","itemListElement":[{"@type":"ListItem","position":1,"name":"Home","item":"https:\/\/divorcebettertexas.com\/"},{"@type":"ListItem","position":2,"name":"Frequently Asked Questions"}]},{"@type":"WebSite","@id":"https:\/\/divorcebettertexas.com\/#website","url":"https:\/\/divorcebettertexas.com\/","name":"Divorcio Econ\u00f3mico Texas","description":"","publisher":{"@id":"https:\/\/divorcebettertexas.com\/#organization"},"potentialAction":[{"@type":"SearchAction","target":{"@type":"EntryPoint","urlTemplate":"https:\/\/divorcebettertexas.com\/?s={search_term_string}"},"query-input":{"@type":"PropertyValueSpecification","valueRequired":true,"valueName":"search_term_string"}}],"inLanguage":"es-ES"},{"@type":"Organization","@id":"https:\/\/divorcebettertexas.com\/#organization","name":"Divorcio Econ\u00f3mico Texas","url":"https:\/\/divorcebettertexas.com\/","logo":{"@type":"ImageObject","inLanguage":"es-ES","@id":"https:\/\/divorcebettertexas.com\/#\/schema\/logo\/image\/","url":"https:\/\/divorcebettertexas.com\/wp-content\/uploads\/2020\/08\/logo-80h.png","contentUrl":"https:\/\/divorcebettertexas.com\/wp-content\/uploads\/2020\/08\/logo-80h.png","width":210,"height":80,"caption":"Divorce Better"},"image":{"@id":"https:\/\/divorcebettertexas.com\/#\/schema\/logo\/image\/"}}]}},"_links":{"self":[{"href":"https:\/\/divorcebettertexas.com\/es\/wp-json\/wp\/v2\/pages\/80","targetHints":{"allow":["GET"]}}],"collection":[{"href":"https:\/\/divorcebettertexas.com\/es\/wp-json\/wp\/v2\/pages"}],"about":[{"href":"https:\/\/divorcebettertexas.com\/es\/wp-json\/wp\/v2\/types\/page"}],"author":[{"embeddable":true,"href":"https:\/\/divorcebettertexas.com\/es\/wp-json\/wp\/v2\/users\/1"}],"replies":[{"embeddable":true,"href":"https:\/\/divorcebettertexas.com\/es\/wp-json\/wp\/v2\/comments?post=80"}],"version-history":[{"count":14,"href":"https:\/\/divorcebettertexas.com\/es\/wp-json\/wp\/v2\/pages\/80\/revisions"}],"predecessor-version":[{"id":1123,"href":"https:\/\/divorcebettertexas.com\/es\/wp-json\/wp\/v2\/pages\/80\/revisions\/1123"}],"wp:attachment":[{"href":"https:\/\/divorcebettertexas.com\/es\/wp-json\/wp\/v2\/media?parent=80"}],"curies":[{"name":"wp","href":"https:\/\/api.w.org\/{rel}","templated":true}]}}