{"id":679,"date":"2021-02-14T20:26:48","date_gmt":"2021-02-15T02:26:48","guid":{"rendered":"https:\/\/divorcebettertexas.com\/?page_id=679"},"modified":"2025-12-24T09:20:48","modified_gmt":"2025-12-24T15:20:48","slug":"pricing","status":"publish","type":"page","link":"https:\/\/divorcebettertexas.com\/es\/pricing\/","title":{"rendered":"Precios"},"content":{"rendered":"<h2>Paquetes B\u00e1sicos de Divorcio<\/h2>\n<p><img loading=\"lazy\" decoding=\"async\" class=\"aligncenter size-full wp-image-800\" src=\"https:\/\/divorcebettertexas.com\/wp-content\/uploads\/2024\/10\/graphic1_v2.png\" alt=\"\" width=\"1170\" height=\"500\" \/><\/p>\n<div class=\"row product\">\n<div class=\"col-md-12\">\n<div class=\"row\">\n<div class=\"col-md-8 title title-row\">\n<h3>El No-Vegas Especial<\/h3>\n<p>Divorcio de mutuo acuerdo sin hijos <small>(<a data-toggle=\"collapse\" href=\"#the-un-vegas-special\" aria-expanded=\"false\" aria-controls=\"the-un-vegas-special\">Leer m\u00e1s<\/a>)<\/small><\/div>\n<div class=\"col-md-4 price title-row\"><em><small>starting at<\/small><\/em> $1,800<\/div>\n<\/p><\/div>\n<div class=\"row panel-collapse collapse\" id=\"the-un-vegas-special\">\n<div class=\"col-md-12 content\">\n                        Este paquete de divorcio est\u00e1 dise\u00f1ado para parejas sin hijos, con bienes limitados* y que est\u00e1n de acuerdo en cuanto a qui\u00e9n se queda con qu\u00e9.<\/p>\n<p>Un abogado licenciado de Texas preparar\u00e1 toda su documentaci\u00f3n legal, desde la presentaci\u00f3n inicial hasta la comparecencia final ante el tribunal, en cualquier lugar del estado de Texas. La ley de Texas requiere un per\u00edodo de \"enfriamiento\" de 60 d\u00edas despu\u00e9s de solicitar el divorcio, y podemos tenerte en el pr\u00f3ximo avi\u00f3n a Las Vegas en el d\u00eda 61.<\/p>\n<p>*Vea la tabla de abajo para ver lo que se incluye. Servicios a la carta pueden ser a\u00f1adidos.<\/p><\/div>\n<\/div>\n<\/div>\n<\/div>\n<div class=\"row product\">\n<div class=\"col-md-12\">\n<div class=\"row\">\n<div class=\"col-md-8 title title-row\">\n<h3>El R\u00e1pido-y-F\u00e1cil<\/h3>\n<p>Divorcio no disputado con hijos <small>(<a data-toggle=\"collapse\" href=\"#the-quick-n-easy\" aria-expanded=\"false\" aria-controls=\"the-quick-n-easy\">Leer m\u00e1s<\/a>)<\/small><\/div>\n<div class=\"col-md-4 price title-row\"><em><small>starting at<\/small><\/em> $2,800<\/div>\n<\/p><\/div>\n<div class=\"row panel-collapse collapse\" id=\"the-quick-n-easy\">\n<div class=\"col-md-12 content\">\n                        Nada sobre los ni\u00f1os es f\u00e1cil, pero este paquete de divorcio es lo m\u00e1s parecido. Est\u00e1 dise\u00f1ado para parejas con hijos y bienes limitados*, y que est\u00e1n de acuerdo con respecto a la co-paternidad y qui\u00e9n se queda con qu\u00e9.<\/p>\n<p>Un abogado licenciado de Texas preparar\u00e1 toda su documentaci\u00f3n legal, desde la presentaci\u00f3n inicial hasta la comparecencia final ante el tribunal, en cualquier lugar del estado de Texas. La ley de Texas requiere un per\u00edodo de \"enfriamiento\" de 60 d\u00edas despu\u00e9s de solicitar el divorcio, y nuestro objetivo es tener su divorcio finalizado tan pronto como el d\u00eda 61.<\/p>\n<p>*Ver tabla abajo. Servicios a la carta pueden ser a\u00f1adidos.\n<\/p><\/div>\n<\/div>\n<\/div>\n<\/div>\n<h2>Paquetes de Divorcio con Mediaci\u00f3n<\/h2>\n<p><a name=\"guided-divorce-package\"><\/a><img loading=\"lazy\" decoding=\"async\" class=\"aligncenter size-full wp-image-802\" src=\"https:\/\/divorcebettertexas.com\/wp-content\/uploads\/2024\/10\/graphic2_v2.png\" alt=\"\" width=\"1170\" height=\"500\" \/><\/p>\n<div class=\"row product\">\n<div class=\"col-md-12\">\n<div class=\"row\">\n<div class=\"col-md-8 title title-row\">\n<h3>El Divorcio Guiado<\/h3>\n<p>Divorcio no disputado con o sin hijos <small>(<a data-toggle=\"collapse\" href=\"#the-guided-divorce\" aria-expanded=\"false\" aria-controls=\"the-guided-divorce\">Leer m\u00e1s<\/a>)<\/small><\/div>\n<div class=\"col-md-4 price title-row\"><em><small>starting at<\/small><\/em> $3,800<\/div>\n<\/p><\/div>\n<div class=\"row panel-collapse collapse\" id=\"the-guided-divorce\">\n<div class=\"col-md-12 content\">\n                        Este paquete de divorcio es para las parejas que generalmente no quieren litigar su divorcio en la corte, pero necesitan algo de ayuda para llegar a un acuerdo sobre los detalles. Es particularmente adecuado para parejas con finanzas complicadas o con hijos.<\/p>\n<p>Un abogado-mediador de derecho de familia con licencia le guiar\u00e1 a usted y a su pareja hacia soluciones que funcionen para su familia y su futuro, a una fracci\u00f3n del costo. Un abogado licenciado de Texas preparar\u00e1 toda su documentaci\u00f3n legal, desde la presentaci\u00f3n inicial hasta la comparecencia final ante el tribunal, en cualquier lugar del estado de Texas. Y aunque este paquete ofrece una personalizaci\u00f3n completa, tenemos la intenci\u00f3n de tener sus documentos finales de divorcio listos para ir cuando el per\u00edodo de espera requerido de 60 d\u00edas expira.<\/p>\n<p>Vea la tabla de abajo para ver lo que est\u00e1 incluido. Se pueden a\u00f1adir servicios a la carta.\n<\/p><\/div>\n<\/div>\n<\/div>\n<\/div>\n<h2>Servicios Adicionales a La Carta<\/h2>\n<div class=\"row product\">\n<div class=\"col-md-12\">\n<div class=\"row\">\n<div class=\"col-md-8 title title-row\">\n<h3>Derivaci\u00f3n a un abogado litigante para un divorcio impugnado<\/h3>\n<p> <small>(<a data-toggle=\"collapse\" href=\"#referral-to-litigation-attorney-for-contested-divorce\" aria-expanded=\"false\" aria-controls=\"referral-to-litigation-attorney-for-contested-divorce\">Leer m\u00e1s<\/a>)<\/small><\/div>\n<div class=\"col-md-4 price title-row\">GRATIS<\/div>\n<\/p><\/div>\n<div class=\"row panel-collapse collapse\" id=\"referral-to-litigation-attorney-for-contested-divorce\">\n<div class=\"col-md-12 content\">\n                        Sabemos que un divorcio sin oposici\u00f3n no es posible para todos. Es dif\u00edcil encontrar abogados de familia competentes y a buen precio que te pongan en primer lugar, y estamos encantados de proporcionarte una lista de nuestros colegas que recomendamos.<\/div>\n<\/div>\n<\/div>\n<\/div>\n<div class=\"row product\">\n<div class=\"col-md-12\">\n<div class=\"row\">\n<div class=\"col-md-8 title title-row\">\n<h3>Sesi\u00f3n de mediaci\u00f3n (90 minutos)<\/h3>\n<p> <small>(<a data-toggle=\"collapse\" href=\"#mediation-session-90-minutes\" aria-expanded=\"false\" aria-controls=\"mediation-session-90-minutes\">Leer m\u00e1s<\/a>)<\/small><\/div>\n<div class=\"col-md-4 price title-row\"><em><small>starting at<\/small><\/em> $300 Per Side<\/div>\n<\/p><\/div>\n<div class=\"row panel-collapse collapse\" id=\"mediation-session-90-minutes\">\n<div class=\"col-md-12 content\">\n                        Si usted y su pareja necesitan ayuda para llegar a un acuerdo, o si es necesario un acuerdo de mediaci\u00f3n para finalizar su divorcio, puede programar sesiones de mediaci\u00f3n en bloques de 90 minutos, seg\u00fan sea necesario.<\/div>\n<\/div>\n<\/div>\n<\/div>\n<div class=\"row product\">\n<div class=\"col-md-12\">\n<div class=\"row\">\n<div class=\"col-md-8 title title-row\">\n<h3>Servicios Notariales Especiales<\/h3>\n<p> <small>(<a data-toggle=\"collapse\" href=\"#special-notarial-services\" aria-expanded=\"false\" aria-controls=\"special-notarial-services\">Leer m\u00e1s<\/a>)<\/small><\/div>\n<div class=\"col-md-4 price title-row\"><em><small>starting at<\/small><\/em> $300-$800<\/div>\n<\/p><\/div>\n<div class=\"row panel-collapse collapse\" id=\"special-notarial-services\">\n<div class=\"col-md-12 content\">\n                        Si su c\u00f3nyuge ya no est\u00e1 en Texas, o nunca estuvo, las cosas pueden complicarse r\u00e1pidamente. Es posible que necesitemos contratar servicios notariales especiales para mantener su divorcio de Texas sin oposici\u00f3n.<\/div>\n<\/div>\n<\/div>\n<\/div>\n<div class=\"row product\">\n<div class=\"col-md-12\">\n<div class=\"row\">\n<div class=\"col-md-8 title title-row\">\n<h3>Orden de Retenci\u00f3n Autom\u00e1tica de Ayuda para los Ni\u00f1os<\/h3>\n<p> <small>(<a data-toggle=\"collapse\" href=\"#automatic-child-support-withholding-order\" aria-expanded=\"false\" aria-controls=\"automatic-child-support-withholding-order\">Leer m\u00e1s<\/a>)<\/small><\/div>\n<div class=\"col-md-4 price title-row\"><em><small>starting at<\/small><\/em> $480<\/div>\n<\/p><\/div>\n<div class=\"row panel-collapse collapse\" id=\"automatic-child-support-withholding-order\">\n<div class=\"col-md-12 content\">\n                        Las partes pueden acordar que la manutenci\u00f3n de los hijos se retendr\u00e1 autom\u00e1ticamente del cheque de pago de los padres.<\/div>\n<\/div>\n<\/div>\n<\/div>\n<div class=\"row product\">\n<div class=\"col-md-12\">\n<div class=\"row\">\n<div class=\"col-md-8 title title-row\">\n<h3>Intervenci\u00f3n del Fiscal General en el Divorcio<\/h3>\n<p> <small>(<a data-toggle=\"collapse\" href=\"#intervention-by-attorney-general-in-divorce\" aria-expanded=\"false\" aria-controls=\"intervention-by-attorney-general-in-divorce\">Leer m\u00e1s<\/a>)<\/small><\/div>\n<div class=\"col-md-4 price title-row\"><em><small>starting at<\/small><\/em> $500<\/div>\n<\/p><\/div>\n<div class=\"row panel-collapse collapse\" id=\"intervention-by-attorney-general-in-divorce\">\n<div class=\"col-md-12 content\">\n                        Puede ocurrir cuando un ni\u00f1o recibe prestaciones estatales como Medicare<\/div>\n<\/div>\n<\/div>\n<\/div>\n<p><a name=\"diy-divorce-assistance\"><\/a><\/p>\n<div class=\"row product\">\n<div class=\"col-md-12\">\n<div class=\"row\">\n<div class=\"col-md-8 title title-row\">\n<h3>Disposiciones de Custodia Personalizadas<\/h3>\n<p> <small>(<a data-toggle=\"collapse\" href=\"#custom-custody-provisions\" aria-expanded=\"false\" aria-controls=\"custom-custody-provisions\">Leer m\u00e1s<\/a>)<\/small><\/div>\n<div class=\"col-md-4 price title-row\"><em><small>starting at<\/small><\/em> $500-$980<\/div>\n<\/p><\/div>\n<div class=\"row panel-collapse collapse\" id=\"custom-custody-provisions\">\n<div class=\"col-md-12 content\">\n                        Disposiciones de custodia distintas del programa de posesi\u00f3n est\u00e1ndar predeterminado.<\/div>\n<\/div>\n<\/div>\n<\/div>\n<div class=\"row product\">\n<div class=\"col-md-12\">\n<div class=\"row\">\n<div class=\"col-md-8 title title-row\">\n<h3>Plan de Paternidad Ampliado<\/h3>\n<p> <small>(<a data-toggle=\"collapse\" href=\"#expanded-parenting-plan\" aria-expanded=\"false\" aria-controls=\"expanded-parenting-plan\">Leer m\u00e1s<\/a>)<\/small><\/div>\n<div class=\"col-md-4 price title-row\"><em><small>starting at<\/small><\/em> $500-$2,000<\/div>\n<\/p><\/div>\n<div class=\"row panel-collapse collapse\" id=\"expanded-parenting-plan\">\n<div class=\"col-md-12 content\">\n                        Un plan de paternidad que va m\u00e1s all\u00e1 de las consideraciones y asignaciones convencionales y tiene en cuenta decisiones y situaciones m\u00e1s detalladas.<\/div>\n<\/div>\n<\/div>\n<\/div>\n<div class=\"row product\">\n<div class=\"col-md-12\">\n<div class=\"row\">\n<div class=\"col-md-8 title title-row\">\n<h3>Elaboraci\u00f3n de Escritura (por solicitud)<\/h3>\n<p> <small>(<a data-toggle=\"collapse\" href=\"#preparation-of-deed-per-request\" aria-expanded=\"false\" aria-controls=\"preparation-of-deed-per-request\">Leer m\u00e1s<\/a>)<\/small><\/div>\n<div class=\"col-md-4 price title-row\"><em><small>starting at<\/small><\/em> $580<\/div>\n<\/p><\/div>\n<div class=\"row panel-collapse collapse\" id=\"preparation-of-deed-per-request\">\n<div class=\"col-md-12 content\">\n                        Recomendado pero no requerido en la transmisi\u00f3n de bienes inmuebles.<\/div>\n<\/div>\n<\/div>\n<\/div>\n<div class=\"row product\">\n<div class=\"col-md-12\">\n<div class=\"row\">\n<div class=\"col-md-8 title title-row\">\n<h3>Divisi\u00f3n de Cuentas de Inversi\u00f3n (Por cuenta)<\/h3>\n<p> <small>(<a data-toggle=\"collapse\" href=\"#investment-account-division-per-account\" aria-expanded=\"false\" aria-controls=\"investment-account-division-per-account\">Leer m\u00e1s<\/a>)<\/small><\/div>\n<div class=\"col-md-4 price title-row\"><em><small>starting at<\/small><\/em> $700-$1,800<\/div>\n<\/p><\/div>\n<div class=\"row panel-collapse collapse\" id=\"investment-account-division-per-account\">\n<div class=\"col-md-12 content\">\n                        La divisi\u00f3n de una cuenta de inversi\u00f3n, como una cuenta de jubilaci\u00f3n, que requiere redacci\u00f3n y disposiciones espec\u00edficas para cada instituci\u00f3n de inversi\u00f3n.<\/div>\n<\/div>\n<\/div>\n<\/div>\n<div class=\"row product\">\n<div class=\"col-md-12\">\n<div class=\"row\">\n<div class=\"col-md-8 title title-row\">\n<h3>Pensi\u00f3n y Prestaciones Militares<\/h3>\n<p> <small>(<a data-toggle=\"collapse\" href=\"#military-pension-and-benefits\" aria-expanded=\"false\" aria-controls=\"military-pension-and-benefits\">Leer m\u00e1s<\/a>)<\/small><\/div>\n<div class=\"col-md-4 price title-row\"><em><small>starting at<\/small><\/em> $700-$2,900<\/div>\n<\/p><\/div>\n<div class=\"row panel-collapse collapse\" id=\"military-pension-and-benefits\">\n<div class=\"col-md-12 content\">\n                        La enajenaci\u00f3n de cualquier pensi\u00f3n y\/o prestaci\u00f3n militar requiere una investigaci\u00f3n, negociaci\u00f3n y documentaci\u00f3n adicionales.<\/div>\n<\/div>\n<\/div>\n<\/div>\n<div class=\"row product\">\n<div class=\"col-md-12\">\n<div class=\"row\">\n<div class=\"col-md-8 title title-row\">\n<h3>Asistencia de Divorcio Hazlo T\u00fa Mismo<\/h3>\n<p> <small>(<a data-toggle=\"collapse\" href=\"#diy-divorce-assistance\" aria-expanded=\"false\" aria-controls=\"diy-divorce-assistance\">Leer m\u00e1s<\/a>)<\/small><\/div>\n<div class=\"col-md-4 price title-row\"><em><small>starting at<\/small><\/em> $980<\/div>\n<\/p><\/div>\n<div class=\"row panel-collapse collapse\" id=\"diy-divorce-assistance\">\n<div class=\"col-md-12 content\">\n                        Revisi\u00f3n del papeleo de divorcio \u201cHazlo t\u00fa mismo\u201d, comentarios escritos y una hora de consulta con el abogado<\/div>\n<\/div>\n<\/div>\n<\/div>\n<div class=\"row product\">\n<div class=\"col-md-12\">\n<div class=\"row\">\n<div class=\"col-md-8 title title-row\">\n<h3>Preparaci\u00f3n de Escritura de Fideicomiso \/ Gravamen (por solicitud)<\/h3>\n<p> <small>(<a data-toggle=\"collapse\" href=\"#preparation-of-deed-of-trust-lien-per-request\" aria-expanded=\"false\" aria-controls=\"preparation-of-deed-of-trust-lien-per-request\">Leer m\u00e1s<\/a>)<\/small><\/div>\n<div class=\"col-md-4 price title-row\"><em><small>starting at<\/small><\/em> $880<\/div>\n<\/p><\/div>\n<div class=\"row panel-collapse collapse\" id=\"preparation-of-deed-of-trust-lien-per-request\">\n<div class=\"col-md-12 content\">\n                        Recomendado en el caso de que ambas partes permanezcan en la hipoteca o si la equidad en la propiedad a\u00fan debe pagarse despu\u00e9s de que el divorcio sea definitivo.<\/div>\n<\/div>\n<\/div>\n<\/div>\n<div class=\"row product\">\n<div class=\"col-md-12\">\n<div class=\"row\">\n<div class=\"col-md-8 title title-row\">\n<h3>Revisi\u00f3n de la Sentencia de Divorcio por un Abogado Adicional<\/h3>\n<p> <small>(<a data-toggle=\"collapse\" href=\"#additional-attorney-review-of-divorce-decree\" aria-expanded=\"false\" aria-controls=\"additional-attorney-review-of-divorce-decree\">Leer m\u00e1s<\/a>)<\/small><\/div>\n<div class=\"col-md-4 price title-row\"><em><small>starting at<\/small><\/em> $1000<\/div>\n<\/p><\/div>\n<div class=\"row panel-collapse collapse\" id=\"additional-attorney-review-of-divorce-decree\">\n<div class=\"col-md-12 content\">\n                        Revisi\u00f3n de la documentaci\u00f3n del divorcio por parte de un abogado que no redacta en beneficio del c\u00f3nyuge no cliente e incluye una consulta con un abogado de 90 minutos.<\/div>\n<\/div>\n<\/div>\n<\/div>","protected":false},"excerpt":{"rendered":"<p>Basic Divorce Packages Mediated Divorce Packages A La Carte Add-On Services<\/p>","protected":false},"author":1,"featured_media":0,"parent":0,"menu_order":0,"comment_status":"closed","ping_status":"closed","template":"page-template\/full-width-5.php","meta":{"footnotes":""},"class_list":["post-679","page","type-page","status-publish","hentry"],"yoast_head":"<!-- This site is optimized with the Yoast SEO plugin v26.6 - https:\/\/yoast.com\/wordpress\/plugins\/seo\/ -->\n<title>Pricing - Affordable divorce in houston, TX - Value Divorce Lawyer<\/title>\n<meta name=\"description\" content=\"Pricing - Affordable divorce in Houston, TX - value divorce lawyer - uncontested divorce Houston - family mediation Houston.\" \/>\n<meta name=\"robots\" content=\"index, follow, max-snippet:-1, max-image-preview:large, max-video-preview:-1\" \/>\n<link rel=\"canonical\" href=\"https:\/\/divorcebettertexas.com\/es\/pricing\/\" \/>\n<meta property=\"og:locale\" content=\"es_ES\" \/>\n<meta property=\"og:type\" content=\"article\" \/>\n<meta property=\"og:title\" content=\"Pricing - Affordable divorce in houston, TX - Value Divorce Lawyer\" \/>\n<meta property=\"og:description\" content=\"Pricing - Affordable divorce in houston, TX - value divorce lawyer - uncontested divorce Houston - family mediation Houston.\" \/>\n<meta property=\"og:url\" content=\"https:\/\/divorcebettertexas.com\/es\/pricing\/\" \/>\n<meta property=\"og:site_name\" content=\"Divorce Better\" \/>\n<meta property=\"article:modified_time\" content=\"2025-12-24T15:20:48+00:00\" \/>\n<meta property=\"og:image\" content=\"https:\/\/divorcebettertexas.com\/wp-content\/uploads\/2021\/04\/graphic1.jpg\" \/>\n\t<meta property=\"og:image:width\" content=\"1170\" \/>\n\t<meta property=\"og:image:height\" content=\"500\" \/>\n\t<meta property=\"og:image:type\" content=\"image\/jpeg\" \/>\n<meta name=\"twitter:card\" content=\"summary_large_image\" \/>\n<meta name=\"twitter:title\" content=\"Pricing - Affordable divorce in houston, TX - Value Divorce Lawyer\" \/>\n<meta name=\"twitter:description\" content=\"Pricing - Affordable divorce in houston, TX - value divorce lawyer - uncontested divorce Houston - family mediation Houston.\" \/>\n<meta name=\"twitter:label1\" content=\"Est. reading time\" \/>\n\t<meta name=\"twitter:data1\" content=\"4 minutes\" \/>\n<script type=\"application\/ld+json\" class=\"yoast-schema-graph\">{\"@context\":\"https:\/\/schema.org\",\"@graph\":[{\"@type\":\"WebPage\",\"@id\":\"https:\/\/divorcebettertexas.com\/pricing\/\",\"url\":\"https:\/\/divorcebettertexas.com\/pricing\/\",\"name\":\"Pricing - Affordable divorce in houston, TX - Value Divorce Lawyer\",\"isPartOf\":{\"@id\":\"https:\/\/divorcebettertexas.com\/#website\"},\"primaryImageOfPage\":{\"@id\":\"https:\/\/divorcebettertexas.com\/pricing\/#primaryimage\"},\"image\":{\"@id\":\"https:\/\/divorcebettertexas.com\/pricing\/#primaryimage\"},\"thumbnailUrl\":\"https:\/\/divorcebettertexas.com\/wp-content\/uploads\/2024\/10\/graphic1_v2.png\",\"description\":\"Pricing - Affordable divorce in Houston, TX - value divorce lawyer - uncontested divorce Houston - family mediation Houston.\",\"breadcrumb\":{\"@id\":\"https:\/\/divorcebettertexas.com\/pricing\/#breadcrumb\"},\"inLanguage\":\"es-ES\",\"potentialAction\":[{\"@type\":\"ReadAction\",\"target\":[\"https:\/\/divorcebettertexas.com\/pricing\/\"]}]},{\"@type\":\"ImageObject\",\"inLanguage\":\"es-ES\",\"@id\":\"https:\/\/divorcebettertexas.com\/pricing\/#primaryimage\",\"url\":\"https:\/\/divorcebettertexas.com\/wp-content\/uploads\/2024\/10\/graphic1_v2.png\",\"contentUrl\":\"https:\/\/divorcebettertexas.com\/wp-content\/uploads\/2024\/10\/graphic1_v2.png\"},{\"@type\":\"BreadcrumbList\",\"@id\":\"https:\/\/divorcebettertexas.com\/pricing\/#breadcrumb\",\"itemListElement\":[{\"@type\":\"ListItem\",\"position\":1,\"name\":\"Home\",\"item\":\"https:\/\/divorcebettertexas.com\/\"},{\"@type\":\"ListItem\",\"position\":2,\"name\":\"Pricing\"}]},{\"@type\":\"WebSite\",\"@id\":\"https:\/\/divorcebettertexas.com\/#website\",\"url\":\"https:\/\/divorcebettertexas.com\/\",\"name\":\"Divorce Better\",\"description\":\"\",\"publisher\":{\"@id\":\"https:\/\/divorcebettertexas.com\/#organization\"},\"potentialAction\":[{\"@type\":\"SearchAction\",\"target\":{\"@type\":\"EntryPoint\",\"urlTemplate\":\"https:\/\/divorcebettertexas.com\/?s={search_term_string}\"},\"query-input\":{\"@type\":\"PropertyValueSpecification\",\"valueRequired\":true,\"valueName\":\"search_term_string\"}}],\"inLanguage\":\"es-ES\"},{\"@type\":\"Organization\",\"@id\":\"https:\/\/divorcebettertexas.com\/#organization\",\"name\":\"Divorce Better\",\"url\":\"https:\/\/divorcebettertexas.com\/\",\"logo\":{\"@type\":\"ImageObject\",\"inLanguage\":\"es-ES\",\"@id\":\"https:\/\/divorcebettertexas.com\/#\/schema\/logo\/image\/\",\"url\":\"https:\/\/divorcebettertexas.com\/wp-content\/uploads\/2020\/08\/logo-80h.png\",\"contentUrl\":\"https:\/\/divorcebettertexas.com\/wp-content\/uploads\/2020\/08\/logo-80h.png\",\"width\":210,\"height\":80,\"caption\":\"Divorce Better\"},\"image\":{\"@id\":\"https:\/\/divorcebettertexas.com\/#\/schema\/logo\/image\/\"}}]}<\/script>\n<!-- \/ Yoast SEO plugin. -->","yoast_head_json":{"title":"Pricing - Affordable divorce in houston, TX - Value Divorce Lawyer","description":"Pricing - Affordable divorce in Houston, TX - value divorce lawyer - uncontested divorce Houston - family mediation Houston.","robots":{"index":"index","follow":"follow","max-snippet":"max-snippet:-1","max-image-preview":"max-image-preview:large","max-video-preview":"max-video-preview:-1"},"canonical":"https:\/\/divorcebettertexas.com\/es\/pricing\/","og_locale":"es_ES","og_type":"article","og_title":"Pricing - Affordable divorce in houston, TX - Value Divorce Lawyer","og_description":"Pricing - Affordable divorce in houston, TX - value divorce lawyer - uncontested divorce Houston - family mediation Houston.","og_url":"https:\/\/divorcebettertexas.com\/es\/pricing\/","og_site_name":"Divorce Better","article_modified_time":"2025-12-24T15:20:48+00:00","og_image":[{"width":1170,"height":500,"url":"https:\/\/divorcebettertexas.com\/wp-content\/uploads\/2021\/04\/graphic1.jpg","type":"image\/jpeg"}],"twitter_card":"summary_large_image","twitter_title":"Pricing - Affordable divorce in houston, TX - Value Divorce Lawyer","twitter_description":"Pricing - Affordable divorce in houston, TX - value divorce lawyer - uncontested divorce Houston - family mediation Houston.","twitter_misc":{"Est. reading time":"4 minutes"},"schema":{"@context":"https:\/\/schema.org","@graph":[{"@type":"WebPage","@id":"https:\/\/divorcebettertexas.com\/pricing\/","url":"https:\/\/divorcebettertexas.com\/pricing\/","name":"Pricing - Affordable divorce in houston, TX - Value Divorce Lawyer","isPartOf":{"@id":"https:\/\/divorcebettertexas.com\/#website"},"primaryImageOfPage":{"@id":"https:\/\/divorcebettertexas.com\/pricing\/#primaryimage"},"image":{"@id":"https:\/\/divorcebettertexas.com\/pricing\/#primaryimage"},"thumbnailUrl":"https:\/\/divorcebettertexas.com\/wp-content\/uploads\/2024\/10\/graphic1_v2.png","description":"Pricing - Affordable divorce in Houston, TX - value divorce lawyer - uncontested divorce Houston - family mediation Houston.","breadcrumb":{"@id":"https:\/\/divorcebettertexas.com\/pricing\/#breadcrumb"},"inLanguage":"es-ES","potentialAction":[{"@type":"ReadAction","target":["https:\/\/divorcebettertexas.com\/pricing\/"]}]},{"@type":"ImageObject","inLanguage":"es-ES","@id":"https:\/\/divorcebettertexas.com\/pricing\/#primaryimage","url":"https:\/\/divorcebettertexas.com\/wp-content\/uploads\/2024\/10\/graphic1_v2.png","contentUrl":"https:\/\/divorcebettertexas.com\/wp-content\/uploads\/2024\/10\/graphic1_v2.png"},{"@type":"BreadcrumbList","@id":"https:\/\/divorcebettertexas.com\/pricing\/#breadcrumb","itemListElement":[{"@type":"ListItem","position":1,"name":"Home","item":"https:\/\/divorcebettertexas.com\/"},{"@type":"ListItem","position":2,"name":"Pricing"}]},{"@type":"WebSite","@id":"https:\/\/divorcebettertexas.com\/#website","url":"https:\/\/divorcebettertexas.com\/","name":"Divorcio Econ\u00f3mico Texas","description":"","publisher":{"@id":"https:\/\/divorcebettertexas.com\/#organization"},"potentialAction":[{"@type":"SearchAction","target":{"@type":"EntryPoint","urlTemplate":"https:\/\/divorcebettertexas.com\/?s={search_term_string}"},"query-input":{"@type":"PropertyValueSpecification","valueRequired":true,"valueName":"search_term_string"}}],"inLanguage":"es-ES"},{"@type":"Organization","@id":"https:\/\/divorcebettertexas.com\/#organization","name":"Divorcio Econ\u00f3mico Texas","url":"https:\/\/divorcebettertexas.com\/","logo":{"@type":"ImageObject","inLanguage":"es-ES","@id":"https:\/\/divorcebettertexas.com\/#\/schema\/logo\/image\/","url":"https:\/\/divorcebettertexas.com\/wp-content\/uploads\/2020\/08\/logo-80h.png","contentUrl":"https:\/\/divorcebettertexas.com\/wp-content\/uploads\/2020\/08\/logo-80h.png","width":210,"height":80,"caption":"Divorce Better"},"image":{"@id":"https:\/\/divorcebettertexas.com\/#\/schema\/logo\/image\/"}}]}},"_links":{"self":[{"href":"https:\/\/divorcebettertexas.com\/es\/wp-json\/wp\/v2\/pages\/679","targetHints":{"allow":["GET"]}}],"collection":[{"href":"https:\/\/divorcebettertexas.com\/es\/wp-json\/wp\/v2\/pages"}],"about":[{"href":"https:\/\/divorcebettertexas.com\/es\/wp-json\/wp\/v2\/types\/page"}],"author":[{"embeddable":true,"href":"https:\/\/divorcebettertexas.com\/es\/wp-json\/wp\/v2\/users\/1"}],"replies":[{"embeddable":true,"href":"https:\/\/divorcebettertexas.com\/es\/wp-json\/wp\/v2\/comments?post=679"}],"version-history":[{"count":41,"href":"https:\/\/divorcebettertexas.com\/es\/wp-json\/wp\/v2\/pages\/679\/revisions"}],"predecessor-version":[{"id":2221,"href":"https:\/\/divorcebettertexas.com\/es\/wp-json\/wp\/v2\/pages\/679\/revisions\/2221"}],"wp:attachment":[{"href":"https:\/\/divorcebettertexas.com\/es\/wp-json\/wp\/v2\/media?parent=679"}],"curies":[{"name":"wp","href":"https:\/\/api.w.org\/{rel}","templated":true}]}}