{"id":659,"date":"2021-02-14T19:39:43","date_gmt":"2021-02-15T01:39:43","guid":{"rendered":"https:\/\/divorcebettertexas.com\/?page_id=659"},"modified":"2022-03-05T09:52:18","modified_gmt":"2022-03-05T15:52:18","slug":"benefits","status":"publish","type":"page","link":"https:\/\/divorcebettertexas.com\/es\/who-we-are\/benefits\/","title":{"rendered":"Beneficios del M\u00e9todo de Divorcio Econ\u00f3mico Texas"},"content":{"rendered":"<p>Usando el m\u00e9todo de Divorcio Econ\u00f3mico, usted puede divorciarse por mucho menos dinero y dolor, y en mucho menos tiempo. Adaptamos nuestros servicios a las necesidades de su familia, proporcionando un divorcio de calidad por una tarifa plana. Nuestro experimentado equipo de abogados y mediadores de derecho de familia le guiar\u00e1n a trav\u00e9s de las cuestiones que necesita resolver para su divorcio, y para tener un futuro exitoso.<\/p>\n<p>Una mejor manera de divorciarse y de pasar por ello.<\/p>","protected":false},"excerpt":{"rendered":"<p>Using the Affordable Divorce method, you can get divorced for a lot less money and heartache, and in a lot less time. We customize our services to the needs of your family, providing a quality&#8230;<\/p>\n<div class=\"button-div\"><a href=\"https:\/\/divorcebettertexas.com\/es\/who-we-are\/benefits\/\" class=\"button-read\">Leer m\u00e1s<\/a><\/div>","protected":false},"author":1,"featured_media":0,"parent":74,"menu_order":1,"comment_status":"closed","ping_status":"closed","template":"page-template\/full-width-5.php","meta":{"footnotes":""},"class_list":["post-659","page","type-page","status-publish","hentry"],"yoast_head":"<!-- This site is optimized with the Yoast SEO plugin v26.6 - https:\/\/yoast.com\/wordpress\/plugins\/seo\/ -->\n<title>Benefits of the Divorce Better Method<\/title>\n<meta name=\"description\" content=\"Benefits of the Divorce Better Method - Affordable divorce in Houston, TX - value divorce lawyer.\" \/>\n<meta name=\"robots\" content=\"index, follow, max-snippet:-1, max-image-preview:large, max-video-preview:-1\" \/>\n<link rel=\"canonical\" href=\"https:\/\/divorcebettertexas.com\/es\/who-we-are\/benefits\/\" \/>\n<meta property=\"og:locale\" content=\"es_ES\" \/>\n<meta property=\"og:type\" content=\"article\" \/>\n<meta property=\"og:title\" content=\"Benefits of the Divorce Better Method\" \/>\n<meta property=\"og:description\" content=\"Benefits of the Divorce Better Method - Affordable divorce in Houston, TX - value divorce lawyer.\" \/>\n<meta property=\"og:url\" content=\"https:\/\/divorcebettertexas.com\/es\/who-we-are\/benefits\/\" \/>\n<meta property=\"og:site_name\" content=\"Divorce Better\" \/>\n<meta property=\"article:modified_time\" content=\"2022-03-05T15:52:18+00:00\" \/>\n<meta name=\"twitter:card\" content=\"summary_large_image\" \/>\n<script type=\"application\/ld+json\" class=\"yoast-schema-graph\">{\"@context\":\"https:\/\/schema.org\",\"@graph\":[{\"@type\":\"WebPage\",\"@id\":\"https:\/\/divorcebettertexas.com\/who-we-are\/benefits\/\",\"url\":\"https:\/\/divorcebettertexas.com\/who-we-are\/benefits\/\",\"name\":\"Benefits of the Divorce Better Method\",\"isPartOf\":{\"@id\":\"https:\/\/divorcebettertexas.com\/#website\"},\"description\":\"Benefits of the Divorce Better Method - Affordable divorce in Houston, TX - value divorce lawyer.\",\"breadcrumb\":{\"@id\":\"https:\/\/divorcebettertexas.com\/who-we-are\/benefits\/#breadcrumb\"},\"inLanguage\":\"es-ES\",\"potentialAction\":[{\"@type\":\"ReadAction\",\"target\":[\"https:\/\/divorcebettertexas.com\/who-we-are\/benefits\/\"]}]},{\"@type\":\"BreadcrumbList\",\"@id\":\"https:\/\/divorcebettertexas.com\/who-we-are\/benefits\/#breadcrumb\",\"itemListElement\":[{\"@type\":\"ListItem\",\"position\":1,\"name\":\"Home\",\"item\":\"https:\/\/divorcebettertexas.com\/\"},{\"@type\":\"ListItem\",\"position\":2,\"name\":\"Who We Are\",\"item\":\"https:\/\/divorcebettertexas.com\/who-we-are\/\"},{\"@type\":\"ListItem\",\"position\":3,\"name\":\"Benefits of the Divorce Better Method\"}]},{\"@type\":\"WebSite\",\"@id\":\"https:\/\/divorcebettertexas.com\/#website\",\"url\":\"https:\/\/divorcebettertexas.com\/\",\"name\":\"Divorce Better\",\"description\":\"\",\"publisher\":{\"@id\":\"https:\/\/divorcebettertexas.com\/#organization\"},\"potentialAction\":[{\"@type\":\"SearchAction\",\"target\":{\"@type\":\"EntryPoint\",\"urlTemplate\":\"https:\/\/divorcebettertexas.com\/?s={search_term_string}\"},\"query-input\":{\"@type\":\"PropertyValueSpecification\",\"valueRequired\":true,\"valueName\":\"search_term_string\"}}],\"inLanguage\":\"es-ES\"},{\"@type\":\"Organization\",\"@id\":\"https:\/\/divorcebettertexas.com\/#organization\",\"name\":\"Divorce Better\",\"url\":\"https:\/\/divorcebettertexas.com\/\",\"logo\":{\"@type\":\"ImageObject\",\"inLanguage\":\"es-ES\",\"@id\":\"https:\/\/divorcebettertexas.com\/#\/schema\/logo\/image\/\",\"url\":\"https:\/\/divorcebettertexas.com\/wp-content\/uploads\/2020\/08\/logo-80h.png\",\"contentUrl\":\"https:\/\/divorcebettertexas.com\/wp-content\/uploads\/2020\/08\/logo-80h.png\",\"width\":210,\"height\":80,\"caption\":\"Divorce Better\"},\"image\":{\"@id\":\"https:\/\/divorcebettertexas.com\/#\/schema\/logo\/image\/\"}}]}<\/script>\n<!-- \/ Yoast SEO plugin. -->","yoast_head_json":{"title":"Beneficios del M\u00e9todo de Divorcio Econ\u00f3mico Texas","description":"Benefits of the Divorce Better Method - Affordable divorce in Houston, TX - value divorce lawyer.","robots":{"index":"index","follow":"follow","max-snippet":"max-snippet:-1","max-image-preview":"max-image-preview:large","max-video-preview":"max-video-preview:-1"},"canonical":"https:\/\/divorcebettertexas.com\/es\/who-we-are\/benefits\/","og_locale":"es_ES","og_type":"article","og_title":"Benefits of the Divorce Better Method","og_description":"Benefits of the Divorce Better Method - Affordable divorce in Houston, TX - value divorce lawyer.","og_url":"https:\/\/divorcebettertexas.com\/es\/who-we-are\/benefits\/","og_site_name":"Divorce Better","article_modified_time":"2022-03-05T15:52:18+00:00","twitter_card":"summary_large_image","schema":{"@context":"https:\/\/schema.org","@graph":[{"@type":"WebPage","@id":"https:\/\/divorcebettertexas.com\/who-we-are\/benefits\/","url":"https:\/\/divorcebettertexas.com\/who-we-are\/benefits\/","name":"Beneficios del M\u00e9todo de Divorcio Econ\u00f3mico Texas","isPartOf":{"@id":"https:\/\/divorcebettertexas.com\/#website"},"description":"Benefits of the Divorce Better Method - Affordable divorce in Houston, TX - value divorce lawyer.","breadcrumb":{"@id":"https:\/\/divorcebettertexas.com\/who-we-are\/benefits\/#breadcrumb"},"inLanguage":"es-ES","potentialAction":[{"@type":"ReadAction","target":["https:\/\/divorcebettertexas.com\/who-we-are\/benefits\/"]}]},{"@type":"BreadcrumbList","@id":"https:\/\/divorcebettertexas.com\/who-we-are\/benefits\/#breadcrumb","itemListElement":[{"@type":"ListItem","position":1,"name":"Home","item":"https:\/\/divorcebettertexas.com\/"},{"@type":"ListItem","position":2,"name":"Who We Are","item":"https:\/\/divorcebettertexas.com\/who-we-are\/"},{"@type":"ListItem","position":3,"name":"Benefits of the Divorce Better Method"}]},{"@type":"WebSite","@id":"https:\/\/divorcebettertexas.com\/#website","url":"https:\/\/divorcebettertexas.com\/","name":"Divorcio Econ\u00f3mico Texas","description":"","publisher":{"@id":"https:\/\/divorcebettertexas.com\/#organization"},"potentialAction":[{"@type":"SearchAction","target":{"@type":"EntryPoint","urlTemplate":"https:\/\/divorcebettertexas.com\/?s={search_term_string}"},"query-input":{"@type":"PropertyValueSpecification","valueRequired":true,"valueName":"search_term_string"}}],"inLanguage":"es-ES"},{"@type":"Organization","@id":"https:\/\/divorcebettertexas.com\/#organization","name":"Divorcio Econ\u00f3mico Texas","url":"https:\/\/divorcebettertexas.com\/","logo":{"@type":"ImageObject","inLanguage":"es-ES","@id":"https:\/\/divorcebettertexas.com\/#\/schema\/logo\/image\/","url":"https:\/\/divorcebettertexas.com\/wp-content\/uploads\/2020\/08\/logo-80h.png","contentUrl":"https:\/\/divorcebettertexas.com\/wp-content\/uploads\/2020\/08\/logo-80h.png","width":210,"height":80,"caption":"Divorce Better"},"image":{"@id":"https:\/\/divorcebettertexas.com\/#\/schema\/logo\/image\/"}}]}},"_links":{"self":[{"href":"https:\/\/divorcebettertexas.com\/es\/wp-json\/wp\/v2\/pages\/659","targetHints":{"allow":["GET"]}}],"collection":[{"href":"https:\/\/divorcebettertexas.com\/es\/wp-json\/wp\/v2\/pages"}],"about":[{"href":"https:\/\/divorcebettertexas.com\/es\/wp-json\/wp\/v2\/types\/page"}],"author":[{"embeddable":true,"href":"https:\/\/divorcebettertexas.com\/es\/wp-json\/wp\/v2\/users\/1"}],"replies":[{"embeddable":true,"href":"https:\/\/divorcebettertexas.com\/es\/wp-json\/wp\/v2\/comments?post=659"}],"version-history":[{"count":6,"href":"https:\/\/divorcebettertexas.com\/es\/wp-json\/wp\/v2\/pages\/659\/revisions"}],"predecessor-version":[{"id":1175,"href":"https:\/\/divorcebettertexas.com\/es\/wp-json\/wp\/v2\/pages\/659\/revisions\/1175"}],"up":[{"embeddable":true,"href":"https:\/\/divorcebettertexas.com\/es\/wp-json\/wp\/v2\/pages\/74"}],"wp:attachment":[{"href":"https:\/\/divorcebettertexas.com\/es\/wp-json\/wp\/v2\/media?parent=659"}],"curies":[{"name":"wp","href":"https:\/\/api.w.org\/{rel}","templated":true}]}}