{"id":108,"date":"2020-08-22T18:18:27","date_gmt":"2020-08-23T00:18:27","guid":{"rendered":"http:\/\/divorcebettertexas.com\/?page_id=108"},"modified":"2022-01-06T21:33:30","modified_gmt":"2022-01-07T03:33:30","slug":"debt-division","status":"publish","type":"page","link":"https:\/\/divorcebettertexas.com\/es\/what-we-do\/divorce-legal-services\/debt-division\/","title":{"rendered":"Divisi\u00f3n de deudas"},"content":{"rendered":"<p>Texas es un estado de bienes gananciales. Esto significa que los bienes adquiridos durante el transcurso del matrimonio pertenecen por igual a ambos miembros de la pareja. Esto tambi\u00e9n puede aplicarse a la deuda contra\u00edda durante el curso del matrimonio.<\/p>\n<p><img decoding=\"async\" class=\"alignleft size-full\" src=\"https:\/\/divorcebettertexas.com\/wp-content\/uploads\/2020\/10\/anne-garcia-grid-13-300x200.jpg\" alt=\"\" \/>Aunque el concepto puede parecer relativamente sencillo, en realidad puede complicarse con bastante rapidez. Por ejemplo, \u00bfDeben ambos c\u00f3nyuges compartir a partes iguales un pr\u00e9stamo estudiantil contra\u00eddo por el C\u00f3nyuge 1 para estudiar medicina, si el C\u00f3nyuge 2 apoy\u00f3 econ\u00f3micamente a la pareja durante los estudios y la formaci\u00f3n del C\u00f3nyuge 1, y si el C\u00f3nyuge 2 nunca obtendr\u00e1 ning\u00fan beneficio econ\u00f3mico del pr\u00e9stamo?<\/p>\n<p>Contamos con la experiencia legal y financiera para guiarlo a trav\u00e9s de la divisi\u00f3n de los activos y pasivos, y las habilidades de mediaci\u00f3n para ayudar a navegar a usted y a su pareja a trav\u00e9s de un terreno que est\u00e1 lleno de minas terrestres emocionales e hist\u00f3ricas.<\/p>\n<p>Divorcio Econ\u00f3mico Texas ofrece una manera verdaderamente asequible de pasar a trav\u00e9s del divorcio, a partir de una consulta gratuita de una hora, y una sola vez, tarifa plana.<\/p>\n<p>Algunos ejemplos de la deuda que las parejas que se divorcian a menudo deben enfrentar incluyen:<\/p>\n<ul>\n<li>Hipoteca<\/li>\n<li>Deudas de tarjetas de cr\u00e9dito<\/li>\n<li>Giros del autom\u00f3vil<\/li>\n<li>Pr\u00e9stamos para estudiantes<\/li>\n<li>Deuda de impuestos del IRS<\/li>\n<li>L\u00ednea de cr\u00e9dito hipotecario<\/li>\n<li>Deuda relacionada con el negocio<\/li>\n<li>Sentencias<\/li>\n<\/ul>","protected":false},"excerpt":{"rendered":"<p>Texas is a community property state. What this means is that assets acquired during the course of the marriage belong equally to both partners. This also can apply to debt undertaken during the course of&#8230;<\/p>\n<div class=\"button-div\"><a href=\"https:\/\/divorcebettertexas.com\/es\/what-we-do\/divorce-legal-services\/debt-division\/\" class=\"button-read\">Leer m\u00e1s<\/a><\/div>","protected":false},"author":1,"featured_media":0,"parent":96,"menu_order":6,"comment_status":"closed","ping_status":"closed","template":"page-template\/full-width-5.php","meta":{"footnotes":""},"class_list":["post-108","page","type-page","status-publish","hentry"],"yoast_head":"<!-- This site is optimized with the Yoast SEO plugin v26.6 - https:\/\/yoast.com\/wordpress\/plugins\/seo\/ -->\n<title>Debt Division - Affordable divorce in Houston, TX<\/title>\n<meta name=\"description\" content=\"Debt Division - Affordable divorce in Houston, TX - value divorce lawyer - uncontested divorce Houston - family mediation Houston.\" \/>\n<meta name=\"robots\" content=\"index, follow, max-snippet:-1, max-image-preview:large, max-video-preview:-1\" \/>\n<link rel=\"canonical\" href=\"https:\/\/divorcebettertexas.com\/es\/what-we-do\/divorce-legal-services\/debt-division\/\" \/>\n<meta property=\"og:locale\" content=\"es_ES\" \/>\n<meta property=\"og:type\" content=\"article\" \/>\n<meta property=\"og:title\" content=\"Debt Division - Affordable divorce in Houston, TX\" \/>\n<meta property=\"og:description\" content=\"Debt Division - Affordable divorce in Houston, TX - value divorce lawyer - uncontested divorce Houston - family mediation Houston.\" \/>\n<meta property=\"og:url\" content=\"https:\/\/divorcebettertexas.com\/es\/what-we-do\/divorce-legal-services\/debt-division\/\" \/>\n<meta property=\"og:site_name\" content=\"Divorce Better\" \/>\n<meta property=\"article:modified_time\" content=\"2022-01-07T03:33:30+00:00\" \/>\n<meta property=\"og:image\" content=\"https:\/\/divorcebettertexas.com\/wp-content\/uploads\/2020\/10\/anne-garcia-grid-13-300x200.jpg\" \/>\n<meta name=\"twitter:card\" content=\"summary_large_image\" \/>\n<meta name=\"twitter:label1\" content=\"Est. reading time\" \/>\n\t<meta name=\"twitter:data1\" content=\"1 minute\" \/>\n<script type=\"application\/ld+json\" class=\"yoast-schema-graph\">{\"@context\":\"https:\/\/schema.org\",\"@graph\":[{\"@type\":\"WebPage\",\"@id\":\"https:\/\/divorcebettertexas.com\/what-we-do\/divorce-legal-services\/debt-division\/\",\"url\":\"https:\/\/divorcebettertexas.com\/what-we-do\/divorce-legal-services\/debt-division\/\",\"name\":\"Debt Division - Affordable divorce in Houston, TX\",\"isPartOf\":{\"@id\":\"https:\/\/divorcebettertexas.com\/#website\"},\"primaryImageOfPage\":{\"@id\":\"https:\/\/divorcebettertexas.com\/what-we-do\/divorce-legal-services\/debt-division\/#primaryimage\"},\"image\":{\"@id\":\"https:\/\/divorcebettertexas.com\/what-we-do\/divorce-legal-services\/debt-division\/#primaryimage\"},\"thumbnailUrl\":\"https:\/\/divorcebettertexas.com\/wp-content\/uploads\/2020\/10\/anne-garcia-grid-13-300x200.jpg\",\"description\":\"Debt Division - Affordable divorce in Houston, TX - value divorce lawyer - uncontested divorce Houston - family mediation Houston.\",\"breadcrumb\":{\"@id\":\"https:\/\/divorcebettertexas.com\/what-we-do\/divorce-legal-services\/debt-division\/#breadcrumb\"},\"inLanguage\":\"es-ES\",\"potentialAction\":[{\"@type\":\"ReadAction\",\"target\":[\"https:\/\/divorcebettertexas.com\/what-we-do\/divorce-legal-services\/debt-division\/\"]}]},{\"@type\":\"ImageObject\",\"inLanguage\":\"es-ES\",\"@id\":\"https:\/\/divorcebettertexas.com\/what-we-do\/divorce-legal-services\/debt-division\/#primaryimage\",\"url\":\"https:\/\/divorcebettertexas.com\/wp-content\/uploads\/2020\/10\/anne-garcia-grid-13-300x200.jpg\",\"contentUrl\":\"https:\/\/divorcebettertexas.com\/wp-content\/uploads\/2020\/10\/anne-garcia-grid-13-300x200.jpg\"},{\"@type\":\"BreadcrumbList\",\"@id\":\"https:\/\/divorcebettertexas.com\/what-we-do\/divorce-legal-services\/debt-division\/#breadcrumb\",\"itemListElement\":[{\"@type\":\"ListItem\",\"position\":1,\"name\":\"Home\",\"item\":\"https:\/\/divorcebettertexas.com\/\"},{\"@type\":\"ListItem\",\"position\":2,\"name\":\"What We Do\",\"item\":\"https:\/\/divorcebettertexas.com\/what-we-do\/\"},{\"@type\":\"ListItem\",\"position\":3,\"name\":\"Divorce Legal Services\",\"item\":\"https:\/\/divorcebettertexas.com\/what-we-do\/divorce-legal-services\/\"},{\"@type\":\"ListItem\",\"position\":4,\"name\":\"Debt Division\"}]},{\"@type\":\"WebSite\",\"@id\":\"https:\/\/divorcebettertexas.com\/#website\",\"url\":\"https:\/\/divorcebettertexas.com\/\",\"name\":\"Divorce Better\",\"description\":\"\",\"publisher\":{\"@id\":\"https:\/\/divorcebettertexas.com\/#organization\"},\"potentialAction\":[{\"@type\":\"SearchAction\",\"target\":{\"@type\":\"EntryPoint\",\"urlTemplate\":\"https:\/\/divorcebettertexas.com\/?s={search_term_string}\"},\"query-input\":{\"@type\":\"PropertyValueSpecification\",\"valueRequired\":true,\"valueName\":\"search_term_string\"}}],\"inLanguage\":\"es-ES\"},{\"@type\":\"Organization\",\"@id\":\"https:\/\/divorcebettertexas.com\/#organization\",\"name\":\"Divorce Better\",\"url\":\"https:\/\/divorcebettertexas.com\/\",\"logo\":{\"@type\":\"ImageObject\",\"inLanguage\":\"es-ES\",\"@id\":\"https:\/\/divorcebettertexas.com\/#\/schema\/logo\/image\/\",\"url\":\"https:\/\/divorcebettertexas.com\/wp-content\/uploads\/2020\/08\/logo-80h.png\",\"contentUrl\":\"https:\/\/divorcebettertexas.com\/wp-content\/uploads\/2020\/08\/logo-80h.png\",\"width\":210,\"height\":80,\"caption\":\"Divorce Better\"},\"image\":{\"@id\":\"https:\/\/divorcebettertexas.com\/#\/schema\/logo\/image\/\"}}]}<\/script>\n<!-- \/ Yoast SEO plugin. -->","yoast_head_json":{"title":"Debt Division - Affordable divorce in Houston, TX","description":"Debt Division - Affordable divorce in Houston, TX - value divorce lawyer - uncontested divorce Houston - family mediation Houston.","robots":{"index":"index","follow":"follow","max-snippet":"max-snippet:-1","max-image-preview":"max-image-preview:large","max-video-preview":"max-video-preview:-1"},"canonical":"https:\/\/divorcebettertexas.com\/es\/what-we-do\/divorce-legal-services\/debt-division\/","og_locale":"es_ES","og_type":"article","og_title":"Debt Division - Affordable divorce in Houston, TX","og_description":"Debt Division - Affordable divorce in Houston, TX - value divorce lawyer - uncontested divorce Houston - family mediation Houston.","og_url":"https:\/\/divorcebettertexas.com\/es\/what-we-do\/divorce-legal-services\/debt-division\/","og_site_name":"Divorce Better","article_modified_time":"2022-01-07T03:33:30+00:00","og_image":[{"url":"https:\/\/divorcebettertexas.com\/wp-content\/uploads\/2020\/10\/anne-garcia-grid-13-300x200.jpg","type":"","width":"","height":""}],"twitter_card":"summary_large_image","twitter_misc":{"Est. reading time":"1 minute"},"schema":{"@context":"https:\/\/schema.org","@graph":[{"@type":"WebPage","@id":"https:\/\/divorcebettertexas.com\/what-we-do\/divorce-legal-services\/debt-division\/","url":"https:\/\/divorcebettertexas.com\/what-we-do\/divorce-legal-services\/debt-division\/","name":"Debt Division - Affordable divorce in Houston, TX","isPartOf":{"@id":"https:\/\/divorcebettertexas.com\/#website"},"primaryImageOfPage":{"@id":"https:\/\/divorcebettertexas.com\/what-we-do\/divorce-legal-services\/debt-division\/#primaryimage"},"image":{"@id":"https:\/\/divorcebettertexas.com\/what-we-do\/divorce-legal-services\/debt-division\/#primaryimage"},"thumbnailUrl":"https:\/\/divorcebettertexas.com\/wp-content\/uploads\/2020\/10\/anne-garcia-grid-13-300x200.jpg","description":"Debt Division - Affordable divorce in Houston, TX - value divorce lawyer - uncontested divorce Houston - family mediation Houston.","breadcrumb":{"@id":"https:\/\/divorcebettertexas.com\/what-we-do\/divorce-legal-services\/debt-division\/#breadcrumb"},"inLanguage":"es-ES","potentialAction":[{"@type":"ReadAction","target":["https:\/\/divorcebettertexas.com\/what-we-do\/divorce-legal-services\/debt-division\/"]}]},{"@type":"ImageObject","inLanguage":"es-ES","@id":"https:\/\/divorcebettertexas.com\/what-we-do\/divorce-legal-services\/debt-division\/#primaryimage","url":"https:\/\/divorcebettertexas.com\/wp-content\/uploads\/2020\/10\/anne-garcia-grid-13-300x200.jpg","contentUrl":"https:\/\/divorcebettertexas.com\/wp-content\/uploads\/2020\/10\/anne-garcia-grid-13-300x200.jpg"},{"@type":"BreadcrumbList","@id":"https:\/\/divorcebettertexas.com\/what-we-do\/divorce-legal-services\/debt-division\/#breadcrumb","itemListElement":[{"@type":"ListItem","position":1,"name":"Home","item":"https:\/\/divorcebettertexas.com\/"},{"@type":"ListItem","position":2,"name":"What We Do","item":"https:\/\/divorcebettertexas.com\/what-we-do\/"},{"@type":"ListItem","position":3,"name":"Divorce Legal Services","item":"https:\/\/divorcebettertexas.com\/what-we-do\/divorce-legal-services\/"},{"@type":"ListItem","position":4,"name":"Debt Division"}]},{"@type":"WebSite","@id":"https:\/\/divorcebettertexas.com\/#website","url":"https:\/\/divorcebettertexas.com\/","name":"Divorcio Econ\u00f3mico Texas","description":"","publisher":{"@id":"https:\/\/divorcebettertexas.com\/#organization"},"potentialAction":[{"@type":"SearchAction","target":{"@type":"EntryPoint","urlTemplate":"https:\/\/divorcebettertexas.com\/?s={search_term_string}"},"query-input":{"@type":"PropertyValueSpecification","valueRequired":true,"valueName":"search_term_string"}}],"inLanguage":"es-ES"},{"@type":"Organization","@id":"https:\/\/divorcebettertexas.com\/#organization","name":"Divorcio Econ\u00f3mico Texas","url":"https:\/\/divorcebettertexas.com\/","logo":{"@type":"ImageObject","inLanguage":"es-ES","@id":"https:\/\/divorcebettertexas.com\/#\/schema\/logo\/image\/","url":"https:\/\/divorcebettertexas.com\/wp-content\/uploads\/2020\/08\/logo-80h.png","contentUrl":"https:\/\/divorcebettertexas.com\/wp-content\/uploads\/2020\/08\/logo-80h.png","width":210,"height":80,"caption":"Divorce Better"},"image":{"@id":"https:\/\/divorcebettertexas.com\/#\/schema\/logo\/image\/"}}]}},"_links":{"self":[{"href":"https:\/\/divorcebettertexas.com\/es\/wp-json\/wp\/v2\/pages\/108","targetHints":{"allow":["GET"]}}],"collection":[{"href":"https:\/\/divorcebettertexas.com\/es\/wp-json\/wp\/v2\/pages"}],"about":[{"href":"https:\/\/divorcebettertexas.com\/es\/wp-json\/wp\/v2\/types\/page"}],"author":[{"embeddable":true,"href":"https:\/\/divorcebettertexas.com\/es\/wp-json\/wp\/v2\/users\/1"}],"replies":[{"embeddable":true,"href":"https:\/\/divorcebettertexas.com\/es\/wp-json\/wp\/v2\/comments?post=108"}],"version-history":[{"count":11,"href":"https:\/\/divorcebettertexas.com\/es\/wp-json\/wp\/v2\/pages\/108\/revisions"}],"predecessor-version":[{"id":1117,"href":"https:\/\/divorcebettertexas.com\/es\/wp-json\/wp\/v2\/pages\/108\/revisions\/1117"}],"up":[{"embeddable":true,"href":"https:\/\/divorcebettertexas.com\/es\/wp-json\/wp\/v2\/pages\/96"}],"wp:attachment":[{"href":"https:\/\/divorcebettertexas.com\/es\/wp-json\/wp\/v2\/media?parent=108"}],"curies":[{"name":"wp","href":"https:\/\/api.w.org\/{rel}","templated":true}]}}