{"id":106,"date":"2020-08-22T18:18:11","date_gmt":"2020-08-23T00:18:11","guid":{"rendered":"http:\/\/divorcebettertexas.com\/?page_id=106"},"modified":"2022-01-06T21:32:11","modified_gmt":"2022-01-07T03:32:11","slug":"property-division","status":"publish","type":"page","link":"https:\/\/divorcebettertexas.com\/es\/what-we-do\/divorce-legal-services\/property-division\/","title":{"rendered":"Divisi\u00f3n de Bienes"},"content":{"rendered":"<p>Texas es un estado de bienes gananciales. \u00bfQu\u00e9 significa esto? Todos los activos y pasivos (como las deudas) se clasifican como bienes separados o bienes gananciales. En t\u00e9rminos generales, los bienes adquiridos antes del matrimonio o los bienes recibidos como regalo durante el matrimonio se consideran bienes separados, y los bienes adquiridos durante el matrimonio pertenecen a la comunidad o, en otras palabras, son propiedad de ambos c\u00f3nyuges, por igual. A decir verdad, probablemente pocas parejas reflexionen mucho sobre el significado legal de esto antes e incluso durante su matrimonio.<\/p>\n<p><img decoding=\"async\" class=\"alignleft size-full\" src=\"https:\/\/divorcebettertexas.com\/wp-content\/uploads\/2020\/10\/anne-garcia-grid-10-300x200.jpg\" alt=\"\" \/>Sin embargo, en el divorcio el concepto de bienes gananciales puede pasar de lo abstracto a sentimientos muy reales de miedo e inseguridad. Es posible que le preocupe una divisi\u00f3n realmente equitativa o igualitaria de los bienes o la disposici\u00f3n de un activo espec\u00edfico.<\/p>\n<p>Cuando se trata de la divisi\u00f3n de los bienes, la primera prioridad debe ser preservar su patrimonio. El enfoque convencional para el divorcio implica la contrataci\u00f3n de dos abogados en un promedio de $300 por hora, que son incentivados financieramente para una batalla prolongada, a menudo dejando a las familias decenas de miles - si no cientos de miles - de d\u00f3lares m\u00e1s pobres.<\/p>\n<p>Divorcio Econ\u00f3mico Texas ofrece una manera verdaderamente asequible de pasar a trav\u00e9s del divorcio, a partir de una consulta gratuita de una hora, y una sola vez, la estructura de tarifa plana.<\/p>\n<p>Los bienes conyugales pueden incluir una amplia gama de activos, y mientras que la distinci\u00f3n entre los bienes separados y los bienes gananciales puede parecer sencillo, se complica muy r\u00e1pidamente. A continuaci\u00f3n, se muestra una lista de los tipos de bienes que pueden necesitar ser tratados en un divorcio.<\/p>\n<ul>\n<li>Vivienda<\/li>\n<li>Bienes en el Estado y fuera del Estado<\/li>\n<li>Salarios<\/li>\n<li>Beneficios de empleo<\/li>\n<li>Beneficios de la Seguridad Social<\/li>\n<li>Military Pension &amp; Benefits<\/li>\n<li>Ahorro para la jubilaci\u00f3n<\/li>\n<li>Fondo de educaci\u00f3n<\/li>\n<li>Acciones<\/li>\n<li>Opciones sobre acciones<\/li>\n<li>Fideicomisos<\/li>\n<li>Empresas<\/li>\n<li>Cuentas bancarias<\/li>\n<li>Seguros<\/li>\n<li>Intereses minerales<\/li>\n<li>Propiedad intelectual<\/li>\n<li>Ganancias de loter\u00eda<\/li>\n<li>Donaciones entre c\u00f3nyuges<\/li>\n<li>Otras donaciones<\/li>\n<li>Ganancias de los hijos<\/li>\n<li>Recuperaciones de demandas y da\u00f1os y perjuicios<\/li>\n<li>Prestaciones por incapacidad<\/li>\n<li>Beneficios de compensaci\u00f3n a los trabajadores<\/li>\n<li>Mascotas<\/li>\n<\/ul>\n<p>Una mejor manera de divorciarse y de pasar por ello.<\/p>","protected":false},"excerpt":{"rendered":"<p>Texas is a community property state. What does this mean? All assets and liabilities (like debts) are classified as either separate property or community property. Very generally speaking, property acquired before marriage or property received&#8230;<\/p>\n<div class=\"button-div\"><a href=\"https:\/\/divorcebettertexas.com\/es\/what-we-do\/divorce-legal-services\/property-division\/\" class=\"button-read\">Leer m\u00e1s<\/a><\/div>","protected":false},"author":1,"featured_media":764,"parent":96,"menu_order":5,"comment_status":"closed","ping_status":"closed","template":"page-template\/full-width-5.php","meta":{"footnotes":""},"class_list":["post-106","page","type-page","status-publish","has-post-thumbnail","hentry"],"yoast_head":"<!-- This site is optimized with the Yoast SEO plugin v26.6 - https:\/\/yoast.com\/wordpress\/plugins\/seo\/ -->\n<title>Property Division - Affordable divorce in Houston, TX<\/title>\n<meta name=\"description\" content=\"Property Division - Affordable divorce in Houston, TX - value divorce lawyer - uncontested divorce Houston - family mediation Houston.\" \/>\n<meta name=\"robots\" content=\"index, follow, max-snippet:-1, max-image-preview:large, max-video-preview:-1\" \/>\n<link rel=\"canonical\" href=\"https:\/\/divorcebettertexas.com\/es\/what-we-do\/divorce-legal-services\/property-division\/\" \/>\n<meta property=\"og:locale\" content=\"es_ES\" \/>\n<meta property=\"og:type\" content=\"article\" \/>\n<meta property=\"og:title\" content=\"Property Division - Affordable divorce in Houston, TX\" \/>\n<meta property=\"og:description\" content=\"Property Division - Affordable divorce in Houston, TX - value divorce lawyer - uncontested divorce Houston - family mediation Houston.\" \/>\n<meta property=\"og:url\" content=\"https:\/\/divorcebettertexas.com\/es\/what-we-do\/divorce-legal-services\/property-division\/\" \/>\n<meta property=\"og:site_name\" content=\"Divorce Better\" \/>\n<meta property=\"article:modified_time\" content=\"2022-01-07T03:32:11+00:00\" \/>\n<meta property=\"og:image\" content=\"https:\/\/divorcebettertexas.com\/wp-content\/uploads\/2021\/03\/property-division-3.jpg\" \/>\n\t<meta property=\"og:image:width\" content=\"800\" \/>\n\t<meta property=\"og:image:height\" content=\"533\" \/>\n\t<meta property=\"og:image:type\" content=\"image\/jpeg\" \/>\n<meta name=\"twitter:card\" content=\"summary_large_image\" \/>\n<meta name=\"twitter:title\" content=\"Property Division - Affordable divorce in Houston, TX\" \/>\n<meta name=\"twitter:description\" content=\"Property Division - Affordable divorce in Houston, TX - value divorce lawyer - uncontested divorce Houston - family mediation Houston.\" \/>\n<meta name=\"twitter:label1\" content=\"Est. reading time\" \/>\n\t<meta name=\"twitter:data1\" content=\"2 minutes\" \/>\n<script type=\"application\/ld+json\" class=\"yoast-schema-graph\">{\"@context\":\"https:\/\/schema.org\",\"@graph\":[{\"@type\":\"WebPage\",\"@id\":\"https:\/\/divorcebettertexas.com\/what-we-do\/divorce-legal-services\/property-division\/\",\"url\":\"https:\/\/divorcebettertexas.com\/what-we-do\/divorce-legal-services\/property-division\/\",\"name\":\"Property Division - Affordable divorce in Houston, TX\",\"isPartOf\":{\"@id\":\"https:\/\/divorcebettertexas.com\/#website\"},\"primaryImageOfPage\":{\"@id\":\"https:\/\/divorcebettertexas.com\/what-we-do\/divorce-legal-services\/property-division\/#primaryimage\"},\"image\":{\"@id\":\"https:\/\/divorcebettertexas.com\/what-we-do\/divorce-legal-services\/property-division\/#primaryimage\"},\"thumbnailUrl\":\"https:\/\/divorcebettertexas.com\/wp-content\/uploads\/2021\/03\/property-division-3.jpg\",\"description\":\"Property Division - Affordable divorce in Houston, TX - value divorce lawyer - uncontested divorce Houston - family mediation Houston.\",\"breadcrumb\":{\"@id\":\"https:\/\/divorcebettertexas.com\/what-we-do\/divorce-legal-services\/property-division\/#breadcrumb\"},\"inLanguage\":\"es-ES\",\"potentialAction\":[{\"@type\":\"ReadAction\",\"target\":[\"https:\/\/divorcebettertexas.com\/what-we-do\/divorce-legal-services\/property-division\/\"]}]},{\"@type\":\"ImageObject\",\"inLanguage\":\"es-ES\",\"@id\":\"https:\/\/divorcebettertexas.com\/what-we-do\/divorce-legal-services\/property-division\/#primaryimage\",\"url\":\"https:\/\/divorcebettertexas.com\/wp-content\/uploads\/2021\/03\/property-division-3.jpg\",\"contentUrl\":\"https:\/\/divorcebettertexas.com\/wp-content\/uploads\/2021\/03\/property-division-3.jpg\",\"width\":800,\"height\":533,\"caption\":\"Property Division\"},{\"@type\":\"BreadcrumbList\",\"@id\":\"https:\/\/divorcebettertexas.com\/what-we-do\/divorce-legal-services\/property-division\/#breadcrumb\",\"itemListElement\":[{\"@type\":\"ListItem\",\"position\":1,\"name\":\"Home\",\"item\":\"https:\/\/divorcebettertexas.com\/\"},{\"@type\":\"ListItem\",\"position\":2,\"name\":\"What We Do\",\"item\":\"https:\/\/divorcebettertexas.com\/what-we-do\/\"},{\"@type\":\"ListItem\",\"position\":3,\"name\":\"Divorce Legal Services\",\"item\":\"https:\/\/divorcebettertexas.com\/what-we-do\/divorce-legal-services\/\"},{\"@type\":\"ListItem\",\"position\":4,\"name\":\"Property Division\"}]},{\"@type\":\"WebSite\",\"@id\":\"https:\/\/divorcebettertexas.com\/#website\",\"url\":\"https:\/\/divorcebettertexas.com\/\",\"name\":\"Divorce Better\",\"description\":\"\",\"publisher\":{\"@id\":\"https:\/\/divorcebettertexas.com\/#organization\"},\"potentialAction\":[{\"@type\":\"SearchAction\",\"target\":{\"@type\":\"EntryPoint\",\"urlTemplate\":\"https:\/\/divorcebettertexas.com\/?s={search_term_string}\"},\"query-input\":{\"@type\":\"PropertyValueSpecification\",\"valueRequired\":true,\"valueName\":\"search_term_string\"}}],\"inLanguage\":\"es-ES\"},{\"@type\":\"Organization\",\"@id\":\"https:\/\/divorcebettertexas.com\/#organization\",\"name\":\"Divorce Better\",\"url\":\"https:\/\/divorcebettertexas.com\/\",\"logo\":{\"@type\":\"ImageObject\",\"inLanguage\":\"es-ES\",\"@id\":\"https:\/\/divorcebettertexas.com\/#\/schema\/logo\/image\/\",\"url\":\"https:\/\/divorcebettertexas.com\/wp-content\/uploads\/2020\/08\/logo-80h.png\",\"contentUrl\":\"https:\/\/divorcebettertexas.com\/wp-content\/uploads\/2020\/08\/logo-80h.png\",\"width\":210,\"height\":80,\"caption\":\"Divorce Better\"},\"image\":{\"@id\":\"https:\/\/divorcebettertexas.com\/#\/schema\/logo\/image\/\"}}]}<\/script>\n<!-- \/ Yoast SEO plugin. -->","yoast_head_json":{"title":"Property Division - Affordable divorce in Houston, TX","description":"Property Division - Affordable divorce in Houston, TX - value divorce lawyer - uncontested divorce Houston - family mediation Houston.","robots":{"index":"index","follow":"follow","max-snippet":"max-snippet:-1","max-image-preview":"max-image-preview:large","max-video-preview":"max-video-preview:-1"},"canonical":"https:\/\/divorcebettertexas.com\/es\/what-we-do\/divorce-legal-services\/property-division\/","og_locale":"es_ES","og_type":"article","og_title":"Property Division - Affordable divorce in Houston, TX","og_description":"Property Division - Affordable divorce in Houston, TX - value divorce lawyer - uncontested divorce Houston - family mediation Houston.","og_url":"https:\/\/divorcebettertexas.com\/es\/what-we-do\/divorce-legal-services\/property-division\/","og_site_name":"Divorce Better","article_modified_time":"2022-01-07T03:32:11+00:00","og_image":[{"width":800,"height":533,"url":"https:\/\/divorcebettertexas.com\/wp-content\/uploads\/2021\/03\/property-division-3.jpg","type":"image\/jpeg"}],"twitter_card":"summary_large_image","twitter_title":"Property Division - Affordable divorce in Houston, TX","twitter_description":"Property Division - Affordable divorce in Houston, TX - value divorce lawyer - uncontested divorce Houston - family mediation Houston.","twitter_misc":{"Est. reading time":"2 minutes"},"schema":{"@context":"https:\/\/schema.org","@graph":[{"@type":"WebPage","@id":"https:\/\/divorcebettertexas.com\/what-we-do\/divorce-legal-services\/property-division\/","url":"https:\/\/divorcebettertexas.com\/what-we-do\/divorce-legal-services\/property-division\/","name":"Property Division - Affordable divorce in Houston, TX","isPartOf":{"@id":"https:\/\/divorcebettertexas.com\/#website"},"primaryImageOfPage":{"@id":"https:\/\/divorcebettertexas.com\/what-we-do\/divorce-legal-services\/property-division\/#primaryimage"},"image":{"@id":"https:\/\/divorcebettertexas.com\/what-we-do\/divorce-legal-services\/property-division\/#primaryimage"},"thumbnailUrl":"https:\/\/divorcebettertexas.com\/wp-content\/uploads\/2021\/03\/property-division-3.jpg","description":"Property Division - Affordable divorce in Houston, TX - value divorce lawyer - uncontested divorce Houston - family mediation Houston.","breadcrumb":{"@id":"https:\/\/divorcebettertexas.com\/what-we-do\/divorce-legal-services\/property-division\/#breadcrumb"},"inLanguage":"es-ES","potentialAction":[{"@type":"ReadAction","target":["https:\/\/divorcebettertexas.com\/what-we-do\/divorce-legal-services\/property-division\/"]}]},{"@type":"ImageObject","inLanguage":"es-ES","@id":"https:\/\/divorcebettertexas.com\/what-we-do\/divorce-legal-services\/property-division\/#primaryimage","url":"https:\/\/divorcebettertexas.com\/wp-content\/uploads\/2021\/03\/property-division-3.jpg","contentUrl":"https:\/\/divorcebettertexas.com\/wp-content\/uploads\/2021\/03\/property-division-3.jpg","width":800,"height":533,"caption":"Property Division"},{"@type":"BreadcrumbList","@id":"https:\/\/divorcebettertexas.com\/what-we-do\/divorce-legal-services\/property-division\/#breadcrumb","itemListElement":[{"@type":"ListItem","position":1,"name":"Home","item":"https:\/\/divorcebettertexas.com\/"},{"@type":"ListItem","position":2,"name":"What We Do","item":"https:\/\/divorcebettertexas.com\/what-we-do\/"},{"@type":"ListItem","position":3,"name":"Divorce Legal Services","item":"https:\/\/divorcebettertexas.com\/what-we-do\/divorce-legal-services\/"},{"@type":"ListItem","position":4,"name":"Property Division"}]},{"@type":"WebSite","@id":"https:\/\/divorcebettertexas.com\/#website","url":"https:\/\/divorcebettertexas.com\/","name":"Divorcio Econ\u00f3mico Texas","description":"","publisher":{"@id":"https:\/\/divorcebettertexas.com\/#organization"},"potentialAction":[{"@type":"SearchAction","target":{"@type":"EntryPoint","urlTemplate":"https:\/\/divorcebettertexas.com\/?s={search_term_string}"},"query-input":{"@type":"PropertyValueSpecification","valueRequired":true,"valueName":"search_term_string"}}],"inLanguage":"es-ES"},{"@type":"Organization","@id":"https:\/\/divorcebettertexas.com\/#organization","name":"Divorcio Econ\u00f3mico Texas","url":"https:\/\/divorcebettertexas.com\/","logo":{"@type":"ImageObject","inLanguage":"es-ES","@id":"https:\/\/divorcebettertexas.com\/#\/schema\/logo\/image\/","url":"https:\/\/divorcebettertexas.com\/wp-content\/uploads\/2020\/08\/logo-80h.png","contentUrl":"https:\/\/divorcebettertexas.com\/wp-content\/uploads\/2020\/08\/logo-80h.png","width":210,"height":80,"caption":"Divorce Better"},"image":{"@id":"https:\/\/divorcebettertexas.com\/#\/schema\/logo\/image\/"}}]}},"_links":{"self":[{"href":"https:\/\/divorcebettertexas.com\/es\/wp-json\/wp\/v2\/pages\/106","targetHints":{"allow":["GET"]}}],"collection":[{"href":"https:\/\/divorcebettertexas.com\/es\/wp-json\/wp\/v2\/pages"}],"about":[{"href":"https:\/\/divorcebettertexas.com\/es\/wp-json\/wp\/v2\/types\/page"}],"author":[{"embeddable":true,"href":"https:\/\/divorcebettertexas.com\/es\/wp-json\/wp\/v2\/users\/1"}],"replies":[{"embeddable":true,"href":"https:\/\/divorcebettertexas.com\/es\/wp-json\/wp\/v2\/comments?post=106"}],"version-history":[{"count":14,"href":"https:\/\/divorcebettertexas.com\/es\/wp-json\/wp\/v2\/pages\/106\/revisions"}],"predecessor-version":[{"id":1116,"href":"https:\/\/divorcebettertexas.com\/es\/wp-json\/wp\/v2\/pages\/106\/revisions\/1116"}],"up":[{"embeddable":true,"href":"https:\/\/divorcebettertexas.com\/es\/wp-json\/wp\/v2\/pages\/96"}],"wp:featuredmedia":[{"embeddable":true,"href":"https:\/\/divorcebettertexas.com\/es\/wp-json\/wp\/v2\/media\/764"}],"wp:attachment":[{"href":"https:\/\/divorcebettertexas.com\/es\/wp-json\/wp\/v2\/media?parent=106"}],"curies":[{"name":"wp","href":"https:\/\/api.w.org\/{rel}","templated":true}]}}