{"id":104,"date":"2020-08-22T18:17:57","date_gmt":"2020-08-23T00:17:57","guid":{"rendered":"http:\/\/divorcebettertexas.com\/?page_id=104"},"modified":"2022-01-06T21:29:18","modified_gmt":"2022-01-07T03:29:18","slug":"child-support","status":"publish","type":"page","link":"https:\/\/divorcebettertexas.com\/es\/what-we-do\/divorce-legal-services\/child-support\/","title":{"rendered":"Ayuda a los Ni\u00f1os"},"content":{"rendered":"<p>Se habla mucho de dar prioridad a los ni\u00f1os en un divorcio, pero la verdad es que el paradigma actual del divorcio no pone realmente en primer lugar las necesidades y los deseos de los ni\u00f1os. Las personas que est\u00e1n en mejor posici\u00f3n para determinar cu\u00e1l es realmente el inter\u00e9s superior de sus hijos ceden el control a dos equipos de abogados especializados en divorcios cuyos intereses econ\u00f3micos est\u00e1n ligados al conflicto. En \u00faltima instancia, las familias dependen de los jueces para decidir qu\u00e9 es lo mejor para sus hijos, un completo desconocido para el que, en el mejor de los casos, es imposible conocer todos los detalles de su familia y que puede no evaluar con precisi\u00f3n las necesidades de sus hijos o su capacidad para mantenerlos.<\/p>\n<p>Tenga en cuenta que <a href=\"http:\/\/marripedia.org\/effects.of.divorce.on.financial.stability\" target=\"_blank\" rel=\"noopener noreferrer\">el 50% de las familias se encuentran en situaci\u00f3n de pobreza tras el divorcio<\/a>. Mientras que algo de esto puede ser inevitable, la verdad es que no ayuda pagar dos abogados de sus activos por $600 la hora para luchar.<\/p>\n<p><img decoding=\"async\" class=\"alignleft size-full\" src=\"https:\/\/divorcebettertexas.com\/wp-content\/uploads\/2020\/10\/child-support-2-300x222.jpg\" alt=\"\" \/>Cada aspecto de nuestro proceso responde a las necesidades de su familia, desde nuestra estructura de compensaci\u00f3n de tarifa plana, a nuestro proceso de mediaci\u00f3n que maximiza la eficiencia en el trabajo con ambos socios, a nuestro enfoque de lluvia de ideas creativa y resoluci\u00f3n de problemas.<\/p>\n<p>Trabajamos para asegurar que las familias est\u00e9n en la mejor posici\u00f3n posible para tener \u00e9xito en el siguiente cap\u00edtulo de su historia, y por encima de todo asegurar que los ni\u00f1os son la m\u00e1xima prioridad y satisfacer sus necesidades en primer lugar, seguido por las necesidades y luego los deseos de cada socio.<\/p>\n<p>Una mejor manera de divorciarse y de pasar por ello.<\/p>","protected":false},"excerpt":{"rendered":"<p>Much lip service is paid to prioritizing children in a divorce, but the truth is that the current paradigm for divorce does not truly put the needs and desires of children first. The people in&#8230;<\/p>\n<div class=\"button-div\"><a href=\"https:\/\/divorcebettertexas.com\/es\/what-we-do\/divorce-legal-services\/child-support\/\" class=\"button-read\">Leer m\u00e1s<\/a><\/div>","protected":false},"author":1,"featured_media":515,"parent":96,"menu_order":4,"comment_status":"closed","ping_status":"closed","template":"page-template\/full-width-5.php","meta":{"footnotes":""},"class_list":["post-104","page","type-page","status-publish","has-post-thumbnail","hentry"],"yoast_head":"<!-- This site is optimized with the Yoast SEO plugin v26.6 - https:\/\/yoast.com\/wordpress\/plugins\/seo\/ -->\n<title>Child Support - Affordable divorce in Houston, TX - Value divorce lawyer<\/title>\n<meta name=\"description\" content=\"Child Support - Affordable divorce in Houston, TX - value divorce lawyer - uncontested divorce Houston - family mediation Houston.\" \/>\n<meta name=\"robots\" content=\"index, follow, max-snippet:-1, max-image-preview:large, max-video-preview:-1\" \/>\n<link rel=\"canonical\" href=\"https:\/\/divorcebettertexas.com\/es\/what-we-do\/divorce-legal-services\/child-support\/\" \/>\n<meta property=\"og:locale\" content=\"es_ES\" \/>\n<meta property=\"og:type\" content=\"article\" \/>\n<meta property=\"og:title\" content=\"Child Support - Affordable divorce in Houston, TX - Value divorce lawyer\" \/>\n<meta property=\"og:description\" content=\"Child Support - Affordable divorce in Houston, TX - value divorce lawyer - uncontested divorce Houston - family mediation Houston.\" \/>\n<meta property=\"og:url\" content=\"https:\/\/divorcebettertexas.com\/es\/what-we-do\/divorce-legal-services\/child-support\/\" \/>\n<meta property=\"og:site_name\" content=\"Divorce Better\" \/>\n<meta property=\"article:modified_time\" content=\"2022-01-07T03:29:18+00:00\" \/>\n<meta property=\"og:image\" content=\"https:\/\/divorcebettertexas.com\/wp-content\/uploads\/2020\/10\/debt-division-1.jpg\" \/>\n\t<meta property=\"og:image:width\" content=\"800\" \/>\n\t<meta property=\"og:image:height\" content=\"533\" \/>\n\t<meta property=\"og:image:type\" content=\"image\/jpeg\" \/>\n<meta name=\"twitter:card\" content=\"summary_large_image\" \/>\n<meta name=\"twitter:label1\" content=\"Est. reading time\" \/>\n\t<meta name=\"twitter:data1\" content=\"1 minute\" \/>\n<script type=\"application\/ld+json\" class=\"yoast-schema-graph\">{\"@context\":\"https:\/\/schema.org\",\"@graph\":[{\"@type\":\"WebPage\",\"@id\":\"https:\/\/divorcebettertexas.com\/what-we-do\/divorce-legal-services\/child-support\/\",\"url\":\"https:\/\/divorcebettertexas.com\/what-we-do\/divorce-legal-services\/child-support\/\",\"name\":\"Child Support - Affordable divorce in Houston, TX - Value divorce lawyer\",\"isPartOf\":{\"@id\":\"https:\/\/divorcebettertexas.com\/#website\"},\"primaryImageOfPage\":{\"@id\":\"https:\/\/divorcebettertexas.com\/what-we-do\/divorce-legal-services\/child-support\/#primaryimage\"},\"image\":{\"@id\":\"https:\/\/divorcebettertexas.com\/what-we-do\/divorce-legal-services\/child-support\/#primaryimage\"},\"thumbnailUrl\":\"https:\/\/divorcebettertexas.com\/wp-content\/uploads\/2020\/10\/debt-division-1.jpg\",\"description\":\"Child Support - Affordable divorce in Houston, TX - value divorce lawyer - uncontested divorce Houston - family mediation Houston.\",\"breadcrumb\":{\"@id\":\"https:\/\/divorcebettertexas.com\/what-we-do\/divorce-legal-services\/child-support\/#breadcrumb\"},\"inLanguage\":\"es-ES\",\"potentialAction\":[{\"@type\":\"ReadAction\",\"target\":[\"https:\/\/divorcebettertexas.com\/what-we-do\/divorce-legal-services\/child-support\/\"]}]},{\"@type\":\"ImageObject\",\"inLanguage\":\"es-ES\",\"@id\":\"https:\/\/divorcebettertexas.com\/what-we-do\/divorce-legal-services\/child-support\/#primaryimage\",\"url\":\"https:\/\/divorcebettertexas.com\/wp-content\/uploads\/2020\/10\/debt-division-1.jpg\",\"contentUrl\":\"https:\/\/divorcebettertexas.com\/wp-content\/uploads\/2020\/10\/debt-division-1.jpg\",\"width\":800,\"height\":533,\"caption\":\"Child Support\"},{\"@type\":\"BreadcrumbList\",\"@id\":\"https:\/\/divorcebettertexas.com\/what-we-do\/divorce-legal-services\/child-support\/#breadcrumb\",\"itemListElement\":[{\"@type\":\"ListItem\",\"position\":1,\"name\":\"Home\",\"item\":\"https:\/\/divorcebettertexas.com\/\"},{\"@type\":\"ListItem\",\"position\":2,\"name\":\"What We Do\",\"item\":\"https:\/\/divorcebettertexas.com\/what-we-do\/\"},{\"@type\":\"ListItem\",\"position\":3,\"name\":\"Divorce Legal Services\",\"item\":\"https:\/\/divorcebettertexas.com\/what-we-do\/divorce-legal-services\/\"},{\"@type\":\"ListItem\",\"position\":4,\"name\":\"Child Support\"}]},{\"@type\":\"WebSite\",\"@id\":\"https:\/\/divorcebettertexas.com\/#website\",\"url\":\"https:\/\/divorcebettertexas.com\/\",\"name\":\"Divorce Better\",\"description\":\"\",\"publisher\":{\"@id\":\"https:\/\/divorcebettertexas.com\/#organization\"},\"potentialAction\":[{\"@type\":\"SearchAction\",\"target\":{\"@type\":\"EntryPoint\",\"urlTemplate\":\"https:\/\/divorcebettertexas.com\/?s={search_term_string}\"},\"query-input\":{\"@type\":\"PropertyValueSpecification\",\"valueRequired\":true,\"valueName\":\"search_term_string\"}}],\"inLanguage\":\"es-ES\"},{\"@type\":\"Organization\",\"@id\":\"https:\/\/divorcebettertexas.com\/#organization\",\"name\":\"Divorce Better\",\"url\":\"https:\/\/divorcebettertexas.com\/\",\"logo\":{\"@type\":\"ImageObject\",\"inLanguage\":\"es-ES\",\"@id\":\"https:\/\/divorcebettertexas.com\/#\/schema\/logo\/image\/\",\"url\":\"https:\/\/divorcebettertexas.com\/wp-content\/uploads\/2020\/08\/logo-80h.png\",\"contentUrl\":\"https:\/\/divorcebettertexas.com\/wp-content\/uploads\/2020\/08\/logo-80h.png\",\"width\":210,\"height\":80,\"caption\":\"Divorce Better\"},\"image\":{\"@id\":\"https:\/\/divorcebettertexas.com\/#\/schema\/logo\/image\/\"}}]}<\/script>\n<!-- \/ Yoast SEO plugin. -->","yoast_head_json":{"title":"Child Support - Affordable divorce in Houston, TX - Value divorce lawyer","description":"Child Support - Affordable divorce in Houston, TX - value divorce lawyer - uncontested divorce Houston - family mediation Houston.","robots":{"index":"index","follow":"follow","max-snippet":"max-snippet:-1","max-image-preview":"max-image-preview:large","max-video-preview":"max-video-preview:-1"},"canonical":"https:\/\/divorcebettertexas.com\/es\/what-we-do\/divorce-legal-services\/child-support\/","og_locale":"es_ES","og_type":"article","og_title":"Child Support - Affordable divorce in Houston, TX - Value divorce lawyer","og_description":"Child Support - Affordable divorce in Houston, TX - value divorce lawyer - uncontested divorce Houston - family mediation Houston.","og_url":"https:\/\/divorcebettertexas.com\/es\/what-we-do\/divorce-legal-services\/child-support\/","og_site_name":"Divorce Better","article_modified_time":"2022-01-07T03:29:18+00:00","og_image":[{"width":800,"height":533,"url":"https:\/\/divorcebettertexas.com\/wp-content\/uploads\/2020\/10\/debt-division-1.jpg","type":"image\/jpeg"}],"twitter_card":"summary_large_image","twitter_misc":{"Est. reading time":"1 minute"},"schema":{"@context":"https:\/\/schema.org","@graph":[{"@type":"WebPage","@id":"https:\/\/divorcebettertexas.com\/what-we-do\/divorce-legal-services\/child-support\/","url":"https:\/\/divorcebettertexas.com\/what-we-do\/divorce-legal-services\/child-support\/","name":"Child Support - Affordable divorce in Houston, TX - Value divorce lawyer","isPartOf":{"@id":"https:\/\/divorcebettertexas.com\/#website"},"primaryImageOfPage":{"@id":"https:\/\/divorcebettertexas.com\/what-we-do\/divorce-legal-services\/child-support\/#primaryimage"},"image":{"@id":"https:\/\/divorcebettertexas.com\/what-we-do\/divorce-legal-services\/child-support\/#primaryimage"},"thumbnailUrl":"https:\/\/divorcebettertexas.com\/wp-content\/uploads\/2020\/10\/debt-division-1.jpg","description":"Child Support - Affordable divorce in Houston, TX - value divorce lawyer - uncontested divorce Houston - family mediation Houston.","breadcrumb":{"@id":"https:\/\/divorcebettertexas.com\/what-we-do\/divorce-legal-services\/child-support\/#breadcrumb"},"inLanguage":"es-ES","potentialAction":[{"@type":"ReadAction","target":["https:\/\/divorcebettertexas.com\/what-we-do\/divorce-legal-services\/child-support\/"]}]},{"@type":"ImageObject","inLanguage":"es-ES","@id":"https:\/\/divorcebettertexas.com\/what-we-do\/divorce-legal-services\/child-support\/#primaryimage","url":"https:\/\/divorcebettertexas.com\/wp-content\/uploads\/2020\/10\/debt-division-1.jpg","contentUrl":"https:\/\/divorcebettertexas.com\/wp-content\/uploads\/2020\/10\/debt-division-1.jpg","width":800,"height":533,"caption":"Child Support"},{"@type":"BreadcrumbList","@id":"https:\/\/divorcebettertexas.com\/what-we-do\/divorce-legal-services\/child-support\/#breadcrumb","itemListElement":[{"@type":"ListItem","position":1,"name":"Home","item":"https:\/\/divorcebettertexas.com\/"},{"@type":"ListItem","position":2,"name":"What We Do","item":"https:\/\/divorcebettertexas.com\/what-we-do\/"},{"@type":"ListItem","position":3,"name":"Divorce Legal Services","item":"https:\/\/divorcebettertexas.com\/what-we-do\/divorce-legal-services\/"},{"@type":"ListItem","position":4,"name":"Child Support"}]},{"@type":"WebSite","@id":"https:\/\/divorcebettertexas.com\/#website","url":"https:\/\/divorcebettertexas.com\/","name":"Divorcio Econ\u00f3mico Texas","description":"","publisher":{"@id":"https:\/\/divorcebettertexas.com\/#organization"},"potentialAction":[{"@type":"SearchAction","target":{"@type":"EntryPoint","urlTemplate":"https:\/\/divorcebettertexas.com\/?s={search_term_string}"},"query-input":{"@type":"PropertyValueSpecification","valueRequired":true,"valueName":"search_term_string"}}],"inLanguage":"es-ES"},{"@type":"Organization","@id":"https:\/\/divorcebettertexas.com\/#organization","name":"Divorcio Econ\u00f3mico Texas","url":"https:\/\/divorcebettertexas.com\/","logo":{"@type":"ImageObject","inLanguage":"es-ES","@id":"https:\/\/divorcebettertexas.com\/#\/schema\/logo\/image\/","url":"https:\/\/divorcebettertexas.com\/wp-content\/uploads\/2020\/08\/logo-80h.png","contentUrl":"https:\/\/divorcebettertexas.com\/wp-content\/uploads\/2020\/08\/logo-80h.png","width":210,"height":80,"caption":"Divorce Better"},"image":{"@id":"https:\/\/divorcebettertexas.com\/#\/schema\/logo\/image\/"}}]}},"_links":{"self":[{"href":"https:\/\/divorcebettertexas.com\/es\/wp-json\/wp\/v2\/pages\/104","targetHints":{"allow":["GET"]}}],"collection":[{"href":"https:\/\/divorcebettertexas.com\/es\/wp-json\/wp\/v2\/pages"}],"about":[{"href":"https:\/\/divorcebettertexas.com\/es\/wp-json\/wp\/v2\/types\/page"}],"author":[{"embeddable":true,"href":"https:\/\/divorcebettertexas.com\/es\/wp-json\/wp\/v2\/users\/1"}],"replies":[{"embeddable":true,"href":"https:\/\/divorcebettertexas.com\/es\/wp-json\/wp\/v2\/comments?post=104"}],"version-history":[{"count":13,"href":"https:\/\/divorcebettertexas.com\/es\/wp-json\/wp\/v2\/pages\/104\/revisions"}],"predecessor-version":[{"id":1114,"href":"https:\/\/divorcebettertexas.com\/es\/wp-json\/wp\/v2\/pages\/104\/revisions\/1114"}],"up":[{"embeddable":true,"href":"https:\/\/divorcebettertexas.com\/es\/wp-json\/wp\/v2\/pages\/96"}],"wp:featuredmedia":[{"embeddable":true,"href":"https:\/\/divorcebettertexas.com\/es\/wp-json\/wp\/v2\/media\/515"}],"wp:attachment":[{"href":"https:\/\/divorcebettertexas.com\/es\/wp-json\/wp\/v2\/media?parent=104"}],"curies":[{"name":"wp","href":"https:\/\/api.w.org\/{rel}","templated":true}]}}